{"id":2960,"date":"2020-04-17T11:27:16","date_gmt":"2020-04-17T09:27:16","guid":{"rendered":"http:\/\/wordpress.moeser-maschinenbau.de\/?post_type=product&#038;p=2960"},"modified":"2020-05-08T15:09:23","modified_gmt":"2020-05-08T13:09:23","slug":"schienenzangen-ro-v-216-4","status":"publish","type":"product","link":"https:\/\/moeser-maschinenbau.de\/en\/p\/schienenzangen-ro-v-216-4\/","title":{"rendered":"Ro-V 216.4 semiautomatic rail pliers"},"content":{"rendered":"","protected":false},"excerpt":{"rendered":"<p>Our semi-automatic rail tongs are characterized by a simple<br \/>\noperability, compact design and high working safety. The tongs can be used to lift closely packed rails. No additional personnel is required for lifting. The tongs lock automatically when set down and cannot be opened under load.<br \/>\nZum abnehmen der Zangen von der Schiene wird der Verrieglungsmechanismus au\u00dfer Kraft gesetzt. In diesen Zustand k\u00f6nnen auch keine Schienen angehoben werden. In Verbindung mit der Schienentraverse Ro-V 216 k\u00f6nnen bis zu 5 Schienen gleichzeitig gehoben werden.<\/p>","protected":false},"featured_media":2859,"comment_status":"closed","ping_status":"closed","template":"","meta":[],"product_cat":[70],"product_tag":[],"yoast_head":"<!-- This site is optimized with the Yoast SEO plugin v19.9 - https:\/\/yoast.com\/wordpress\/plugins\/seo\/ -->\n<title>Schienenzangen Ro-V 216.4 - M\u00f6ser Maschinenbau<\/title>\n<meta name=\"robots\" content=\"index, follow, max-snippet:-1, max-image-preview:large, max-video-preview:-1\" \/>\n<link rel=\"canonical\" href=\"https:\/\/moeser-maschinenbau.de\/en\/p\/schienenzangen-ro-v-216-4\/\" \/>\n<meta property=\"og:locale\" content=\"en_US\" \/>\n<meta property=\"og:type\" content=\"article\" \/>\n<meta property=\"og:title\" content=\"Schienenzangen Ro-V 216.4 - M\u00f6ser Maschinenbau\" \/>\n<meta property=\"og:description\" content=\"Unsere halbautomatischen Schienenzangen zeichnen sich durch eine einfache Bedienbarkeit, kompakte Konstruktion und hohe Arbeitssicherheit aus. Mit den Zangen k\u00f6nnen eng gepackte Schienen angehoben werden. Es wird keinzus\u00e4tzliches Personal zum Anheben ben\u00f6tigt. Die Zangen verriegeln sich beim Aufsetzen automatisch und k\u00f6nnen unter Last nicht ge\u00f6ffnet werden. Zum abnehmen der Zangen von der Schiene wird der Verrieglungsmechanismus au\u00dfer Kraft gesetzt. In diesen Zustand k\u00f6nnen auch keine Schienen angehoben werden. In Verbindung mit der Schienentraverse Ro-V 216 k\u00f6nnen bis zu 5 Schienen gleichzeitig gehoben werden.\" \/>\n<meta property=\"og:url\" content=\"https:\/\/moeser-maschinenbau.de\/en\/p\/schienenzangen-ro-v-216-4\/\" \/>\n<meta property=\"og:site_name\" content=\"M\u00f6ser Maschinenbau\" \/>\n<meta property=\"article:modified_time\" content=\"2020-05-08T13:09:23+00:00\" \/>\n<meta property=\"og:image\" content=\"https:\/\/moeser-maschinenbau.de\/wp-content\/uploads\/2020\/02\/IMG_3045.jpg\" \/>\n\t<meta property=\"og:image:width\" content=\"1704\" \/>\n\t<meta property=\"og:image:height\" content=\"2272\" \/>\n\t<meta property=\"og:image:type\" content=\"image\/jpeg\" \/>\n<meta name=\"twitter:card\" content=\"summary_large_image\" \/>\n<script type=\"application\/ld+json\" class=\"yoast-schema-graph\">{\"@context\":\"https:\/\/schema.org\",\"@graph\":[{\"@type\":\"WebPage\",\"@id\":\"https:\/\/moeser-maschinenbau.de\/p\/schienenzangen-ro-v-216-4\/\",\"url\":\"https:\/\/moeser-maschinenbau.de\/p\/schienenzangen-ro-v-216-4\/\",\"name\":\"Schienenzangen Ro-V 216.4 - M\u00f6ser Maschinenbau\",\"isPartOf\":{\"@id\":\"https:\/\/moeser-maschinenbau.de\/#website\"},\"datePublished\":\"2020-04-17T09:27:16+00:00\",\"dateModified\":\"2020-05-08T13:09:23+00:00\",\"breadcrumb\":{\"@id\":\"https:\/\/moeser-maschinenbau.de\/p\/schienenzangen-ro-v-216-4\/#breadcrumb\"},\"inLanguage\":\"en-US\",\"potentialAction\":[{\"@type\":\"ReadAction\",\"target\":[\"https:\/\/moeser-maschinenbau.de\/p\/schienenzangen-ro-v-216-4\/\"]}]},{\"@type\":\"BreadcrumbList\",\"@id\":\"https:\/\/moeser-maschinenbau.de\/p\/schienenzangen-ro-v-216-4\/#breadcrumb\",\"itemListElement\":[{\"@type\":\"ListItem\",\"position\":1,\"name\":\"Startseite\",\"item\":\"https:\/\/moeser-maschinenbau.de\/\"},{\"@type\":\"ListItem\",\"position\":2,\"name\":\"Produkte\",\"item\":\"https:\/\/moeser-maschinenbau.de\/shop\/\"},{\"@type\":\"ListItem\",\"position\":3,\"name\":\"Schienenzangen Ro-V 216.4\"}]},{\"@type\":\"WebSite\",\"@id\":\"https:\/\/moeser-maschinenbau.de\/#website\",\"url\":\"https:\/\/moeser-maschinenbau.de\/\",\"name\":\"M\u00f6ser Maschinenbau\",\"description\":\"\",\"publisher\":{\"@id\":\"https:\/\/moeser-maschinenbau.de\/#organization\"},\"potentialAction\":[{\"@type\":\"SearchAction\",\"target\":{\"@type\":\"EntryPoint\",\"urlTemplate\":\"https:\/\/moeser-maschinenbau.de\/?s={search_term_string}\"},\"query-input\":\"required name=search_term_string\"}],\"inLanguage\":\"en-US\"},{\"@type\":\"Organization\",\"@id\":\"https:\/\/moeser-maschinenbau.de\/#organization\",\"name\":\"M\u00f6ser Maschinenbau\",\"url\":\"https:\/\/moeser-maschinenbau.de\/\",\"logo\":{\"@type\":\"ImageObject\",\"inLanguage\":\"en-US\",\"@id\":\"https:\/\/moeser-maschinenbau.de\/#\/schema\/logo\/image\/\",\"url\":\"https:\/\/moeser-maschinenbau.de\/wp-content\/uploads\/2020\/05\/cropped-moeser-klein2.png\",\"contentUrl\":\"https:\/\/moeser-maschinenbau.de\/wp-content\/uploads\/2020\/05\/cropped-moeser-klein2.png\",\"width\":245,\"height\":91,\"caption\":\"M\u00f6ser Maschinenbau\"},\"image\":{\"@id\":\"https:\/\/moeser-maschinenbau.de\/#\/schema\/logo\/image\/\"}}]}<\/script>\n<!-- \/ Yoast SEO plugin. -->","yoast_head_json":{"title":"Schienenzangen Ro-V 216.4 - M\u00f6ser Maschinenbau","robots":{"index":"index","follow":"follow","max-snippet":"max-snippet:-1","max-image-preview":"max-image-preview:large","max-video-preview":"max-video-preview:-1"},"canonical":"https:\/\/moeser-maschinenbau.de\/en\/p\/schienenzangen-ro-v-216-4\/","og_locale":"en_US","og_type":"article","og_title":"Schienenzangen Ro-V 216.4 - M\u00f6ser Maschinenbau","og_description":"Unsere halbautomatischen Schienenzangen zeichnen sich durch eine einfache Bedienbarkeit, kompakte Konstruktion und hohe Arbeitssicherheit aus. Mit den Zangen k\u00f6nnen eng gepackte Schienen angehoben werden. Es wird keinzus\u00e4tzliches Personal zum Anheben ben\u00f6tigt. Die Zangen verriegeln sich beim Aufsetzen automatisch und k\u00f6nnen unter Last nicht ge\u00f6ffnet werden. Zum abnehmen der Zangen von der Schiene wird der Verrieglungsmechanismus au\u00dfer Kraft gesetzt. In diesen Zustand k\u00f6nnen auch keine Schienen angehoben werden. In Verbindung mit der Schienentraverse Ro-V 216 k\u00f6nnen bis zu 5 Schienen gleichzeitig gehoben werden.","og_url":"https:\/\/moeser-maschinenbau.de\/en\/p\/schienenzangen-ro-v-216-4\/","og_site_name":"M\u00f6ser Maschinenbau","article_modified_time":"2020-05-08T13:09:23+00:00","og_image":[{"width":1704,"height":2272,"url":"https:\/\/moeser-maschinenbau.de\/wp-content\/uploads\/2020\/02\/IMG_3045.jpg","type":"image\/jpeg"}],"twitter_card":"summary_large_image","schema":{"@context":"https:\/\/schema.org","@graph":[{"@type":"WebPage","@id":"https:\/\/moeser-maschinenbau.de\/p\/schienenzangen-ro-v-216-4\/","url":"https:\/\/moeser-maschinenbau.de\/p\/schienenzangen-ro-v-216-4\/","name":"Schienenzangen Ro-V 216.4 - M\u00f6ser Maschinenbau","isPartOf":{"@id":"https:\/\/moeser-maschinenbau.de\/#website"},"datePublished":"2020-04-17T09:27:16+00:00","dateModified":"2020-05-08T13:09:23+00:00","breadcrumb":{"@id":"https:\/\/moeser-maschinenbau.de\/p\/schienenzangen-ro-v-216-4\/#breadcrumb"},"inLanguage":"en-US","potentialAction":[{"@type":"ReadAction","target":["https:\/\/moeser-maschinenbau.de\/p\/schienenzangen-ro-v-216-4\/"]}]},{"@type":"BreadcrumbList","@id":"https:\/\/moeser-maschinenbau.de\/p\/schienenzangen-ro-v-216-4\/#breadcrumb","itemListElement":[{"@type":"ListItem","position":1,"name":"Startseite","item":"https:\/\/moeser-maschinenbau.de\/"},{"@type":"ListItem","position":2,"name":"Produkte","item":"https:\/\/moeser-maschinenbau.de\/shop\/"},{"@type":"ListItem","position":3,"name":"Schienenzangen Ro-V 216.4"}]},{"@type":"WebSite","@id":"https:\/\/moeser-maschinenbau.de\/#website","url":"https:\/\/moeser-maschinenbau.de\/","name":"M\u00f6ser Maschinenbau","description":"","publisher":{"@id":"https:\/\/moeser-maschinenbau.de\/#organization"},"potentialAction":[{"@type":"SearchAction","target":{"@type":"EntryPoint","urlTemplate":"https:\/\/moeser-maschinenbau.de\/?s={search_term_string}"},"query-input":"required name=search_term_string"}],"inLanguage":"en-US"},{"@type":"Organization","@id":"https:\/\/moeser-maschinenbau.de\/#organization","name":"M\u00f6ser Maschinenbau","url":"https:\/\/moeser-maschinenbau.de\/","logo":{"@type":"ImageObject","inLanguage":"en-US","@id":"https:\/\/moeser-maschinenbau.de\/#\/schema\/logo\/image\/","url":"https:\/\/moeser-maschinenbau.de\/wp-content\/uploads\/2020\/05\/cropped-moeser-klein2.png","contentUrl":"https:\/\/moeser-maschinenbau.de\/wp-content\/uploads\/2020\/05\/cropped-moeser-klein2.png","width":245,"height":91,"caption":"M\u00f6ser Maschinenbau"},"image":{"@id":"https:\/\/moeser-maschinenbau.de\/#\/schema\/logo\/image\/"}}]}},"_links":{"self":[{"href":"https:\/\/moeser-maschinenbau.de\/en\/wp-json\/wp\/v2\/product\/2960"}],"collection":[{"href":"https:\/\/moeser-maschinenbau.de\/en\/wp-json\/wp\/v2\/product"}],"about":[{"href":"https:\/\/moeser-maschinenbau.de\/en\/wp-json\/wp\/v2\/types\/product"}],"replies":[{"embeddable":true,"href":"https:\/\/moeser-maschinenbau.de\/en\/wp-json\/wp\/v2\/comments?post=2960"}],"wp:featuredmedia":[{"embeddable":true,"href":"https:\/\/moeser-maschinenbau.de\/en\/wp-json\/wp\/v2\/media\/2859"}],"wp:attachment":[{"href":"https:\/\/moeser-maschinenbau.de\/en\/wp-json\/wp\/v2\/media?parent=2960"}],"wp:term":[{"taxonomy":"product_cat","embeddable":true,"href":"https:\/\/moeser-maschinenbau.de\/en\/wp-json\/wp\/v2\/product_cat?post=2960"},{"taxonomy":"product_tag","embeddable":true,"href":"https:\/\/moeser-maschinenbau.de\/en\/wp-json\/wp\/v2\/product_tag?post=2960"}],"curies":[{"name":"wp","href":"https:\/\/api.w.org\/{rel}","templated":true}]}}