{"id":2962,"date":"2020-04-17T12:21:20","date_gmt":"2020-04-17T10:21:20","guid":{"rendered":"http:\/\/wordpress.moeser-maschinenbau.de\/?post_type=product&#038;p=2962"},"modified":"2020-04-17T13:41:27","modified_gmt":"2020-04-17T11:41:27","slug":"schweissbadsicherungen","status":"publish","type":"product","link":"https:\/\/moeser-maschinenbau.de\/en\/p\/schweissbadsicherungen\/","title":{"rendered":"backings for electrical welding"},"content":{"rendered":"","protected":false},"excerpt":{"rendered":"<div class=\"vc_row section-element\">\n<div class=\"vc_col-sm-8\">\n<div class=\"vc_separator wpb_content_element vc_separator_align_center vc_sep_width_100 vc_sep_pos_align_center vc_sep_color_grey vc_separator-has-text\">\n<h4>S49\/54; UIC60; S33; DS180\/105 Satz<\/h4>\n<\/div>\n<div class=\"wpb_text_column wpb_content_element\">\n<p>consisting of 2 jaws with\nlateral head forming up to rail\nedge, sole plate and gripping spring<\/p>\n<p>&nbsp;<\/p>\n<\/div>\n<\/div>\n<\/div>\n<div class=\"vc_row section-element\">\n<div class=\"vc_col-sm-8\">\n<div class=\"vc_separator wpb_content_element vc_separator_align_center vc_sep_width_100 vc_sep_pos_align_center vc_sep_color_grey vc_separator-has-text\">\n<h4>Ri59\/60 Satz &amp; Ph37 Satz<\/h4>\n<\/div>\n<div class=\"wpb_text_column wpb_content_element\">\n<p>consisting of left and right\njaw, with lateral head forming\nup to rail edge, forming piece\nfor rail groove, sole plate and gripping string<\/p>\n<p>&nbsp;<\/p>\n<\/div>\n<\/div>\n<\/div>\n<div class=\"vc_row section-element\">\n<div class=\"vc_col-sm-8\">\n<div class=\"vc_separator wpb_content_element vc_separator_align_center vc_sep_width_100 vc_sep_pos_align_center vc_sep_color_grey vc_separator-has-text\">\n<h4>Kranschienen A45 \u2013A120<\/h4>\n<\/div>\n<div class=\"wpb_text_column wpb_content_element\">\n<p>consisting of 2 jaws with\nlateral head forming up to rail\nedge, sole plate and gripping spring<\/p>\n<p>&nbsp;<\/p>\n<hr \/>\n<\/div>\n<p><strong>All sets are also available with split side jaws. Special designs can be produced at any time!<\/strong><\/p>\n<\/div>\n<div class=\"vc_row section-element\">\n<div class=\"vc_col-sm-12\">\n<div class=\"wpb_text_column wpb_content_element vc_custom_1580292732012\">\n<p>Furthermore, transition forms are available for the following rail profiles:<\/p>\n<\/div>\n<\/div>\n<\/div>\n<div class=\"vc_row section-element\">\n<div class=\"vc_col-sm-3\">\n<div class=\"wpb_text_column wpb_content_element\">\n<ul>\n<li><strong>Dickstegschiene\/Ri60<\/strong><\/li>\n<li><strong>Ri60\/S49<\/strong><\/li>\n<li><strong>Ph37\/S49<\/strong><\/li>\n<li><strong>Ph37\/UIC60<\/strong><\/li>\n<li><strong>Dickstegschiene\/S49<\/strong><\/li>\n<li><strong>Ri60\/UIC60<\/strong><\/li>\n<\/ul>\n<p>&nbsp;<\/p>\n<\/div>\n<\/div>\n<\/div>\n<div class=\"vc_row section-element\">\n<div class=\"vc_col-sm-12\">\n<div class=\"wpb_text_column wpb_content_element vc_custom_1580292486593\">\n<p>Transition shapes have twice the number of side jaws for left and right joints respectively.<\/p>\n<\/div>\n<\/div>\n<\/div>\n<\/div>","protected":false},"featured_media":2632,"comment_status":"open","ping_status":"closed","template":"","meta":[],"product_cat":[69],"product_tag":[],"yoast_head":"<!-- This site is optimized with the Yoast SEO plugin v19.9 - https:\/\/yoast.com\/wordpress\/plugins\/seo\/ -->\n<title>Schwei\u00dfbadsicherungen - M\u00f6ser Maschinenbau<\/title>\n<meta name=\"robots\" content=\"index, follow, max-snippet:-1, max-image-preview:large, max-video-preview:-1\" \/>\n<link rel=\"canonical\" href=\"https:\/\/moeser-maschinenbau.de\/en\/p\/schweissbadsicherungen\/\" \/>\n<meta property=\"og:locale\" content=\"en_US\" \/>\n<meta property=\"og:type\" content=\"article\" \/>\n<meta property=\"og:title\" content=\"Schwei\u00dfbadsicherungen - M\u00f6ser Maschinenbau\" \/>\n<meta property=\"og:description\" content=\"S49\/54; UIC60; S33; DS180\/105 Satz    Zwei Seitenbacken mit seitlicher Kopfeinformung bis Schienenoberkante sowie Fu\u00dfplatte und Klemmfeder  &nbsp;        Ri59\/60 Satz &amp; Ph37 Satz    Linker und rechter Seitenbacke jeweils mit seitlicher Kopfeinformung bis Schienenoberkante, Formst\u00fcck f\u00fcr Rille sowie Fu\u00dfplatte und Klemmfeder  &nbsp;        Kranschienen A45 \u2013A120    Zwei Seitenbacken mit seitlicher Kopfeinformung bis Schienenoberkante sowie Fu\u00dfplatte und Klemmfeder  &nbsp;     Alle S\u00e4tze sind auch mit geteilten Seitenbacken erh\u00e4ltlich. Sonderanfertigungen k\u00f6nnen jederzeit hergestellt werden!       Weiterhin sind \u00dcbergangsformen zu folgenden Schienenprofilen lieferbar:          Dickstegschiene\/Ri60  Ri60\/S49  Ph37\/S49  Ph37\/UIC60  Dickstegschiene\/S49  Ri60\/UIC60  &nbsp;         \u00dcbergangsformen haben die doppelte Anzahl an Seitenbacken jeweils f\u00fcr linke und rechte St\u00f6\u00dfe.\" \/>\n<meta property=\"og:url\" content=\"https:\/\/moeser-maschinenbau.de\/en\/p\/schweissbadsicherungen\/\" \/>\n<meta property=\"og:site_name\" content=\"M\u00f6ser Maschinenbau\" \/>\n<meta property=\"article:modified_time\" content=\"2020-04-17T11:41:27+00:00\" \/>\n<meta property=\"og:image\" content=\"https:\/\/moeser-maschinenbau.de\/wp-content\/uploads\/2020\/01\/103-0319_IMG.jpg\" \/>\n\t<meta property=\"og:image:width\" content=\"2272\" \/>\n\t<meta property=\"og:image:height\" content=\"1704\" \/>\n\t<meta property=\"og:image:type\" content=\"image\/jpeg\" \/>\n<meta name=\"twitter:card\" content=\"summary_large_image\" \/>\n<script type=\"application\/ld+json\" class=\"yoast-schema-graph\">{\"@context\":\"https:\/\/schema.org\",\"@graph\":[{\"@type\":\"WebPage\",\"@id\":\"https:\/\/moeser-maschinenbau.de\/p\/schweissbadsicherungen\/\",\"url\":\"https:\/\/moeser-maschinenbau.de\/p\/schweissbadsicherungen\/\",\"name\":\"Schwei\u00dfbadsicherungen - M\u00f6ser Maschinenbau\",\"isPartOf\":{\"@id\":\"https:\/\/moeser-maschinenbau.de\/#website\"},\"datePublished\":\"2020-04-17T10:21:20+00:00\",\"dateModified\":\"2020-04-17T11:41:27+00:00\",\"breadcrumb\":{\"@id\":\"https:\/\/moeser-maschinenbau.de\/p\/schweissbadsicherungen\/#breadcrumb\"},\"inLanguage\":\"en-US\",\"potentialAction\":[{\"@type\":\"ReadAction\",\"target\":[\"https:\/\/moeser-maschinenbau.de\/p\/schweissbadsicherungen\/\"]}]},{\"@type\":\"BreadcrumbList\",\"@id\":\"https:\/\/moeser-maschinenbau.de\/p\/schweissbadsicherungen\/#breadcrumb\",\"itemListElement\":[{\"@type\":\"ListItem\",\"position\":1,\"name\":\"Startseite\",\"item\":\"https:\/\/moeser-maschinenbau.de\/\"},{\"@type\":\"ListItem\",\"position\":2,\"name\":\"Produkte\",\"item\":\"https:\/\/moeser-maschinenbau.de\/shop\/\"},{\"@type\":\"ListItem\",\"position\":3,\"name\":\"Schwei\u00dfbadsicherungen\"}]},{\"@type\":\"WebSite\",\"@id\":\"https:\/\/moeser-maschinenbau.de\/#website\",\"url\":\"https:\/\/moeser-maschinenbau.de\/\",\"name\":\"M\u00f6ser Maschinenbau\",\"description\":\"\",\"publisher\":{\"@id\":\"https:\/\/moeser-maschinenbau.de\/#organization\"},\"potentialAction\":[{\"@type\":\"SearchAction\",\"target\":{\"@type\":\"EntryPoint\",\"urlTemplate\":\"https:\/\/moeser-maschinenbau.de\/?s={search_term_string}\"},\"query-input\":\"required name=search_term_string\"}],\"inLanguage\":\"en-US\"},{\"@type\":\"Organization\",\"@id\":\"https:\/\/moeser-maschinenbau.de\/#organization\",\"name\":\"M\u00f6ser Maschinenbau\",\"url\":\"https:\/\/moeser-maschinenbau.de\/\",\"logo\":{\"@type\":\"ImageObject\",\"inLanguage\":\"en-US\",\"@id\":\"https:\/\/moeser-maschinenbau.de\/#\/schema\/logo\/image\/\",\"url\":\"https:\/\/moeser-maschinenbau.de\/wp-content\/uploads\/2020\/05\/cropped-moeser-klein2.png\",\"contentUrl\":\"https:\/\/moeser-maschinenbau.de\/wp-content\/uploads\/2020\/05\/cropped-moeser-klein2.png\",\"width\":245,\"height\":91,\"caption\":\"M\u00f6ser Maschinenbau\"},\"image\":{\"@id\":\"https:\/\/moeser-maschinenbau.de\/#\/schema\/logo\/image\/\"}}]}<\/script>\n<!-- \/ Yoast SEO plugin. -->","yoast_head_json":{"title":"Schwei\u00dfbadsicherungen - M\u00f6ser Maschinenbau","robots":{"index":"index","follow":"follow","max-snippet":"max-snippet:-1","max-image-preview":"max-image-preview:large","max-video-preview":"max-video-preview:-1"},"canonical":"https:\/\/moeser-maschinenbau.de\/en\/p\/schweissbadsicherungen\/","og_locale":"en_US","og_type":"article","og_title":"Schwei\u00dfbadsicherungen - M\u00f6ser Maschinenbau","og_description":"S49\/54; UIC60; S33; DS180\/105 Satz    Zwei Seitenbacken mit seitlicher Kopfeinformung bis Schienenoberkante sowie Fu\u00dfplatte und Klemmfeder  &nbsp;        Ri59\/60 Satz &amp; Ph37 Satz    Linker und rechter Seitenbacke jeweils mit seitlicher Kopfeinformung bis Schienenoberkante, Formst\u00fcck f\u00fcr Rille sowie Fu\u00dfplatte und Klemmfeder  &nbsp;        Kranschienen A45 \u2013A120    Zwei Seitenbacken mit seitlicher Kopfeinformung bis Schienenoberkante sowie Fu\u00dfplatte und Klemmfeder  &nbsp;     Alle S\u00e4tze sind auch mit geteilten Seitenbacken erh\u00e4ltlich. Sonderanfertigungen k\u00f6nnen jederzeit hergestellt werden!       Weiterhin sind \u00dcbergangsformen zu folgenden Schienenprofilen lieferbar:          Dickstegschiene\/Ri60  Ri60\/S49  Ph37\/S49  Ph37\/UIC60  Dickstegschiene\/S49  Ri60\/UIC60  &nbsp;         \u00dcbergangsformen haben die doppelte Anzahl an Seitenbacken jeweils f\u00fcr linke und rechte St\u00f6\u00dfe.","og_url":"https:\/\/moeser-maschinenbau.de\/en\/p\/schweissbadsicherungen\/","og_site_name":"M\u00f6ser Maschinenbau","article_modified_time":"2020-04-17T11:41:27+00:00","og_image":[{"width":2272,"height":1704,"url":"https:\/\/moeser-maschinenbau.de\/wp-content\/uploads\/2020\/01\/103-0319_IMG.jpg","type":"image\/jpeg"}],"twitter_card":"summary_large_image","schema":{"@context":"https:\/\/schema.org","@graph":[{"@type":"WebPage","@id":"https:\/\/moeser-maschinenbau.de\/p\/schweissbadsicherungen\/","url":"https:\/\/moeser-maschinenbau.de\/p\/schweissbadsicherungen\/","name":"Schwei\u00dfbadsicherungen - M\u00f6ser Maschinenbau","isPartOf":{"@id":"https:\/\/moeser-maschinenbau.de\/#website"},"datePublished":"2020-04-17T10:21:20+00:00","dateModified":"2020-04-17T11:41:27+00:00","breadcrumb":{"@id":"https:\/\/moeser-maschinenbau.de\/p\/schweissbadsicherungen\/#breadcrumb"},"inLanguage":"en-US","potentialAction":[{"@type":"ReadAction","target":["https:\/\/moeser-maschinenbau.de\/p\/schweissbadsicherungen\/"]}]},{"@type":"BreadcrumbList","@id":"https:\/\/moeser-maschinenbau.de\/p\/schweissbadsicherungen\/#breadcrumb","itemListElement":[{"@type":"ListItem","position":1,"name":"Startseite","item":"https:\/\/moeser-maschinenbau.de\/"},{"@type":"ListItem","position":2,"name":"Produkte","item":"https:\/\/moeser-maschinenbau.de\/shop\/"},{"@type":"ListItem","position":3,"name":"Schwei\u00dfbadsicherungen"}]},{"@type":"WebSite","@id":"https:\/\/moeser-maschinenbau.de\/#website","url":"https:\/\/moeser-maschinenbau.de\/","name":"M\u00f6ser Maschinenbau","description":"","publisher":{"@id":"https:\/\/moeser-maschinenbau.de\/#organization"},"potentialAction":[{"@type":"SearchAction","target":{"@type":"EntryPoint","urlTemplate":"https:\/\/moeser-maschinenbau.de\/?s={search_term_string}"},"query-input":"required name=search_term_string"}],"inLanguage":"en-US"},{"@type":"Organization","@id":"https:\/\/moeser-maschinenbau.de\/#organization","name":"M\u00f6ser Maschinenbau","url":"https:\/\/moeser-maschinenbau.de\/","logo":{"@type":"ImageObject","inLanguage":"en-US","@id":"https:\/\/moeser-maschinenbau.de\/#\/schema\/logo\/image\/","url":"https:\/\/moeser-maschinenbau.de\/wp-content\/uploads\/2020\/05\/cropped-moeser-klein2.png","contentUrl":"https:\/\/moeser-maschinenbau.de\/wp-content\/uploads\/2020\/05\/cropped-moeser-klein2.png","width":245,"height":91,"caption":"M\u00f6ser Maschinenbau"},"image":{"@id":"https:\/\/moeser-maschinenbau.de\/#\/schema\/logo\/image\/"}}]}},"_links":{"self":[{"href":"https:\/\/moeser-maschinenbau.de\/en\/wp-json\/wp\/v2\/product\/2962"}],"collection":[{"href":"https:\/\/moeser-maschinenbau.de\/en\/wp-json\/wp\/v2\/product"}],"about":[{"href":"https:\/\/moeser-maschinenbau.de\/en\/wp-json\/wp\/v2\/types\/product"}],"replies":[{"embeddable":true,"href":"https:\/\/moeser-maschinenbau.de\/en\/wp-json\/wp\/v2\/comments?post=2962"}],"wp:featuredmedia":[{"embeddable":true,"href":"https:\/\/moeser-maschinenbau.de\/en\/wp-json\/wp\/v2\/media\/2632"}],"wp:attachment":[{"href":"https:\/\/moeser-maschinenbau.de\/en\/wp-json\/wp\/v2\/media?parent=2962"}],"wp:term":[{"taxonomy":"product_cat","embeddable":true,"href":"https:\/\/moeser-maschinenbau.de\/en\/wp-json\/wp\/v2\/product_cat?post=2962"},{"taxonomy":"product_tag","embeddable":true,"href":"https:\/\/moeser-maschinenbau.de\/en\/wp-json\/wp\/v2\/product_tag?post=2962"}],"curies":[{"name":"wp","href":"https:\/\/api.w.org\/{rel}","templated":true}]}}