{"id":2964,"date":"2020-04-17T12:33:51","date_gmt":"2020-04-17T10:33:51","guid":{"rendered":"http:\/\/wordpress.moeser-maschinenbau.de\/?post_type=product&#038;p=2964"},"modified":"2020-04-17T12:46:06","modified_gmt":"2020-04-17T10:46:06","slug":"schienenwaermgeraet-waermeroehre-ro-v-257","status":"publish","type":"product","link":"https:\/\/moeser-maschinenbau.de\/en\/p\/schienenwaermgeraet-waermeroehre-ro-v-257\/","title":{"rendered":"Ro-V 257 light prewarming trolley"},"content":{"rendered":"","protected":false},"excerpt":{"rendered":"<div class=\"vc_row section-element\">\n<div class=\"vc_col-sm-12\">\n<div class=\"wpb_text_column wpb_content_element\">\n<p>Light and easy to handle rail heating trolley for 33kg propane bottles with 4 box burners. The unit can be dismantled and is easy to transport and store due to its dimensions and weight.<br \/>\nBurner and heat shields are made of stainless steel, the frame construction is hot-dip galvanized.<\/p>\n<\/div>\n<\/div>\n<\/div>\n<div class=\"vc_row section-element\">\n<div class=\"vc_col-sm-6\">\n<div class=\"wpb_text_column wpb_content_element\">\n<p><strong>Technical data:<\/strong><br \/>\n<strong>Dimensions in use:<\/strong><br \/>\nLength x width x height [mm] 2700 x 560 (+1250) x 750<br \/>\n<strong>track gauge:<\/strong>\u00a01435 mm (other possible)<br \/>\n<strong>Weight:<\/strong>\u00a054 kg<br \/>\n<strong>Weight bottle carrier trolley:<\/strong>\u00a029 kg<br \/>\n<strong>Weight of burner head:<\/strong>\u00a022 kg<br \/>\n<strong>Weight of outrigger:<\/strong>\u00a03 kg<br \/>\n<strong>Gas consumption at 1 bar:<\/strong>\u00a016,5kg\/h<br \/>\n<strong>Gas container:<\/strong>\u00a033kg DIN 4661<\/p>\n<p>&nbsp;<\/p>\n<p><strong>Scope of delivery:<\/strong><br \/>\n- 1 bottle carrier trolley with liquid gas system<br \/>\n- 1 burner head with 4 box burners<br \/>\nSupport roller arm for 1435mm track (optionally other track widths)<\/p>\n<\/div>\n<\/div>\n<\/div>","protected":false},"featured_media":2842,"comment_status":"open","ping_status":"closed","template":"","meta":[],"product_cat":[69],"product_tag":[],"yoast_head":"<!-- This site is optimized with the Yoast SEO plugin v19.9 - https:\/\/yoast.com\/wordpress\/plugins\/seo\/ -->\n<title>Schienenw\u00e4rmger\u00e4t \/ W\u00e4rmer\u00f6hre Ro-V 257 - M\u00f6ser Maschinenbau<\/title>\n<meta name=\"robots\" content=\"index, follow, max-snippet:-1, max-image-preview:large, max-video-preview:-1\" \/>\n<link rel=\"canonical\" href=\"https:\/\/moeser-maschinenbau.de\/en\/p\/schienenwaermgeraet-waermeroehre-ro-v-257\/\" \/>\n<meta property=\"og:locale\" content=\"en_US\" \/>\n<meta property=\"og:type\" content=\"article\" \/>\n<meta property=\"og:title\" content=\"Schienenw\u00e4rmger\u00e4t \/ W\u00e4rmer\u00f6hre Ro-V 257 - M\u00f6ser Maschinenbau\" \/>\n<meta property=\"og:description\" content=\"Leichter und leicht zu handhabender Schienenanw\u00e4rmwagen f\u00fcr 33kg- Propanflaschen mit 4 Kastenbrennern. Das Ger\u00e4t ist zerlegbar und aufgrund seiner Abmessungen und Gewichte leicht zu transportieren und zu verstauen. Brenner und Hitzeschilde sind in rostfreiem Stahl ausgef\u00fchrt, die Rahmenkonstruktion ist feuerverzinkt.         Technische Daten Abmessungen im Einsatz: L\u00e4nge x Breite x H\u00f6he [mm] 2700 x 560 (+1250) x 750 Spurweite:\u00a01435 mm (andere m\u00f6glich) Gesamtgewicht:\u00a054 kg Gewicht Flaschentr\u00e4gerwagen:\u00a029 kg Gewicht Brennerkopf:\u00a022 kg Gewicht St\u00fctzausleger:\u00a03 kg Gasverbrauch bei 1 bar:\u00a016,5kg\/h Gasbeh\u00e4lter:\u00a033kg DIN 4661  &nbsp;  Lieferumfang \u2022 1 Flaschentr\u00e4gerwagen mit Fl\u00fcssiggasanlage \u2022 1 Brennerkopfst\u00fcck mit 4 Kastenbrennern St\u00fctzrollenausleger f\u00fcr 1435mm Spur (optional andere Spurweiten)\" \/>\n<meta property=\"og:url\" content=\"https:\/\/moeser-maschinenbau.de\/en\/p\/schienenwaermgeraet-waermeroehre-ro-v-257\/\" \/>\n<meta property=\"og:site_name\" content=\"M\u00f6ser Maschinenbau\" \/>\n<meta property=\"article:modified_time\" content=\"2020-04-17T10:46:06+00:00\" \/>\n<meta property=\"og:image\" content=\"https:\/\/moeser-maschinenbau.de\/wp-content\/uploads\/2020\/02\/10.jpg\" \/>\n\t<meta property=\"og:image:width\" content=\"321\" \/>\n\t<meta property=\"og:image:height\" content=\"149\" \/>\n\t<meta property=\"og:image:type\" content=\"image\/jpeg\" \/>\n<meta name=\"twitter:card\" content=\"summary_large_image\" \/>\n<script type=\"application\/ld+json\" class=\"yoast-schema-graph\">{\"@context\":\"https:\/\/schema.org\",\"@graph\":[{\"@type\":\"WebPage\",\"@id\":\"https:\/\/moeser-maschinenbau.de\/p\/schienenwaermgeraet-waermeroehre-ro-v-257\/\",\"url\":\"https:\/\/moeser-maschinenbau.de\/p\/schienenwaermgeraet-waermeroehre-ro-v-257\/\",\"name\":\"Schienenw\u00e4rmger\u00e4t \/ W\u00e4rmer\u00f6hre Ro-V 257 - M\u00f6ser Maschinenbau\",\"isPartOf\":{\"@id\":\"https:\/\/moeser-maschinenbau.de\/#website\"},\"datePublished\":\"2020-04-17T10:33:51+00:00\",\"dateModified\":\"2020-04-17T10:46:06+00:00\",\"breadcrumb\":{\"@id\":\"https:\/\/moeser-maschinenbau.de\/p\/schienenwaermgeraet-waermeroehre-ro-v-257\/#breadcrumb\"},\"inLanguage\":\"en-US\",\"potentialAction\":[{\"@type\":\"ReadAction\",\"target\":[\"https:\/\/moeser-maschinenbau.de\/p\/schienenwaermgeraet-waermeroehre-ro-v-257\/\"]}]},{\"@type\":\"BreadcrumbList\",\"@id\":\"https:\/\/moeser-maschinenbau.de\/p\/schienenwaermgeraet-waermeroehre-ro-v-257\/#breadcrumb\",\"itemListElement\":[{\"@type\":\"ListItem\",\"position\":1,\"name\":\"Startseite\",\"item\":\"https:\/\/moeser-maschinenbau.de\/\"},{\"@type\":\"ListItem\",\"position\":2,\"name\":\"Produkte\",\"item\":\"https:\/\/moeser-maschinenbau.de\/shop\/\"},{\"@type\":\"ListItem\",\"position\":3,\"name\":\"Schienenw\u00e4rmger\u00e4t \/ W\u00e4rmer\u00f6hre Ro-V 257\"}]},{\"@type\":\"WebSite\",\"@id\":\"https:\/\/moeser-maschinenbau.de\/#website\",\"url\":\"https:\/\/moeser-maschinenbau.de\/\",\"name\":\"M\u00f6ser Maschinenbau\",\"description\":\"\",\"publisher\":{\"@id\":\"https:\/\/moeser-maschinenbau.de\/#organization\"},\"potentialAction\":[{\"@type\":\"SearchAction\",\"target\":{\"@type\":\"EntryPoint\",\"urlTemplate\":\"https:\/\/moeser-maschinenbau.de\/?s={search_term_string}\"},\"query-input\":\"required name=search_term_string\"}],\"inLanguage\":\"en-US\"},{\"@type\":\"Organization\",\"@id\":\"https:\/\/moeser-maschinenbau.de\/#organization\",\"name\":\"M\u00f6ser Maschinenbau\",\"url\":\"https:\/\/moeser-maschinenbau.de\/\",\"logo\":{\"@type\":\"ImageObject\",\"inLanguage\":\"en-US\",\"@id\":\"https:\/\/moeser-maschinenbau.de\/#\/schema\/logo\/image\/\",\"url\":\"https:\/\/moeser-maschinenbau.de\/wp-content\/uploads\/2020\/05\/cropped-moeser-klein2.png\",\"contentUrl\":\"https:\/\/moeser-maschinenbau.de\/wp-content\/uploads\/2020\/05\/cropped-moeser-klein2.png\",\"width\":245,\"height\":91,\"caption\":\"M\u00f6ser Maschinenbau\"},\"image\":{\"@id\":\"https:\/\/moeser-maschinenbau.de\/#\/schema\/logo\/image\/\"}}]}<\/script>\n<!-- \/ Yoast SEO plugin. -->","yoast_head_json":{"title":"Schienenw\u00e4rmger\u00e4t \/ W\u00e4rmer\u00f6hre Ro-V 257 - M\u00f6ser Maschinenbau","robots":{"index":"index","follow":"follow","max-snippet":"max-snippet:-1","max-image-preview":"max-image-preview:large","max-video-preview":"max-video-preview:-1"},"canonical":"https:\/\/moeser-maschinenbau.de\/en\/p\/schienenwaermgeraet-waermeroehre-ro-v-257\/","og_locale":"en_US","og_type":"article","og_title":"Schienenw\u00e4rmger\u00e4t \/ W\u00e4rmer\u00f6hre Ro-V 257 - M\u00f6ser Maschinenbau","og_description":"Leichter und leicht zu handhabender Schienenanw\u00e4rmwagen f\u00fcr 33kg- Propanflaschen mit 4 Kastenbrennern. Das Ger\u00e4t ist zerlegbar und aufgrund seiner Abmessungen und Gewichte leicht zu transportieren und zu verstauen. Brenner und Hitzeschilde sind in rostfreiem Stahl ausgef\u00fchrt, die Rahmenkonstruktion ist feuerverzinkt.         Technische Daten Abmessungen im Einsatz: L\u00e4nge x Breite x H\u00f6he [mm] 2700 x 560 (+1250) x 750 Spurweite:\u00a01435 mm (andere m\u00f6glich) Gesamtgewicht:\u00a054 kg Gewicht Flaschentr\u00e4gerwagen:\u00a029 kg Gewicht Brennerkopf:\u00a022 kg Gewicht St\u00fctzausleger:\u00a03 kg Gasverbrauch bei 1 bar:\u00a016,5kg\/h Gasbeh\u00e4lter:\u00a033kg DIN 4661  &nbsp;  Lieferumfang \u2022 1 Flaschentr\u00e4gerwagen mit Fl\u00fcssiggasanlage \u2022 1 Brennerkopfst\u00fcck mit 4 Kastenbrennern St\u00fctzrollenausleger f\u00fcr 1435mm Spur (optional andere Spurweiten)","og_url":"https:\/\/moeser-maschinenbau.de\/en\/p\/schienenwaermgeraet-waermeroehre-ro-v-257\/","og_site_name":"M\u00f6ser Maschinenbau","article_modified_time":"2020-04-17T10:46:06+00:00","og_image":[{"width":321,"height":149,"url":"https:\/\/moeser-maschinenbau.de\/wp-content\/uploads\/2020\/02\/10.jpg","type":"image\/jpeg"}],"twitter_card":"summary_large_image","schema":{"@context":"https:\/\/schema.org","@graph":[{"@type":"WebPage","@id":"https:\/\/moeser-maschinenbau.de\/p\/schienenwaermgeraet-waermeroehre-ro-v-257\/","url":"https:\/\/moeser-maschinenbau.de\/p\/schienenwaermgeraet-waermeroehre-ro-v-257\/","name":"Schienenw\u00e4rmger\u00e4t \/ W\u00e4rmer\u00f6hre Ro-V 257 - M\u00f6ser Maschinenbau","isPartOf":{"@id":"https:\/\/moeser-maschinenbau.de\/#website"},"datePublished":"2020-04-17T10:33:51+00:00","dateModified":"2020-04-17T10:46:06+00:00","breadcrumb":{"@id":"https:\/\/moeser-maschinenbau.de\/p\/schienenwaermgeraet-waermeroehre-ro-v-257\/#breadcrumb"},"inLanguage":"en-US","potentialAction":[{"@type":"ReadAction","target":["https:\/\/moeser-maschinenbau.de\/p\/schienenwaermgeraet-waermeroehre-ro-v-257\/"]}]},{"@type":"BreadcrumbList","@id":"https:\/\/moeser-maschinenbau.de\/p\/schienenwaermgeraet-waermeroehre-ro-v-257\/#breadcrumb","itemListElement":[{"@type":"ListItem","position":1,"name":"Startseite","item":"https:\/\/moeser-maschinenbau.de\/"},{"@type":"ListItem","position":2,"name":"Produkte","item":"https:\/\/moeser-maschinenbau.de\/shop\/"},{"@type":"ListItem","position":3,"name":"Schienenw\u00e4rmger\u00e4t \/ W\u00e4rmer\u00f6hre Ro-V 257"}]},{"@type":"WebSite","@id":"https:\/\/moeser-maschinenbau.de\/#website","url":"https:\/\/moeser-maschinenbau.de\/","name":"M\u00f6ser Maschinenbau","description":"","publisher":{"@id":"https:\/\/moeser-maschinenbau.de\/#organization"},"potentialAction":[{"@type":"SearchAction","target":{"@type":"EntryPoint","urlTemplate":"https:\/\/moeser-maschinenbau.de\/?s={search_term_string}"},"query-input":"required name=search_term_string"}],"inLanguage":"en-US"},{"@type":"Organization","@id":"https:\/\/moeser-maschinenbau.de\/#organization","name":"M\u00f6ser Maschinenbau","url":"https:\/\/moeser-maschinenbau.de\/","logo":{"@type":"ImageObject","inLanguage":"en-US","@id":"https:\/\/moeser-maschinenbau.de\/#\/schema\/logo\/image\/","url":"https:\/\/moeser-maschinenbau.de\/wp-content\/uploads\/2020\/05\/cropped-moeser-klein2.png","contentUrl":"https:\/\/moeser-maschinenbau.de\/wp-content\/uploads\/2020\/05\/cropped-moeser-klein2.png","width":245,"height":91,"caption":"M\u00f6ser Maschinenbau"},"image":{"@id":"https:\/\/moeser-maschinenbau.de\/#\/schema\/logo\/image\/"}}]}},"_links":{"self":[{"href":"https:\/\/moeser-maschinenbau.de\/en\/wp-json\/wp\/v2\/product\/2964"}],"collection":[{"href":"https:\/\/moeser-maschinenbau.de\/en\/wp-json\/wp\/v2\/product"}],"about":[{"href":"https:\/\/moeser-maschinenbau.de\/en\/wp-json\/wp\/v2\/types\/product"}],"replies":[{"embeddable":true,"href":"https:\/\/moeser-maschinenbau.de\/en\/wp-json\/wp\/v2\/comments?post=2964"}],"wp:featuredmedia":[{"embeddable":true,"href":"https:\/\/moeser-maschinenbau.de\/en\/wp-json\/wp\/v2\/media\/2842"}],"wp:attachment":[{"href":"https:\/\/moeser-maschinenbau.de\/en\/wp-json\/wp\/v2\/media?parent=2964"}],"wp:term":[{"taxonomy":"product_cat","embeddable":true,"href":"https:\/\/moeser-maschinenbau.de\/en\/wp-json\/wp\/v2\/product_cat?post=2964"},{"taxonomy":"product_tag","embeddable":true,"href":"https:\/\/moeser-maschinenbau.de\/en\/wp-json\/wp\/v2\/product_tag?post=2964"}],"curies":[{"name":"wp","href":"https:\/\/api.w.org\/{rel}","templated":true}]}}