{"id":2970,"date":"2020-04-17T13:04:29","date_gmt":"2020-04-17T11:04:29","guid":{"rendered":"http:\/\/wordpress.moeser-maschinenbau.de\/?post_type=product&#038;p=2970"},"modified":"2020-04-17T13:04:46","modified_gmt":"2020-04-17T11:04:46","slug":"vorwaermdraisine-ro-v-152","status":"publish","type":"product","link":"https:\/\/moeser-maschinenbau.de\/en\/p\/vorwaermdraisine-ro-v-152\/","title":{"rendered":"Ro-V 152 prewarming trolley"},"content":{"rendered":"","protected":false},"excerpt":{"rendered":"<p>Powerful trolley for rail heating, with propane burners, self-propelled. The trolley can be dismantled and can be transported with any truck up to 7.5t.<\/p>\n<p><strong>Technical data:<\/strong><\/p>\n<p><strong><br \/>\nPropulsion:<\/strong>\u00a0Honda 4-stroke [4kVA]<br \/>\n<strong>driving speed<\/strong>\u00a00-12km\/h<br \/>\n<strong>Gas supply:\u00a0<\/strong>6 x 33kg propane, 1 x 50l oxygen<br \/>\n<strong>Dimensions:<\/strong>\u00a0approx.2x2m (without preheating baskets)<strong><br \/>\n<\/strong><\/p>\n<p>&nbsp;<\/p>\n<p><strong>to be easily dismounted for transport<\/strong><br \/>\n<strong>.<\/strong><\/p>","protected":false},"featured_media":2839,"comment_status":"open","ping_status":"closed","template":"","meta":[],"product_cat":[69],"product_tag":[],"yoast_head":"<!-- This site is optimized with the Yoast SEO plugin v19.9 - https:\/\/yoast.com\/wordpress\/plugins\/seo\/ -->\n<title>Vorw\u00e4rmdraisine Ro-V 152 - M\u00f6ser Maschinenbau<\/title>\n<meta name=\"robots\" content=\"index, follow, max-snippet:-1, max-image-preview:large, max-video-preview:-1\" \/>\n<link rel=\"canonical\" href=\"https:\/\/moeser-maschinenbau.de\/en\/p\/vorwaermdraisine-ro-v-152\/\" \/>\n<meta property=\"og:locale\" content=\"en_US\" \/>\n<meta property=\"og:type\" content=\"article\" \/>\n<meta property=\"og:title\" content=\"Vorw\u00e4rmdraisine Ro-V 152 - M\u00f6ser Maschinenbau\" \/>\n<meta property=\"og:description\" content=\"Leistungsstarke Draisine zum Schienenanw\u00e4rmen, mit Propanbrennern, selbstfahrend. Die Draisine ist zerlegbar und kann mit jedem Lkw bis 7,5t transportiert werden.  Technische Daten:   Antrieb:\u00a0Benzinstromaggregat (Honda, 4kVA) Fahrgeschwindigkeit:\u00a00-12km\/h Gasvorrat:\u00a06 x 33kg Propan, 1 x 50l Sauerstoff Abmessungen:\u00a0ca.2x2m (ohne Vorw\u00e4rmk\u00f6rbe)   &nbsp;  Ausf\u00fchrung und ggf. Variationen k\u00f6nnen nach Absprache jederzeit hergestellt werden.\" \/>\n<meta property=\"og:url\" content=\"https:\/\/moeser-maschinenbau.de\/en\/p\/vorwaermdraisine-ro-v-152\/\" \/>\n<meta property=\"og:site_name\" content=\"M\u00f6ser Maschinenbau\" \/>\n<meta property=\"article:modified_time\" content=\"2020-04-17T11:04:46+00:00\" \/>\n<meta property=\"og:image\" content=\"https:\/\/moeser-maschinenbau.de\/wp-content\/uploads\/2020\/02\/Vorw\u00e4rmdraisine-Ro-V-152_2.jpg\" \/>\n\t<meta property=\"og:image:width\" content=\"177\" \/>\n\t<meta property=\"og:image:height\" content=\"133\" \/>\n\t<meta property=\"og:image:type\" content=\"image\/jpeg\" \/>\n<meta name=\"twitter:card\" content=\"summary_large_image\" \/>\n<script type=\"application\/ld+json\" class=\"yoast-schema-graph\">{\"@context\":\"https:\/\/schema.org\",\"@graph\":[{\"@type\":\"WebPage\",\"@id\":\"https:\/\/moeser-maschinenbau.de\/p\/vorwaermdraisine-ro-v-152\/\",\"url\":\"https:\/\/moeser-maschinenbau.de\/p\/vorwaermdraisine-ro-v-152\/\",\"name\":\"Vorw\u00e4rmdraisine Ro-V 152 - M\u00f6ser Maschinenbau\",\"isPartOf\":{\"@id\":\"https:\/\/moeser-maschinenbau.de\/#website\"},\"datePublished\":\"2020-04-17T11:04:29+00:00\",\"dateModified\":\"2020-04-17T11:04:46+00:00\",\"breadcrumb\":{\"@id\":\"https:\/\/moeser-maschinenbau.de\/p\/vorwaermdraisine-ro-v-152\/#breadcrumb\"},\"inLanguage\":\"en-US\",\"potentialAction\":[{\"@type\":\"ReadAction\",\"target\":[\"https:\/\/moeser-maschinenbau.de\/p\/vorwaermdraisine-ro-v-152\/\"]}]},{\"@type\":\"BreadcrumbList\",\"@id\":\"https:\/\/moeser-maschinenbau.de\/p\/vorwaermdraisine-ro-v-152\/#breadcrumb\",\"itemListElement\":[{\"@type\":\"ListItem\",\"position\":1,\"name\":\"Startseite\",\"item\":\"https:\/\/moeser-maschinenbau.de\/\"},{\"@type\":\"ListItem\",\"position\":2,\"name\":\"Produkte\",\"item\":\"https:\/\/moeser-maschinenbau.de\/shop\/\"},{\"@type\":\"ListItem\",\"position\":3,\"name\":\"Vorw\u00e4rmdraisine Ro-V 152\"}]},{\"@type\":\"WebSite\",\"@id\":\"https:\/\/moeser-maschinenbau.de\/#website\",\"url\":\"https:\/\/moeser-maschinenbau.de\/\",\"name\":\"M\u00f6ser Maschinenbau\",\"description\":\"\",\"publisher\":{\"@id\":\"https:\/\/moeser-maschinenbau.de\/#organization\"},\"potentialAction\":[{\"@type\":\"SearchAction\",\"target\":{\"@type\":\"EntryPoint\",\"urlTemplate\":\"https:\/\/moeser-maschinenbau.de\/?s={search_term_string}\"},\"query-input\":\"required name=search_term_string\"}],\"inLanguage\":\"en-US\"},{\"@type\":\"Organization\",\"@id\":\"https:\/\/moeser-maschinenbau.de\/#organization\",\"name\":\"M\u00f6ser Maschinenbau\",\"url\":\"https:\/\/moeser-maschinenbau.de\/\",\"logo\":{\"@type\":\"ImageObject\",\"inLanguage\":\"en-US\",\"@id\":\"https:\/\/moeser-maschinenbau.de\/#\/schema\/logo\/image\/\",\"url\":\"https:\/\/moeser-maschinenbau.de\/wp-content\/uploads\/2020\/05\/cropped-moeser-klein2.png\",\"contentUrl\":\"https:\/\/moeser-maschinenbau.de\/wp-content\/uploads\/2020\/05\/cropped-moeser-klein2.png\",\"width\":245,\"height\":91,\"caption\":\"M\u00f6ser Maschinenbau\"},\"image\":{\"@id\":\"https:\/\/moeser-maschinenbau.de\/#\/schema\/logo\/image\/\"}}]}<\/script>\n<!-- \/ Yoast SEO plugin. -->","yoast_head_json":{"title":"Vorw\u00e4rmdraisine Ro-V 152 - M\u00f6ser Maschinenbau","robots":{"index":"index","follow":"follow","max-snippet":"max-snippet:-1","max-image-preview":"max-image-preview:large","max-video-preview":"max-video-preview:-1"},"canonical":"https:\/\/moeser-maschinenbau.de\/en\/p\/vorwaermdraisine-ro-v-152\/","og_locale":"en_US","og_type":"article","og_title":"Vorw\u00e4rmdraisine Ro-V 152 - M\u00f6ser Maschinenbau","og_description":"Leistungsstarke Draisine zum Schienenanw\u00e4rmen, mit Propanbrennern, selbstfahrend. Die Draisine ist zerlegbar und kann mit jedem Lkw bis 7,5t transportiert werden.  Technische Daten:   Antrieb:\u00a0Benzinstromaggregat (Honda, 4kVA) Fahrgeschwindigkeit:\u00a00-12km\/h Gasvorrat:\u00a06 x 33kg Propan, 1 x 50l Sauerstoff Abmessungen:\u00a0ca.2x2m (ohne Vorw\u00e4rmk\u00f6rbe)   &nbsp;  Ausf\u00fchrung und ggf. Variationen k\u00f6nnen nach Absprache jederzeit hergestellt werden.","og_url":"https:\/\/moeser-maschinenbau.de\/en\/p\/vorwaermdraisine-ro-v-152\/","og_site_name":"M\u00f6ser Maschinenbau","article_modified_time":"2020-04-17T11:04:46+00:00","og_image":[{"width":177,"height":133,"url":"https:\/\/moeser-maschinenbau.de\/wp-content\/uploads\/2020\/02\/Vorw\u00e4rmdraisine-Ro-V-152_2.jpg","type":"image\/jpeg"}],"twitter_card":"summary_large_image","schema":{"@context":"https:\/\/schema.org","@graph":[{"@type":"WebPage","@id":"https:\/\/moeser-maschinenbau.de\/p\/vorwaermdraisine-ro-v-152\/","url":"https:\/\/moeser-maschinenbau.de\/p\/vorwaermdraisine-ro-v-152\/","name":"Vorw\u00e4rmdraisine Ro-V 152 - M\u00f6ser Maschinenbau","isPartOf":{"@id":"https:\/\/moeser-maschinenbau.de\/#website"},"datePublished":"2020-04-17T11:04:29+00:00","dateModified":"2020-04-17T11:04:46+00:00","breadcrumb":{"@id":"https:\/\/moeser-maschinenbau.de\/p\/vorwaermdraisine-ro-v-152\/#breadcrumb"},"inLanguage":"en-US","potentialAction":[{"@type":"ReadAction","target":["https:\/\/moeser-maschinenbau.de\/p\/vorwaermdraisine-ro-v-152\/"]}]},{"@type":"BreadcrumbList","@id":"https:\/\/moeser-maschinenbau.de\/p\/vorwaermdraisine-ro-v-152\/#breadcrumb","itemListElement":[{"@type":"ListItem","position":1,"name":"Startseite","item":"https:\/\/moeser-maschinenbau.de\/"},{"@type":"ListItem","position":2,"name":"Produkte","item":"https:\/\/moeser-maschinenbau.de\/shop\/"},{"@type":"ListItem","position":3,"name":"Vorw\u00e4rmdraisine Ro-V 152"}]},{"@type":"WebSite","@id":"https:\/\/moeser-maschinenbau.de\/#website","url":"https:\/\/moeser-maschinenbau.de\/","name":"M\u00f6ser Maschinenbau","description":"","publisher":{"@id":"https:\/\/moeser-maschinenbau.de\/#organization"},"potentialAction":[{"@type":"SearchAction","target":{"@type":"EntryPoint","urlTemplate":"https:\/\/moeser-maschinenbau.de\/?s={search_term_string}"},"query-input":"required name=search_term_string"}],"inLanguage":"en-US"},{"@type":"Organization","@id":"https:\/\/moeser-maschinenbau.de\/#organization","name":"M\u00f6ser Maschinenbau","url":"https:\/\/moeser-maschinenbau.de\/","logo":{"@type":"ImageObject","inLanguage":"en-US","@id":"https:\/\/moeser-maschinenbau.de\/#\/schema\/logo\/image\/","url":"https:\/\/moeser-maschinenbau.de\/wp-content\/uploads\/2020\/05\/cropped-moeser-klein2.png","contentUrl":"https:\/\/moeser-maschinenbau.de\/wp-content\/uploads\/2020\/05\/cropped-moeser-klein2.png","width":245,"height":91,"caption":"M\u00f6ser Maschinenbau"},"image":{"@id":"https:\/\/moeser-maschinenbau.de\/#\/schema\/logo\/image\/"}}]}},"_links":{"self":[{"href":"https:\/\/moeser-maschinenbau.de\/en\/wp-json\/wp\/v2\/product\/2970"}],"collection":[{"href":"https:\/\/moeser-maschinenbau.de\/en\/wp-json\/wp\/v2\/product"}],"about":[{"href":"https:\/\/moeser-maschinenbau.de\/en\/wp-json\/wp\/v2\/types\/product"}],"replies":[{"embeddable":true,"href":"https:\/\/moeser-maschinenbau.de\/en\/wp-json\/wp\/v2\/comments?post=2970"}],"wp:featuredmedia":[{"embeddable":true,"href":"https:\/\/moeser-maschinenbau.de\/en\/wp-json\/wp\/v2\/media\/2839"}],"wp:attachment":[{"href":"https:\/\/moeser-maschinenbau.de\/en\/wp-json\/wp\/v2\/media?parent=2970"}],"wp:term":[{"taxonomy":"product_cat","embeddable":true,"href":"https:\/\/moeser-maschinenbau.de\/en\/wp-json\/wp\/v2\/product_cat?post=2970"},{"taxonomy":"product_tag","embeddable":true,"href":"https:\/\/moeser-maschinenbau.de\/en\/wp-json\/wp\/v2\/product_tag?post=2970"}],"curies":[{"name":"wp","href":"https:\/\/api.w.org\/{rel}","templated":true}]}}