{"id":2971,"date":"2020-04-17T13:06:25","date_gmt":"2020-04-17T11:06:25","guid":{"rendered":"http:\/\/wordpress.moeser-maschinenbau.de\/?post_type=product&#038;p=2971"},"modified":"2020-04-17T13:10:12","modified_gmt":"2020-04-17T11:10:12","slug":"schweisserkaefig-mit-absaugung-ro-v-148","status":"publish","type":"product","link":"https:\/\/moeser-maschinenbau.de\/en\/p\/schweisserkaefig-mit-absaugung-ro-v-148\/","title":{"rendered":"Ro-V 148 protection for electrical welding"},"content":{"rendered":"","protected":false},"excerpt":{"rendered":"<p>Specially designed for deposition\nwelding The cage is very light due to the\naluminium composite construction. It is\nequiped with ventilation, seat, light and\nadditional plug for 220VAC or 110VAC.\nFor transportation it can be dismounted\neasily.<\/p>","protected":false},"featured_media":2835,"comment_status":"open","ping_status":"closed","template":"","meta":[],"product_cat":[69],"product_tag":[],"yoast_head":"<!-- This site is optimized with the Yoast SEO plugin v19.9 - https:\/\/yoast.com\/wordpress\/plugins\/seo\/ -->\n<title>Schwei\u00dferk\u00e4fig mit Absaugung Ro-V 148 - M\u00f6ser Maschinenbau<\/title>\n<meta name=\"robots\" content=\"index, follow, max-snippet:-1, max-image-preview:large, max-video-preview:-1\" \/>\n<link rel=\"canonical\" href=\"https:\/\/moeser-maschinenbau.de\/en\/p\/schweisserkaefig-mit-absaugung-ro-v-148\/\" \/>\n<meta property=\"og:locale\" content=\"en_US\" \/>\n<meta property=\"og:type\" content=\"article\" \/>\n<meta property=\"og:title\" content=\"Schwei\u00dferk\u00e4fig mit Absaugung Ro-V 148 - M\u00f6ser Maschinenbau\" \/>\n<meta property=\"og:description\" content=\"Speziell zum Schienenauftragsschwei\u00dfen entwickelt. Besonders leicht durch Aluminium-Verbundbauweise. Lieferung mit Absaugventilator, Bedienersitz, Innenbeleuchtung und Servicesteckdose. F\u00fcr Transport zerlegbar.\" \/>\n<meta property=\"og:url\" content=\"https:\/\/moeser-maschinenbau.de\/en\/p\/schweisserkaefig-mit-absaugung-ro-v-148\/\" \/>\n<meta property=\"og:site_name\" content=\"M\u00f6ser Maschinenbau\" \/>\n<meta property=\"article:modified_time\" content=\"2020-04-17T11:10:12+00:00\" \/>\n<meta property=\"og:image\" content=\"https:\/\/moeser-maschinenbau.de\/wp-content\/uploads\/2020\/02\/Schwei\u00dferk\u00e4fig-mit-Absaugung-Ro-V-148_1.jpg\" \/>\n\t<meta property=\"og:image:width\" content=\"221\" \/>\n\t<meta property=\"og:image:height\" content=\"195\" \/>\n\t<meta property=\"og:image:type\" content=\"image\/jpeg\" \/>\n<meta name=\"twitter:card\" content=\"summary_large_image\" \/>\n<script type=\"application\/ld+json\" class=\"yoast-schema-graph\">{\"@context\":\"https:\/\/schema.org\",\"@graph\":[{\"@type\":\"WebPage\",\"@id\":\"https:\/\/moeser-maschinenbau.de\/p\/schweisserkaefig-mit-absaugung-ro-v-148\/\",\"url\":\"https:\/\/moeser-maschinenbau.de\/p\/schweisserkaefig-mit-absaugung-ro-v-148\/\",\"name\":\"Schwei\u00dferk\u00e4fig mit Absaugung Ro-V 148 - M\u00f6ser Maschinenbau\",\"isPartOf\":{\"@id\":\"https:\/\/moeser-maschinenbau.de\/#website\"},\"datePublished\":\"2020-04-17T11:06:25+00:00\",\"dateModified\":\"2020-04-17T11:10:12+00:00\",\"breadcrumb\":{\"@id\":\"https:\/\/moeser-maschinenbau.de\/p\/schweisserkaefig-mit-absaugung-ro-v-148\/#breadcrumb\"},\"inLanguage\":\"en-US\",\"potentialAction\":[{\"@type\":\"ReadAction\",\"target\":[\"https:\/\/moeser-maschinenbau.de\/p\/schweisserkaefig-mit-absaugung-ro-v-148\/\"]}]},{\"@type\":\"BreadcrumbList\",\"@id\":\"https:\/\/moeser-maschinenbau.de\/p\/schweisserkaefig-mit-absaugung-ro-v-148\/#breadcrumb\",\"itemListElement\":[{\"@type\":\"ListItem\",\"position\":1,\"name\":\"Startseite\",\"item\":\"https:\/\/moeser-maschinenbau.de\/\"},{\"@type\":\"ListItem\",\"position\":2,\"name\":\"Produkte\",\"item\":\"https:\/\/moeser-maschinenbau.de\/shop\/\"},{\"@type\":\"ListItem\",\"position\":3,\"name\":\"Schwei\u00dferk\u00e4fig mit Absaugung Ro-V 148\"}]},{\"@type\":\"WebSite\",\"@id\":\"https:\/\/moeser-maschinenbau.de\/#website\",\"url\":\"https:\/\/moeser-maschinenbau.de\/\",\"name\":\"M\u00f6ser Maschinenbau\",\"description\":\"\",\"publisher\":{\"@id\":\"https:\/\/moeser-maschinenbau.de\/#organization\"},\"potentialAction\":[{\"@type\":\"SearchAction\",\"target\":{\"@type\":\"EntryPoint\",\"urlTemplate\":\"https:\/\/moeser-maschinenbau.de\/?s={search_term_string}\"},\"query-input\":\"required name=search_term_string\"}],\"inLanguage\":\"en-US\"},{\"@type\":\"Organization\",\"@id\":\"https:\/\/moeser-maschinenbau.de\/#organization\",\"name\":\"M\u00f6ser Maschinenbau\",\"url\":\"https:\/\/moeser-maschinenbau.de\/\",\"logo\":{\"@type\":\"ImageObject\",\"inLanguage\":\"en-US\",\"@id\":\"https:\/\/moeser-maschinenbau.de\/#\/schema\/logo\/image\/\",\"url\":\"https:\/\/moeser-maschinenbau.de\/wp-content\/uploads\/2020\/05\/cropped-moeser-klein2.png\",\"contentUrl\":\"https:\/\/moeser-maschinenbau.de\/wp-content\/uploads\/2020\/05\/cropped-moeser-klein2.png\",\"width\":245,\"height\":91,\"caption\":\"M\u00f6ser Maschinenbau\"},\"image\":{\"@id\":\"https:\/\/moeser-maschinenbau.de\/#\/schema\/logo\/image\/\"}}]}<\/script>\n<!-- \/ Yoast SEO plugin. -->","yoast_head_json":{"title":"Schwei\u00dferk\u00e4fig mit Absaugung Ro-V 148 - M\u00f6ser Maschinenbau","robots":{"index":"index","follow":"follow","max-snippet":"max-snippet:-1","max-image-preview":"max-image-preview:large","max-video-preview":"max-video-preview:-1"},"canonical":"https:\/\/moeser-maschinenbau.de\/en\/p\/schweisserkaefig-mit-absaugung-ro-v-148\/","og_locale":"en_US","og_type":"article","og_title":"Schwei\u00dferk\u00e4fig mit Absaugung Ro-V 148 - M\u00f6ser Maschinenbau","og_description":"Speziell zum Schienenauftragsschwei\u00dfen entwickelt. Besonders leicht durch Aluminium-Verbundbauweise. Lieferung mit Absaugventilator, Bedienersitz, Innenbeleuchtung und Servicesteckdose. F\u00fcr Transport zerlegbar.","og_url":"https:\/\/moeser-maschinenbau.de\/en\/p\/schweisserkaefig-mit-absaugung-ro-v-148\/","og_site_name":"M\u00f6ser Maschinenbau","article_modified_time":"2020-04-17T11:10:12+00:00","og_image":[{"width":221,"height":195,"url":"https:\/\/moeser-maschinenbau.de\/wp-content\/uploads\/2020\/02\/Schwei\u00dferk\u00e4fig-mit-Absaugung-Ro-V-148_1.jpg","type":"image\/jpeg"}],"twitter_card":"summary_large_image","schema":{"@context":"https:\/\/schema.org","@graph":[{"@type":"WebPage","@id":"https:\/\/moeser-maschinenbau.de\/p\/schweisserkaefig-mit-absaugung-ro-v-148\/","url":"https:\/\/moeser-maschinenbau.de\/p\/schweisserkaefig-mit-absaugung-ro-v-148\/","name":"Schwei\u00dferk\u00e4fig mit Absaugung Ro-V 148 - M\u00f6ser Maschinenbau","isPartOf":{"@id":"https:\/\/moeser-maschinenbau.de\/#website"},"datePublished":"2020-04-17T11:06:25+00:00","dateModified":"2020-04-17T11:10:12+00:00","breadcrumb":{"@id":"https:\/\/moeser-maschinenbau.de\/p\/schweisserkaefig-mit-absaugung-ro-v-148\/#breadcrumb"},"inLanguage":"en-US","potentialAction":[{"@type":"ReadAction","target":["https:\/\/moeser-maschinenbau.de\/p\/schweisserkaefig-mit-absaugung-ro-v-148\/"]}]},{"@type":"BreadcrumbList","@id":"https:\/\/moeser-maschinenbau.de\/p\/schweisserkaefig-mit-absaugung-ro-v-148\/#breadcrumb","itemListElement":[{"@type":"ListItem","position":1,"name":"Startseite","item":"https:\/\/moeser-maschinenbau.de\/"},{"@type":"ListItem","position":2,"name":"Produkte","item":"https:\/\/moeser-maschinenbau.de\/shop\/"},{"@type":"ListItem","position":3,"name":"Schwei\u00dferk\u00e4fig mit Absaugung Ro-V 148"}]},{"@type":"WebSite","@id":"https:\/\/moeser-maschinenbau.de\/#website","url":"https:\/\/moeser-maschinenbau.de\/","name":"M\u00f6ser Maschinenbau","description":"","publisher":{"@id":"https:\/\/moeser-maschinenbau.de\/#organization"},"potentialAction":[{"@type":"SearchAction","target":{"@type":"EntryPoint","urlTemplate":"https:\/\/moeser-maschinenbau.de\/?s={search_term_string}"},"query-input":"required name=search_term_string"}],"inLanguage":"en-US"},{"@type":"Organization","@id":"https:\/\/moeser-maschinenbau.de\/#organization","name":"M\u00f6ser Maschinenbau","url":"https:\/\/moeser-maschinenbau.de\/","logo":{"@type":"ImageObject","inLanguage":"en-US","@id":"https:\/\/moeser-maschinenbau.de\/#\/schema\/logo\/image\/","url":"https:\/\/moeser-maschinenbau.de\/wp-content\/uploads\/2020\/05\/cropped-moeser-klein2.png","contentUrl":"https:\/\/moeser-maschinenbau.de\/wp-content\/uploads\/2020\/05\/cropped-moeser-klein2.png","width":245,"height":91,"caption":"M\u00f6ser Maschinenbau"},"image":{"@id":"https:\/\/moeser-maschinenbau.de\/#\/schema\/logo\/image\/"}}]}},"_links":{"self":[{"href":"https:\/\/moeser-maschinenbau.de\/en\/wp-json\/wp\/v2\/product\/2971"}],"collection":[{"href":"https:\/\/moeser-maschinenbau.de\/en\/wp-json\/wp\/v2\/product"}],"about":[{"href":"https:\/\/moeser-maschinenbau.de\/en\/wp-json\/wp\/v2\/types\/product"}],"replies":[{"embeddable":true,"href":"https:\/\/moeser-maschinenbau.de\/en\/wp-json\/wp\/v2\/comments?post=2971"}],"wp:featuredmedia":[{"embeddable":true,"href":"https:\/\/moeser-maschinenbau.de\/en\/wp-json\/wp\/v2\/media\/2835"}],"wp:attachment":[{"href":"https:\/\/moeser-maschinenbau.de\/en\/wp-json\/wp\/v2\/media?parent=2971"}],"wp:term":[{"taxonomy":"product_cat","embeddable":true,"href":"https:\/\/moeser-maschinenbau.de\/en\/wp-json\/wp\/v2\/product_cat?post=2971"},{"taxonomy":"product_tag","embeddable":true,"href":"https:\/\/moeser-maschinenbau.de\/en\/wp-json\/wp\/v2\/product_tag?post=2971"}],"curies":[{"name":"wp","href":"https:\/\/api.w.org\/{rel}","templated":true}]}}