{"id":2976,"date":"2020-04-17T13:16:47","date_gmt":"2020-04-17T11:16:47","guid":{"rendered":"http:\/\/wordpress.moeser-maschinenbau.de\/?post_type=product&#038;p=2976"},"modified":"2020-04-30T10:33:26","modified_gmt":"2020-04-30T08:33:26","slug":"ro-v-95-stationaere-uebergangsschienenpresse","status":"publish","type":"product","link":"https:\/\/moeser-maschinenbau.de\/en\/p\/ro-v-95-stationaere-uebergangsschienenpresse\/","title":{"rendered":"Ro-V 95 steady rail transition press"},"content":{"rendered":"","protected":false},"excerpt":{"rendered":"<div class=\"vc_row section-element\">\n<div class=\"vc_col-sm-12\">\n<div class=\"wpb_text_column wpb_content_element\">\n<p><span class=\"standard\">Transition rail presses are used on construction sites for railways or tramways to produce the transitions between rails of different heights. For example at transitions from\u00a0<\/span><span class=\"blauextra\">UIC 60 zu S 49 oder R 65 zu S54.\u00a0<\/span>The geometry of the transition is prescribed by the respective railway or tram administration and is realized by us in a special die tool.<\/p>\n<\/div>\n<\/div>\n<\/div>\n<div class=\"vc_row section-element\">\n<div class=\"vc_col-sm-6\">\n<div class=\"wpb_text_column wpb_content_element\">\n<p><strong>Technology<\/strong><\/p>\n<p>- Heating of the rail web to forming temperature ( approx. 800 C) using a burner.<br \/>\n- the heating time is approx. 1 - 2 min<br \/>\n- Introduction of the heated rail end into the working area of the Ro - V 95 rail crossing press by means of a roller conveyor<br \/>\n- Bringing the forging die together to the pre-set height dimension<\/p>\n<p><strong>Heating device<\/strong><\/p>\n<p>- Holding time: approx. 1 min<br \/>\n- Working gas: Acetylene<br \/>\n- Extinguishing the burners with nitrogen when the forming temperature is reached<br \/>\n- The operating variables are regulated by a FLAMATIC control system.<\/p>\n<\/div>\n<\/div>\n<\/div>","protected":false},"featured_media":2618,"comment_status":"open","ping_status":"closed","template":"","meta":[],"product_cat":[69],"product_tag":[],"yoast_head":"<!-- This site is optimized with the Yoast SEO plugin v19.9 - https:\/\/yoast.com\/wordpress\/plugins\/seo\/ -->\n<title>Ro-V 95 station\u00e4re \u00dcbergangsschienenpresse - M\u00f6ser Maschinenbau<\/title>\n<meta name=\"robots\" content=\"index, follow, max-snippet:-1, max-image-preview:large, max-video-preview:-1\" \/>\n<link rel=\"canonical\" href=\"https:\/\/moeser-maschinenbau.de\/en\/p\/ro-v-95-stationaere-uebergangsschienenpresse\/\" \/>\n<meta property=\"og:locale\" content=\"en_US\" \/>\n<meta property=\"og:type\" content=\"article\" \/>\n<meta property=\"og:title\" content=\"Ro-V 95 station\u00e4re \u00dcbergangsschienenpresse - M\u00f6ser Maschinenbau\" \/>\n<meta property=\"og:description\" content=\"\u00dcbergangsschienenpressen werden auf Baustellen f\u00fcr die Eisenbahn oder Stra\u00dfenbahn eingesetzt um die \u00dcberg\u00e4nge zwischen unterschiedlich hohen Schienen herzustellen. Zum Beispiel bei \u00dcberg\u00e4ngen von\u00a0UIC 60 zu S 49 oder R 65 zu S54.\u00a0Die Geometrie des \u00dcbergangs wird durch die jeweilige Eisenbahn- oder Stra\u00dfenbahnverwaltung vorgeschrieben und von uns in einem speziellen Gesenkwerkzeug realisiert.         Technologie  \u2022 Erw\u00e4rmen des Schienensteges auf Umformtemperatur ( ca. 800 C) mittels eines Brenners. \u2022 die Erw\u00e4rmzeit betr\u00e4gt ca. 1 \u2013 2 min. \u2022 Einbringen des erw\u00e4rmten Schienenendes mittels Rollengang in den Arbeitsraum der Schienen\u00fcbergangspresse Ro \u2013 V 95 \u2022 Zusammenfahren des Gesenkes auf das voreingestellte H\u00f6henma\u00df  Anw\u00e4rmeinrichtung  \u2022 Haltezeit: ca. 1 min \u2022 Arbeitsgas: Acetylen \u2022 L\u00f6schen der Brenner bei Erreichen der Umformtemperatur mit Stickstoff \u2022 Die Betriebsgr\u00f6\u00dfen werden mit einer FLAMATICSteuerung geregelt.\" \/>\n<meta property=\"og:url\" content=\"https:\/\/moeser-maschinenbau.de\/en\/p\/ro-v-95-stationaere-uebergangsschienenpresse\/\" \/>\n<meta property=\"og:site_name\" content=\"M\u00f6ser Maschinenbau\" \/>\n<meta property=\"article:modified_time\" content=\"2020-04-30T08:33:26+00:00\" \/>\n<meta property=\"og:image\" content=\"https:\/\/moeser-maschinenbau.de\/wp-content\/uploads\/2020\/01\/rov95_L_Web.png\" \/>\n\t<meta property=\"og:image:width\" content=\"793\" \/>\n\t<meta property=\"og:image:height\" content=\"550\" \/>\n\t<meta property=\"og:image:type\" content=\"image\/png\" \/>\n<meta name=\"twitter:card\" content=\"summary_large_image\" \/>\n<script type=\"application\/ld+json\" class=\"yoast-schema-graph\">{\"@context\":\"https:\/\/schema.org\",\"@graph\":[{\"@type\":\"WebPage\",\"@id\":\"https:\/\/moeser-maschinenbau.de\/p\/ro-v-95-stationaere-uebergangsschienenpresse\/\",\"url\":\"https:\/\/moeser-maschinenbau.de\/p\/ro-v-95-stationaere-uebergangsschienenpresse\/\",\"name\":\"Ro-V 95 station\u00e4re \u00dcbergangsschienenpresse - M\u00f6ser Maschinenbau\",\"isPartOf\":{\"@id\":\"https:\/\/moeser-maschinenbau.de\/#website\"},\"datePublished\":\"2020-04-17T11:16:47+00:00\",\"dateModified\":\"2020-04-30T08:33:26+00:00\",\"breadcrumb\":{\"@id\":\"https:\/\/moeser-maschinenbau.de\/p\/ro-v-95-stationaere-uebergangsschienenpresse\/#breadcrumb\"},\"inLanguage\":\"en-US\",\"potentialAction\":[{\"@type\":\"ReadAction\",\"target\":[\"https:\/\/moeser-maschinenbau.de\/p\/ro-v-95-stationaere-uebergangsschienenpresse\/\"]}]},{\"@type\":\"BreadcrumbList\",\"@id\":\"https:\/\/moeser-maschinenbau.de\/p\/ro-v-95-stationaere-uebergangsschienenpresse\/#breadcrumb\",\"itemListElement\":[{\"@type\":\"ListItem\",\"position\":1,\"name\":\"Startseite\",\"item\":\"https:\/\/moeser-maschinenbau.de\/\"},{\"@type\":\"ListItem\",\"position\":2,\"name\":\"Produkte\",\"item\":\"https:\/\/moeser-maschinenbau.de\/shop\/\"},{\"@type\":\"ListItem\",\"position\":3,\"name\":\"Ro-V 95 station\u00e4re \u00dcbergangsschienenpresse\"}]},{\"@type\":\"WebSite\",\"@id\":\"https:\/\/moeser-maschinenbau.de\/#website\",\"url\":\"https:\/\/moeser-maschinenbau.de\/\",\"name\":\"M\u00f6ser Maschinenbau\",\"description\":\"\",\"publisher\":{\"@id\":\"https:\/\/moeser-maschinenbau.de\/#organization\"},\"potentialAction\":[{\"@type\":\"SearchAction\",\"target\":{\"@type\":\"EntryPoint\",\"urlTemplate\":\"https:\/\/moeser-maschinenbau.de\/?s={search_term_string}\"},\"query-input\":\"required name=search_term_string\"}],\"inLanguage\":\"en-US\"},{\"@type\":\"Organization\",\"@id\":\"https:\/\/moeser-maschinenbau.de\/#organization\",\"name\":\"M\u00f6ser Maschinenbau\",\"url\":\"https:\/\/moeser-maschinenbau.de\/\",\"logo\":{\"@type\":\"ImageObject\",\"inLanguage\":\"en-US\",\"@id\":\"https:\/\/moeser-maschinenbau.de\/#\/schema\/logo\/image\/\",\"url\":\"https:\/\/moeser-maschinenbau.de\/wp-content\/uploads\/2020\/05\/cropped-moeser-klein2.png\",\"contentUrl\":\"https:\/\/moeser-maschinenbau.de\/wp-content\/uploads\/2020\/05\/cropped-moeser-klein2.png\",\"width\":245,\"height\":91,\"caption\":\"M\u00f6ser Maschinenbau\"},\"image\":{\"@id\":\"https:\/\/moeser-maschinenbau.de\/#\/schema\/logo\/image\/\"}}]}<\/script>\n<!-- \/ Yoast SEO plugin. -->","yoast_head_json":{"title":"Ro-V 95 station\u00e4re \u00dcbergangsschienenpresse - M\u00f6ser Maschinenbau","robots":{"index":"index","follow":"follow","max-snippet":"max-snippet:-1","max-image-preview":"max-image-preview:large","max-video-preview":"max-video-preview:-1"},"canonical":"https:\/\/moeser-maschinenbau.de\/en\/p\/ro-v-95-stationaere-uebergangsschienenpresse\/","og_locale":"en_US","og_type":"article","og_title":"Ro-V 95 station\u00e4re \u00dcbergangsschienenpresse - M\u00f6ser Maschinenbau","og_description":"\u00dcbergangsschienenpressen werden auf Baustellen f\u00fcr die Eisenbahn oder Stra\u00dfenbahn eingesetzt um die \u00dcberg\u00e4nge zwischen unterschiedlich hohen Schienen herzustellen. Zum Beispiel bei \u00dcberg\u00e4ngen von\u00a0UIC 60 zu S 49 oder R 65 zu S54.\u00a0Die Geometrie des \u00dcbergangs wird durch die jeweilige Eisenbahn- oder Stra\u00dfenbahnverwaltung vorgeschrieben und von uns in einem speziellen Gesenkwerkzeug realisiert.         Technologie  \u2022 Erw\u00e4rmen des Schienensteges auf Umformtemperatur ( ca. 800 C) mittels eines Brenners. \u2022 die Erw\u00e4rmzeit betr\u00e4gt ca. 1 \u2013 2 min. \u2022 Einbringen des erw\u00e4rmten Schienenendes mittels Rollengang in den Arbeitsraum der Schienen\u00fcbergangspresse Ro \u2013 V 95 \u2022 Zusammenfahren des Gesenkes auf das voreingestellte H\u00f6henma\u00df  Anw\u00e4rmeinrichtung  \u2022 Haltezeit: ca. 1 min \u2022 Arbeitsgas: Acetylen \u2022 L\u00f6schen der Brenner bei Erreichen der Umformtemperatur mit Stickstoff \u2022 Die Betriebsgr\u00f6\u00dfen werden mit einer FLAMATICSteuerung geregelt.","og_url":"https:\/\/moeser-maschinenbau.de\/en\/p\/ro-v-95-stationaere-uebergangsschienenpresse\/","og_site_name":"M\u00f6ser Maschinenbau","article_modified_time":"2020-04-30T08:33:26+00:00","og_image":[{"width":793,"height":550,"url":"https:\/\/moeser-maschinenbau.de\/wp-content\/uploads\/2020\/01\/rov95_L_Web.png","type":"image\/png"}],"twitter_card":"summary_large_image","schema":{"@context":"https:\/\/schema.org","@graph":[{"@type":"WebPage","@id":"https:\/\/moeser-maschinenbau.de\/p\/ro-v-95-stationaere-uebergangsschienenpresse\/","url":"https:\/\/moeser-maschinenbau.de\/p\/ro-v-95-stationaere-uebergangsschienenpresse\/","name":"Ro-V 95 station\u00e4re \u00dcbergangsschienenpresse - M\u00f6ser Maschinenbau","isPartOf":{"@id":"https:\/\/moeser-maschinenbau.de\/#website"},"datePublished":"2020-04-17T11:16:47+00:00","dateModified":"2020-04-30T08:33:26+00:00","breadcrumb":{"@id":"https:\/\/moeser-maschinenbau.de\/p\/ro-v-95-stationaere-uebergangsschienenpresse\/#breadcrumb"},"inLanguage":"en-US","potentialAction":[{"@type":"ReadAction","target":["https:\/\/moeser-maschinenbau.de\/p\/ro-v-95-stationaere-uebergangsschienenpresse\/"]}]},{"@type":"BreadcrumbList","@id":"https:\/\/moeser-maschinenbau.de\/p\/ro-v-95-stationaere-uebergangsschienenpresse\/#breadcrumb","itemListElement":[{"@type":"ListItem","position":1,"name":"Startseite","item":"https:\/\/moeser-maschinenbau.de\/"},{"@type":"ListItem","position":2,"name":"Produkte","item":"https:\/\/moeser-maschinenbau.de\/shop\/"},{"@type":"ListItem","position":3,"name":"Ro-V 95 station\u00e4re \u00dcbergangsschienenpresse"}]},{"@type":"WebSite","@id":"https:\/\/moeser-maschinenbau.de\/#website","url":"https:\/\/moeser-maschinenbau.de\/","name":"M\u00f6ser Maschinenbau","description":"","publisher":{"@id":"https:\/\/moeser-maschinenbau.de\/#organization"},"potentialAction":[{"@type":"SearchAction","target":{"@type":"EntryPoint","urlTemplate":"https:\/\/moeser-maschinenbau.de\/?s={search_term_string}"},"query-input":"required name=search_term_string"}],"inLanguage":"en-US"},{"@type":"Organization","@id":"https:\/\/moeser-maschinenbau.de\/#organization","name":"M\u00f6ser Maschinenbau","url":"https:\/\/moeser-maschinenbau.de\/","logo":{"@type":"ImageObject","inLanguage":"en-US","@id":"https:\/\/moeser-maschinenbau.de\/#\/schema\/logo\/image\/","url":"https:\/\/moeser-maschinenbau.de\/wp-content\/uploads\/2020\/05\/cropped-moeser-klein2.png","contentUrl":"https:\/\/moeser-maschinenbau.de\/wp-content\/uploads\/2020\/05\/cropped-moeser-klein2.png","width":245,"height":91,"caption":"M\u00f6ser Maschinenbau"},"image":{"@id":"https:\/\/moeser-maschinenbau.de\/#\/schema\/logo\/image\/"}}]}},"_links":{"self":[{"href":"https:\/\/moeser-maschinenbau.de\/en\/wp-json\/wp\/v2\/product\/2976"}],"collection":[{"href":"https:\/\/moeser-maschinenbau.de\/en\/wp-json\/wp\/v2\/product"}],"about":[{"href":"https:\/\/moeser-maschinenbau.de\/en\/wp-json\/wp\/v2\/types\/product"}],"replies":[{"embeddable":true,"href":"https:\/\/moeser-maschinenbau.de\/en\/wp-json\/wp\/v2\/comments?post=2976"}],"wp:featuredmedia":[{"embeddable":true,"href":"https:\/\/moeser-maschinenbau.de\/en\/wp-json\/wp\/v2\/media\/2618"}],"wp:attachment":[{"href":"https:\/\/moeser-maschinenbau.de\/en\/wp-json\/wp\/v2\/media?parent=2976"}],"wp:term":[{"taxonomy":"product_cat","embeddable":true,"href":"https:\/\/moeser-maschinenbau.de\/en\/wp-json\/wp\/v2\/product_cat?post=2976"},{"taxonomy":"product_tag","embeddable":true,"href":"https:\/\/moeser-maschinenbau.de\/en\/wp-json\/wp\/v2\/product_tag?post=2976"}],"curies":[{"name":"wp","href":"https:\/\/api.w.org\/{rel}","templated":true}]}}