{"id":3174,"date":"2020-04-30T12:18:21","date_gmt":"2020-04-30T10:18:21","guid":{"rendered":"http:\/\/wordpress.moeser-maschinenbau.de\/?post_type=product&#038;p=3174"},"modified":"2020-04-30T12:18:21","modified_gmt":"2020-04-30T10:18:21","slug":"ro-v-305-mehrzweck-generatorfahrzeug","status":"publish","type":"product","link":"https:\/\/moeser-maschinenbau.de\/en\/p\/ro-v-305-mehrzweck-generatorfahrzeug\/","title":{"rendered":"Ro-V 305 MPV Track construction machinery"},"content":{"rendered":"","protected":false},"excerpt":{"rendered":"<p><strong>length:<\/strong> 5800mm<br \/>\n<strong>width:<\/strong> 2200mm<br \/>\n<strong>height:<\/strong> 2400mm<br \/>\n<strong>track speed<\/strong> 19km\/h<br \/>\n<strong>max inclination rail<\/strong> 7%<br \/>\n<strong>min. radius:<\/strong> 18m<br \/>\n<strong>max. superelevation<\/strong> 160mm (1435)<br \/>\n<strong>vmax street:<\/strong> 160km\/h<br \/>\n<strong>track gauge:<\/strong> 1435mm optional different\/adjustable<br \/>\n<strong>engine hp:<\/strong> 150 PS, 3.0 litre diesel<br \/>\n<strong>transmission<\/strong> 6 speed manual<br \/>\n<strong>generator:<\/strong> 400V 50Hz, 50kVA underfloor generator, splitshaft gearbox<br \/>\n<strong>tracking on time<\/strong> 2-3 min<br \/>\n<strong>tracking off time<\/strong> 1 min<br \/>\n<strong>crane capacity<\/strong> 1000kg<br \/>\n<strong>wheel base road<\/strong> 3450 mm<br \/>\n<strong>max. weight<\/strong> 3500kg, optional 5000kg<br \/>\n<strong>axle configuration road<\/strong> 4&#215;2<br \/>\n<strong>axle configuration rail<\/strong> 4&#215;4<\/p>","protected":false},"featured_media":3166,"comment_status":"open","ping_status":"closed","template":"","meta":[],"product_cat":[72],"product_tag":[],"yoast_head":"<!-- This site is optimized with the Yoast SEO plugin v19.9 - https:\/\/yoast.com\/wordpress\/plugins\/seo\/ -->\n<title>Ro-V 305 Mehrzweck-Generatorfahrzeug - M\u00f6ser Maschinenbau<\/title>\n<meta name=\"robots\" content=\"index, follow, max-snippet:-1, max-image-preview:large, max-video-preview:-1\" \/>\n<link rel=\"canonical\" href=\"https:\/\/moeser-maschinenbau.de\/en\/p\/ro-v-305-mehrzweck-generatorfahrzeug\/\" \/>\n<meta property=\"og:locale\" content=\"en_US\" \/>\n<meta property=\"og:type\" content=\"article\" \/>\n<meta property=\"og:title\" content=\"Ro-V 305 Mehrzweck-Generatorfahrzeug - M\u00f6ser Maschinenbau\" \/>\n<meta property=\"og:description\" content=\"L\u00e4nge: 5800mm Breite: 2200mm H\u00f6he: 2400mm vmax Gleis: 19km\/h max Steigung: 7% min. radius: 18m max. \u00dcberh\u00f6hung: 160mm (1435) vmax Stra\u00dfe: 160km\/h Spurweite: 1435mm optional andere Motorleistung: 150 PS, 3.0 litre diesel Getriebe: 6 speed manual Generator: 400V 50Hz, 50kVA underfloor generator, splitshaft gearbox Eingleiszeit: 2-3 min Ausgleiszeit: 1 min Kran: 1000kg Radstand Stra\u00dfe: 3450 mm Zul. Gesamtgewicht: 3500kg, optional 5000kg Achsformel Stra\u00dfe: 4x2 Achsformel Gleis: 4x4\" \/>\n<meta property=\"og:url\" content=\"https:\/\/moeser-maschinenbau.de\/en\/p\/ro-v-305-mehrzweck-generatorfahrzeug\/\" \/>\n<meta property=\"og:site_name\" content=\"M\u00f6ser Maschinenbau\" \/>\n<meta property=\"og:image\" content=\"https:\/\/moeser-maschinenbau.de\/wp-content\/uploads\/2020\/04\/Ro-V-305.jpg\" \/>\n\t<meta property=\"og:image:width\" content=\"663\" \/>\n\t<meta property=\"og:image:height\" content=\"321\" \/>\n\t<meta property=\"og:image:type\" content=\"image\/jpeg\" \/>\n<meta name=\"twitter:card\" content=\"summary_large_image\" \/>\n<script type=\"application\/ld+json\" class=\"yoast-schema-graph\">{\"@context\":\"https:\/\/schema.org\",\"@graph\":[{\"@type\":\"WebPage\",\"@id\":\"https:\/\/moeser-maschinenbau.de\/p\/ro-v-305-mehrzweck-generatorfahrzeug\/\",\"url\":\"https:\/\/moeser-maschinenbau.de\/p\/ro-v-305-mehrzweck-generatorfahrzeug\/\",\"name\":\"Ro-V 305 Mehrzweck-Generatorfahrzeug - M\u00f6ser Maschinenbau\",\"isPartOf\":{\"@id\":\"https:\/\/moeser-maschinenbau.de\/#website\"},\"datePublished\":\"2020-04-30T10:18:21+00:00\",\"dateModified\":\"2020-04-30T10:18:21+00:00\",\"breadcrumb\":{\"@id\":\"https:\/\/moeser-maschinenbau.de\/p\/ro-v-305-mehrzweck-generatorfahrzeug\/#breadcrumb\"},\"inLanguage\":\"en-US\",\"potentialAction\":[{\"@type\":\"ReadAction\",\"target\":[\"https:\/\/moeser-maschinenbau.de\/p\/ro-v-305-mehrzweck-generatorfahrzeug\/\"]}]},{\"@type\":\"BreadcrumbList\",\"@id\":\"https:\/\/moeser-maschinenbau.de\/p\/ro-v-305-mehrzweck-generatorfahrzeug\/#breadcrumb\",\"itemListElement\":[{\"@type\":\"ListItem\",\"position\":1,\"name\":\"Startseite\",\"item\":\"https:\/\/moeser-maschinenbau.de\/\"},{\"@type\":\"ListItem\",\"position\":2,\"name\":\"Produkte\",\"item\":\"https:\/\/moeser-maschinenbau.de\/shop\/\"},{\"@type\":\"ListItem\",\"position\":3,\"name\":\"Ro-V 305 Mehrzweck-Generatorfahrzeug\"}]},{\"@type\":\"WebSite\",\"@id\":\"https:\/\/moeser-maschinenbau.de\/#website\",\"url\":\"https:\/\/moeser-maschinenbau.de\/\",\"name\":\"M\u00f6ser Maschinenbau\",\"description\":\"\",\"publisher\":{\"@id\":\"https:\/\/moeser-maschinenbau.de\/#organization\"},\"potentialAction\":[{\"@type\":\"SearchAction\",\"target\":{\"@type\":\"EntryPoint\",\"urlTemplate\":\"https:\/\/moeser-maschinenbau.de\/?s={search_term_string}\"},\"query-input\":\"required name=search_term_string\"}],\"inLanguage\":\"en-US\"},{\"@type\":\"Organization\",\"@id\":\"https:\/\/moeser-maschinenbau.de\/#organization\",\"name\":\"M\u00f6ser Maschinenbau\",\"url\":\"https:\/\/moeser-maschinenbau.de\/\",\"logo\":{\"@type\":\"ImageObject\",\"inLanguage\":\"en-US\",\"@id\":\"https:\/\/moeser-maschinenbau.de\/#\/schema\/logo\/image\/\",\"url\":\"https:\/\/moeser-maschinenbau.de\/wp-content\/uploads\/2020\/05\/cropped-moeser-klein2.png\",\"contentUrl\":\"https:\/\/moeser-maschinenbau.de\/wp-content\/uploads\/2020\/05\/cropped-moeser-klein2.png\",\"width\":245,\"height\":91,\"caption\":\"M\u00f6ser Maschinenbau\"},\"image\":{\"@id\":\"https:\/\/moeser-maschinenbau.de\/#\/schema\/logo\/image\/\"}}]}<\/script>\n<!-- \/ Yoast SEO plugin. -->","yoast_head_json":{"title":"Ro-V 305 Mehrzweck-Generatorfahrzeug - M\u00f6ser Maschinenbau","robots":{"index":"index","follow":"follow","max-snippet":"max-snippet:-1","max-image-preview":"max-image-preview:large","max-video-preview":"max-video-preview:-1"},"canonical":"https:\/\/moeser-maschinenbau.de\/en\/p\/ro-v-305-mehrzweck-generatorfahrzeug\/","og_locale":"en_US","og_type":"article","og_title":"Ro-V 305 Mehrzweck-Generatorfahrzeug - M\u00f6ser Maschinenbau","og_description":"L\u00e4nge: 5800mm Breite: 2200mm H\u00f6he: 2400mm vmax Gleis: 19km\/h max Steigung: 7% min. radius: 18m max. \u00dcberh\u00f6hung: 160mm (1435) vmax Stra\u00dfe: 160km\/h Spurweite: 1435mm optional andere Motorleistung: 150 PS, 3.0 litre diesel Getriebe: 6 speed manual Generator: 400V 50Hz, 50kVA underfloor generator, splitshaft gearbox Eingleiszeit: 2-3 min Ausgleiszeit: 1 min Kran: 1000kg Radstand Stra\u00dfe: 3450 mm Zul. Gesamtgewicht: 3500kg, optional 5000kg Achsformel Stra\u00dfe: 4x2 Achsformel Gleis: 4x4","og_url":"https:\/\/moeser-maschinenbau.de\/en\/p\/ro-v-305-mehrzweck-generatorfahrzeug\/","og_site_name":"M\u00f6ser Maschinenbau","og_image":[{"width":663,"height":321,"url":"https:\/\/moeser-maschinenbau.de\/wp-content\/uploads\/2020\/04\/Ro-V-305.jpg","type":"image\/jpeg"}],"twitter_card":"summary_large_image","schema":{"@context":"https:\/\/schema.org","@graph":[{"@type":"WebPage","@id":"https:\/\/moeser-maschinenbau.de\/p\/ro-v-305-mehrzweck-generatorfahrzeug\/","url":"https:\/\/moeser-maschinenbau.de\/p\/ro-v-305-mehrzweck-generatorfahrzeug\/","name":"Ro-V 305 Mehrzweck-Generatorfahrzeug - M\u00f6ser Maschinenbau","isPartOf":{"@id":"https:\/\/moeser-maschinenbau.de\/#website"},"datePublished":"2020-04-30T10:18:21+00:00","dateModified":"2020-04-30T10:18:21+00:00","breadcrumb":{"@id":"https:\/\/moeser-maschinenbau.de\/p\/ro-v-305-mehrzweck-generatorfahrzeug\/#breadcrumb"},"inLanguage":"en-US","potentialAction":[{"@type":"ReadAction","target":["https:\/\/moeser-maschinenbau.de\/p\/ro-v-305-mehrzweck-generatorfahrzeug\/"]}]},{"@type":"BreadcrumbList","@id":"https:\/\/moeser-maschinenbau.de\/p\/ro-v-305-mehrzweck-generatorfahrzeug\/#breadcrumb","itemListElement":[{"@type":"ListItem","position":1,"name":"Startseite","item":"https:\/\/moeser-maschinenbau.de\/"},{"@type":"ListItem","position":2,"name":"Produkte","item":"https:\/\/moeser-maschinenbau.de\/shop\/"},{"@type":"ListItem","position":3,"name":"Ro-V 305 Mehrzweck-Generatorfahrzeug"}]},{"@type":"WebSite","@id":"https:\/\/moeser-maschinenbau.de\/#website","url":"https:\/\/moeser-maschinenbau.de\/","name":"M\u00f6ser Maschinenbau","description":"","publisher":{"@id":"https:\/\/moeser-maschinenbau.de\/#organization"},"potentialAction":[{"@type":"SearchAction","target":{"@type":"EntryPoint","urlTemplate":"https:\/\/moeser-maschinenbau.de\/?s={search_term_string}"},"query-input":"required name=search_term_string"}],"inLanguage":"en-US"},{"@type":"Organization","@id":"https:\/\/moeser-maschinenbau.de\/#organization","name":"M\u00f6ser Maschinenbau","url":"https:\/\/moeser-maschinenbau.de\/","logo":{"@type":"ImageObject","inLanguage":"en-US","@id":"https:\/\/moeser-maschinenbau.de\/#\/schema\/logo\/image\/","url":"https:\/\/moeser-maschinenbau.de\/wp-content\/uploads\/2020\/05\/cropped-moeser-klein2.png","contentUrl":"https:\/\/moeser-maschinenbau.de\/wp-content\/uploads\/2020\/05\/cropped-moeser-klein2.png","width":245,"height":91,"caption":"M\u00f6ser Maschinenbau"},"image":{"@id":"https:\/\/moeser-maschinenbau.de\/#\/schema\/logo\/image\/"}}]}},"_links":{"self":[{"href":"https:\/\/moeser-maschinenbau.de\/en\/wp-json\/wp\/v2\/product\/3174"}],"collection":[{"href":"https:\/\/moeser-maschinenbau.de\/en\/wp-json\/wp\/v2\/product"}],"about":[{"href":"https:\/\/moeser-maschinenbau.de\/en\/wp-json\/wp\/v2\/types\/product"}],"replies":[{"embeddable":true,"href":"https:\/\/moeser-maschinenbau.de\/en\/wp-json\/wp\/v2\/comments?post=3174"}],"wp:featuredmedia":[{"embeddable":true,"href":"https:\/\/moeser-maschinenbau.de\/en\/wp-json\/wp\/v2\/media\/3166"}],"wp:attachment":[{"href":"https:\/\/moeser-maschinenbau.de\/en\/wp-json\/wp\/v2\/media?parent=3174"}],"wp:term":[{"taxonomy":"product_cat","embeddable":true,"href":"https:\/\/moeser-maschinenbau.de\/en\/wp-json\/wp\/v2\/product_cat?post=3174"},{"taxonomy":"product_tag","embeddable":true,"href":"https:\/\/moeser-maschinenbau.de\/en\/wp-json\/wp\/v2\/product_tag?post=3174"}],"curies":[{"name":"wp","href":"https:\/\/api.w.org\/{rel}","templated":true}]}}