{"id":3202,"date":"2020-04-30T13:00:01","date_gmt":"2020-04-30T11:00:01","guid":{"rendered":"http:\/\/wordpress.moeser-maschinenbau.de\/?post_type=product&#038;p=3202"},"modified":"2020-04-30T13:00:02","modified_gmt":"2020-04-30T11:00:02","slug":"ro-v-289-sandabzieher","status":"publish","type":"product","link":"https:\/\/moeser-maschinenbau.de\/en\/p\/ro-v-289-sandabzieher\/","title":{"rendered":"Ro-V 289 sand levelling device"},"content":{"rendered":"","protected":false},"excerpt":{"rendered":"<p><strong>length:<\/strong> 1328 mm<br \/>\n<strong>width:<\/strong> 630 mm<br \/>\n<strong>height:<\/strong> 600 mm<br \/>\n<strong>weight:<\/strong> ca. 400 kg<br \/>\n<strong>Oil pressure max..:<\/strong> 350 bar<br \/>\n<strong>Oil flow rate Function AST 8:<\/strong> 75 l\/min<\/p>","protected":false},"featured_media":3182,"comment_status":"open","ping_status":"closed","template":"","meta":[],"product_cat":[68],"product_tag":[],"yoast_head":"<!-- This site is optimized with the Yoast SEO plugin v19.9 - https:\/\/yoast.com\/wordpress\/plugins\/seo\/ -->\n<title>Ro-V 289 Sandabzieher - M\u00f6ser Maschinenbau<\/title>\n<meta name=\"robots\" content=\"index, follow, max-snippet:-1, max-image-preview:large, max-video-preview:-1\" \/>\n<link rel=\"canonical\" href=\"https:\/\/moeser-maschinenbau.de\/en\/p\/ro-v-289-sandabzieher\/\" \/>\n<meta property=\"og:locale\" content=\"en_US\" \/>\n<meta property=\"og:type\" content=\"article\" \/>\n<meta property=\"og:title\" content=\"Ro-V 289 Sandabzieher - M\u00f6ser Maschinenbau\" \/>\n<meta property=\"og:description\" content=\"L\u00e4nge: 1328 mm Breite: 630 mm H\u00f6he: 600 mm Gewicht: ca. 400 kg \u00d6ldruck max.: 350 bar \u00d6lvolumenstrom Funktion AST 8: 75 l\/min\" \/>\n<meta property=\"og:url\" content=\"https:\/\/moeser-maschinenbau.de\/en\/p\/ro-v-289-sandabzieher\/\" \/>\n<meta property=\"og:site_name\" content=\"M\u00f6ser Maschinenbau\" \/>\n<meta property=\"article:modified_time\" content=\"2020-04-30T11:00:02+00:00\" \/>\n<meta property=\"og:image\" content=\"https:\/\/moeser-maschinenbau.de\/wp-content\/uploads\/2020\/04\/P1000726-scaled.jpg\" \/>\n\t<meta property=\"og:image:width\" content=\"2560\" \/>\n\t<meta property=\"og:image:height\" content=\"1920\" \/>\n\t<meta property=\"og:image:type\" content=\"image\/jpeg\" \/>\n<meta name=\"twitter:card\" content=\"summary_large_image\" \/>\n<script type=\"application\/ld+json\" class=\"yoast-schema-graph\">{\"@context\":\"https:\/\/schema.org\",\"@graph\":[{\"@type\":\"WebPage\",\"@id\":\"https:\/\/moeser-maschinenbau.de\/p\/ro-v-289-sandabzieher\/\",\"url\":\"https:\/\/moeser-maschinenbau.de\/p\/ro-v-289-sandabzieher\/\",\"name\":\"Ro-V 289 Sandabzieher - M\u00f6ser Maschinenbau\",\"isPartOf\":{\"@id\":\"https:\/\/moeser-maschinenbau.de\/#website\"},\"datePublished\":\"2020-04-30T11:00:01+00:00\",\"dateModified\":\"2020-04-30T11:00:02+00:00\",\"breadcrumb\":{\"@id\":\"https:\/\/moeser-maschinenbau.de\/p\/ro-v-289-sandabzieher\/#breadcrumb\"},\"inLanguage\":\"en-US\",\"potentialAction\":[{\"@type\":\"ReadAction\",\"target\":[\"https:\/\/moeser-maschinenbau.de\/p\/ro-v-289-sandabzieher\/\"]}]},{\"@type\":\"BreadcrumbList\",\"@id\":\"https:\/\/moeser-maschinenbau.de\/p\/ro-v-289-sandabzieher\/#breadcrumb\",\"itemListElement\":[{\"@type\":\"ListItem\",\"position\":1,\"name\":\"Startseite\",\"item\":\"https:\/\/moeser-maschinenbau.de\/\"},{\"@type\":\"ListItem\",\"position\":2,\"name\":\"Produkte\",\"item\":\"https:\/\/moeser-maschinenbau.de\/shop\/\"},{\"@type\":\"ListItem\",\"position\":3,\"name\":\"Ro-V 289 Sandabzieher\"}]},{\"@type\":\"WebSite\",\"@id\":\"https:\/\/moeser-maschinenbau.de\/#website\",\"url\":\"https:\/\/moeser-maschinenbau.de\/\",\"name\":\"M\u00f6ser Maschinenbau\",\"description\":\"\",\"publisher\":{\"@id\":\"https:\/\/moeser-maschinenbau.de\/#organization\"},\"potentialAction\":[{\"@type\":\"SearchAction\",\"target\":{\"@type\":\"EntryPoint\",\"urlTemplate\":\"https:\/\/moeser-maschinenbau.de\/?s={search_term_string}\"},\"query-input\":\"required name=search_term_string\"}],\"inLanguage\":\"en-US\"},{\"@type\":\"Organization\",\"@id\":\"https:\/\/moeser-maschinenbau.de\/#organization\",\"name\":\"M\u00f6ser Maschinenbau\",\"url\":\"https:\/\/moeser-maschinenbau.de\/\",\"logo\":{\"@type\":\"ImageObject\",\"inLanguage\":\"en-US\",\"@id\":\"https:\/\/moeser-maschinenbau.de\/#\/schema\/logo\/image\/\",\"url\":\"https:\/\/moeser-maschinenbau.de\/wp-content\/uploads\/2020\/05\/cropped-moeser-klein2.png\",\"contentUrl\":\"https:\/\/moeser-maschinenbau.de\/wp-content\/uploads\/2020\/05\/cropped-moeser-klein2.png\",\"width\":245,\"height\":91,\"caption\":\"M\u00f6ser Maschinenbau\"},\"image\":{\"@id\":\"https:\/\/moeser-maschinenbau.de\/#\/schema\/logo\/image\/\"}}]}<\/script>\n<!-- \/ Yoast SEO plugin. -->","yoast_head_json":{"title":"Ro-V 289 Sandabzieher - M\u00f6ser Maschinenbau","robots":{"index":"index","follow":"follow","max-snippet":"max-snippet:-1","max-image-preview":"max-image-preview:large","max-video-preview":"max-video-preview:-1"},"canonical":"https:\/\/moeser-maschinenbau.de\/en\/p\/ro-v-289-sandabzieher\/","og_locale":"en_US","og_type":"article","og_title":"Ro-V 289 Sandabzieher - M\u00f6ser Maschinenbau","og_description":"L\u00e4nge: 1328 mm Breite: 630 mm H\u00f6he: 600 mm Gewicht: ca. 400 kg \u00d6ldruck max.: 350 bar \u00d6lvolumenstrom Funktion AST 8: 75 l\/min","og_url":"https:\/\/moeser-maschinenbau.de\/en\/p\/ro-v-289-sandabzieher\/","og_site_name":"M\u00f6ser Maschinenbau","article_modified_time":"2020-04-30T11:00:02+00:00","og_image":[{"width":2560,"height":1920,"url":"https:\/\/moeser-maschinenbau.de\/wp-content\/uploads\/2020\/04\/P1000726-scaled.jpg","type":"image\/jpeg"}],"twitter_card":"summary_large_image","schema":{"@context":"https:\/\/schema.org","@graph":[{"@type":"WebPage","@id":"https:\/\/moeser-maschinenbau.de\/p\/ro-v-289-sandabzieher\/","url":"https:\/\/moeser-maschinenbau.de\/p\/ro-v-289-sandabzieher\/","name":"Ro-V 289 Sandabzieher - M\u00f6ser Maschinenbau","isPartOf":{"@id":"https:\/\/moeser-maschinenbau.de\/#website"},"datePublished":"2020-04-30T11:00:01+00:00","dateModified":"2020-04-30T11:00:02+00:00","breadcrumb":{"@id":"https:\/\/moeser-maschinenbau.de\/p\/ro-v-289-sandabzieher\/#breadcrumb"},"inLanguage":"en-US","potentialAction":[{"@type":"ReadAction","target":["https:\/\/moeser-maschinenbau.de\/p\/ro-v-289-sandabzieher\/"]}]},{"@type":"BreadcrumbList","@id":"https:\/\/moeser-maschinenbau.de\/p\/ro-v-289-sandabzieher\/#breadcrumb","itemListElement":[{"@type":"ListItem","position":1,"name":"Startseite","item":"https:\/\/moeser-maschinenbau.de\/"},{"@type":"ListItem","position":2,"name":"Produkte","item":"https:\/\/moeser-maschinenbau.de\/shop\/"},{"@type":"ListItem","position":3,"name":"Ro-V 289 Sandabzieher"}]},{"@type":"WebSite","@id":"https:\/\/moeser-maschinenbau.de\/#website","url":"https:\/\/moeser-maschinenbau.de\/","name":"M\u00f6ser Maschinenbau","description":"","publisher":{"@id":"https:\/\/moeser-maschinenbau.de\/#organization"},"potentialAction":[{"@type":"SearchAction","target":{"@type":"EntryPoint","urlTemplate":"https:\/\/moeser-maschinenbau.de\/?s={search_term_string}"},"query-input":"required name=search_term_string"}],"inLanguage":"en-US"},{"@type":"Organization","@id":"https:\/\/moeser-maschinenbau.de\/#organization","name":"M\u00f6ser Maschinenbau","url":"https:\/\/moeser-maschinenbau.de\/","logo":{"@type":"ImageObject","inLanguage":"en-US","@id":"https:\/\/moeser-maschinenbau.de\/#\/schema\/logo\/image\/","url":"https:\/\/moeser-maschinenbau.de\/wp-content\/uploads\/2020\/05\/cropped-moeser-klein2.png","contentUrl":"https:\/\/moeser-maschinenbau.de\/wp-content\/uploads\/2020\/05\/cropped-moeser-klein2.png","width":245,"height":91,"caption":"M\u00f6ser Maschinenbau"},"image":{"@id":"https:\/\/moeser-maschinenbau.de\/#\/schema\/logo\/image\/"}}]}},"_links":{"self":[{"href":"https:\/\/moeser-maschinenbau.de\/en\/wp-json\/wp\/v2\/product\/3202"}],"collection":[{"href":"https:\/\/moeser-maschinenbau.de\/en\/wp-json\/wp\/v2\/product"}],"about":[{"href":"https:\/\/moeser-maschinenbau.de\/en\/wp-json\/wp\/v2\/types\/product"}],"replies":[{"embeddable":true,"href":"https:\/\/moeser-maschinenbau.de\/en\/wp-json\/wp\/v2\/comments?post=3202"}],"wp:featuredmedia":[{"embeddable":true,"href":"https:\/\/moeser-maschinenbau.de\/en\/wp-json\/wp\/v2\/media\/3182"}],"wp:attachment":[{"href":"https:\/\/moeser-maschinenbau.de\/en\/wp-json\/wp\/v2\/media?parent=3202"}],"wp:term":[{"taxonomy":"product_cat","embeddable":true,"href":"https:\/\/moeser-maschinenbau.de\/en\/wp-json\/wp\/v2\/product_cat?post=3202"},{"taxonomy":"product_tag","embeddable":true,"href":"https:\/\/moeser-maschinenbau.de\/en\/wp-json\/wp\/v2\/product_tag?post=3202"}],"curies":[{"name":"wp","href":"https:\/\/api.w.org\/{rel}","templated":true}]}}