{"id":3213,"date":"2020-04-30T13:15:28","date_gmt":"2020-04-30T11:15:28","guid":{"rendered":"http:\/\/wordpress.moeser-maschinenbau.de\/?post_type=product&#038;p=3213"},"modified":"2020-04-30T13:15:28","modified_gmt":"2020-04-30T11:15:28","slug":"ro-v-135-4-2hd-2-wellen-schleifmaschine","status":"publish","type":"product","link":"https:\/\/moeser-maschinenbau.de\/en\/p\/ro-v-135-4-2hd-2-wellen-schleifmaschine\/","title":{"rendered":"Ro-V 135.4 2HD 2-stones rail grinder"},"content":{"rendered":"","protected":false},"excerpt":{"rendered":"<p>Powerful and compact rail grinding\nmachine treatments of turnouts,\ncrossings and track sections\ncombination with RR-Vehicles\npossible<\/p>\n<p><strong>track gauge:<\/strong> 1435mm<br \/>\n<strong>driving speed<\/strong> 0-5km\/h<br \/>\n<strong>grinding power<\/strong> 2x11kW<br \/>\n<strong>angle range<\/strong> 45\u00b0 au\u00dfen bis 92\u00b0 innen<br \/>\n<strong>abrasives:<\/strong> Cup discs \u00f8 80-130mm<br \/>\n<strong>peripheral discs:<\/strong> \u00f8 230mm<br \/>\n<strong>tare weight:<\/strong> ca. 500 kg<\/p>","protected":false},"featured_media":3191,"comment_status":"open","ping_status":"closed","template":"","meta":[],"product_cat":[73],"product_tag":[],"yoast_head":"<!-- This site is optimized with the Yoast SEO plugin v19.9 - https:\/\/yoast.com\/wordpress\/plugins\/seo\/ -->\n<title>Ro-V 135.4 2HD 2-Wellen-Schleifmaschine - M\u00f6ser Maschinenbau<\/title>\n<meta name=\"robots\" content=\"index, follow, max-snippet:-1, max-image-preview:large, max-video-preview:-1\" \/>\n<link rel=\"canonical\" href=\"https:\/\/moeser-maschinenbau.de\/en\/p\/ro-v-135-4-2hd-2-wellen-schleifmaschine\/\" \/>\n<meta property=\"og:locale\" content=\"en_US\" \/>\n<meta property=\"og:type\" content=\"article\" \/>\n<meta property=\"og:title\" content=\"Ro-V 135.4 2HD 2-Wellen-Schleifmaschine - M\u00f6ser Maschinenbau\" \/>\n<meta property=\"og:description\" content=\"Leistungsf\u00e4hige kompakte Schleifmaschine Bearbeitung von Weichen, Kreuzungen und kurzen Gleisabschnitten Kompatibel mit ZW-Fahrzeugen.  Spurweite: 1435mm Fahrgeschwindigkeit: 0-5km\/h Schleifleistung: 2x11kW Winkelverstellbereich: 45\u00b0 au\u00dfen bis 92\u00b0 innen Schleifk\u00f6rper: Topfscheiben \u00f8 80-130mm Umfangsscheiben: \u00f8 230mm Eigengewicht: ca. 500 kg\" \/>\n<meta property=\"og:url\" content=\"https:\/\/moeser-maschinenbau.de\/en\/p\/ro-v-135-4-2hd-2-wellen-schleifmaschine\/\" \/>\n<meta property=\"og:site_name\" content=\"M\u00f6ser Maschinenbau\" \/>\n<meta property=\"og:image\" content=\"https:\/\/moeser-maschinenbau.de\/wp-content\/uploads\/2020\/04\/Ro-V-135.4.jpg\" \/>\n\t<meta property=\"og:image:width\" content=\"303\" \/>\n\t<meta property=\"og:image:height\" content=\"233\" \/>\n\t<meta property=\"og:image:type\" content=\"image\/jpeg\" \/>\n<meta name=\"twitter:card\" content=\"summary_large_image\" \/>\n<script type=\"application\/ld+json\" class=\"yoast-schema-graph\">{\"@context\":\"https:\/\/schema.org\",\"@graph\":[{\"@type\":\"WebPage\",\"@id\":\"https:\/\/moeser-maschinenbau.de\/p\/ro-v-135-4-2hd-2-wellen-schleifmaschine\/\",\"url\":\"https:\/\/moeser-maschinenbau.de\/p\/ro-v-135-4-2hd-2-wellen-schleifmaschine\/\",\"name\":\"Ro-V 135.4 2HD 2-Wellen-Schleifmaschine - M\u00f6ser Maschinenbau\",\"isPartOf\":{\"@id\":\"https:\/\/moeser-maschinenbau.de\/#website\"},\"datePublished\":\"2020-04-30T11:15:28+00:00\",\"dateModified\":\"2020-04-30T11:15:28+00:00\",\"breadcrumb\":{\"@id\":\"https:\/\/moeser-maschinenbau.de\/p\/ro-v-135-4-2hd-2-wellen-schleifmaschine\/#breadcrumb\"},\"inLanguage\":\"en-US\",\"potentialAction\":[{\"@type\":\"ReadAction\",\"target\":[\"https:\/\/moeser-maschinenbau.de\/p\/ro-v-135-4-2hd-2-wellen-schleifmaschine\/\"]}]},{\"@type\":\"BreadcrumbList\",\"@id\":\"https:\/\/moeser-maschinenbau.de\/p\/ro-v-135-4-2hd-2-wellen-schleifmaschine\/#breadcrumb\",\"itemListElement\":[{\"@type\":\"ListItem\",\"position\":1,\"name\":\"Startseite\",\"item\":\"https:\/\/moeser-maschinenbau.de\/\"},{\"@type\":\"ListItem\",\"position\":2,\"name\":\"Produkte\",\"item\":\"https:\/\/moeser-maschinenbau.de\/shop\/\"},{\"@type\":\"ListItem\",\"position\":3,\"name\":\"Ro-V 135.4 2HD 2-Wellen-Schleifmaschine\"}]},{\"@type\":\"WebSite\",\"@id\":\"https:\/\/moeser-maschinenbau.de\/#website\",\"url\":\"https:\/\/moeser-maschinenbau.de\/\",\"name\":\"M\u00f6ser Maschinenbau\",\"description\":\"\",\"publisher\":{\"@id\":\"https:\/\/moeser-maschinenbau.de\/#organization\"},\"potentialAction\":[{\"@type\":\"SearchAction\",\"target\":{\"@type\":\"EntryPoint\",\"urlTemplate\":\"https:\/\/moeser-maschinenbau.de\/?s={search_term_string}\"},\"query-input\":\"required name=search_term_string\"}],\"inLanguage\":\"en-US\"},{\"@type\":\"Organization\",\"@id\":\"https:\/\/moeser-maschinenbau.de\/#organization\",\"name\":\"M\u00f6ser Maschinenbau\",\"url\":\"https:\/\/moeser-maschinenbau.de\/\",\"logo\":{\"@type\":\"ImageObject\",\"inLanguage\":\"en-US\",\"@id\":\"https:\/\/moeser-maschinenbau.de\/#\/schema\/logo\/image\/\",\"url\":\"https:\/\/moeser-maschinenbau.de\/wp-content\/uploads\/2020\/05\/cropped-moeser-klein2.png\",\"contentUrl\":\"https:\/\/moeser-maschinenbau.de\/wp-content\/uploads\/2020\/05\/cropped-moeser-klein2.png\",\"width\":245,\"height\":91,\"caption\":\"M\u00f6ser Maschinenbau\"},\"image\":{\"@id\":\"https:\/\/moeser-maschinenbau.de\/#\/schema\/logo\/image\/\"}}]}<\/script>\n<!-- \/ Yoast SEO plugin. -->","yoast_head_json":{"title":"Ro-V 135.4 2HD 2-Wellen-Schleifmaschine - M\u00f6ser Maschinenbau","robots":{"index":"index","follow":"follow","max-snippet":"max-snippet:-1","max-image-preview":"max-image-preview:large","max-video-preview":"max-video-preview:-1"},"canonical":"https:\/\/moeser-maschinenbau.de\/en\/p\/ro-v-135-4-2hd-2-wellen-schleifmaschine\/","og_locale":"en_US","og_type":"article","og_title":"Ro-V 135.4 2HD 2-Wellen-Schleifmaschine - M\u00f6ser Maschinenbau","og_description":"Leistungsf\u00e4hige kompakte Schleifmaschine Bearbeitung von Weichen, Kreuzungen und kurzen Gleisabschnitten Kompatibel mit ZW-Fahrzeugen.  Spurweite: 1435mm Fahrgeschwindigkeit: 0-5km\/h Schleifleistung: 2x11kW Winkelverstellbereich: 45\u00b0 au\u00dfen bis 92\u00b0 innen Schleifk\u00f6rper: Topfscheiben \u00f8 80-130mm Umfangsscheiben: \u00f8 230mm Eigengewicht: ca. 500 kg","og_url":"https:\/\/moeser-maschinenbau.de\/en\/p\/ro-v-135-4-2hd-2-wellen-schleifmaschine\/","og_site_name":"M\u00f6ser Maschinenbau","og_image":[{"width":303,"height":233,"url":"https:\/\/moeser-maschinenbau.de\/wp-content\/uploads\/2020\/04\/Ro-V-135.4.jpg","type":"image\/jpeg"}],"twitter_card":"summary_large_image","schema":{"@context":"https:\/\/schema.org","@graph":[{"@type":"WebPage","@id":"https:\/\/moeser-maschinenbau.de\/p\/ro-v-135-4-2hd-2-wellen-schleifmaschine\/","url":"https:\/\/moeser-maschinenbau.de\/p\/ro-v-135-4-2hd-2-wellen-schleifmaschine\/","name":"Ro-V 135.4 2HD 2-Wellen-Schleifmaschine - M\u00f6ser Maschinenbau","isPartOf":{"@id":"https:\/\/moeser-maschinenbau.de\/#website"},"datePublished":"2020-04-30T11:15:28+00:00","dateModified":"2020-04-30T11:15:28+00:00","breadcrumb":{"@id":"https:\/\/moeser-maschinenbau.de\/p\/ro-v-135-4-2hd-2-wellen-schleifmaschine\/#breadcrumb"},"inLanguage":"en-US","potentialAction":[{"@type":"ReadAction","target":["https:\/\/moeser-maschinenbau.de\/p\/ro-v-135-4-2hd-2-wellen-schleifmaschine\/"]}]},{"@type":"BreadcrumbList","@id":"https:\/\/moeser-maschinenbau.de\/p\/ro-v-135-4-2hd-2-wellen-schleifmaschine\/#breadcrumb","itemListElement":[{"@type":"ListItem","position":1,"name":"Startseite","item":"https:\/\/moeser-maschinenbau.de\/"},{"@type":"ListItem","position":2,"name":"Produkte","item":"https:\/\/moeser-maschinenbau.de\/shop\/"},{"@type":"ListItem","position":3,"name":"Ro-V 135.4 2HD 2-Wellen-Schleifmaschine"}]},{"@type":"WebSite","@id":"https:\/\/moeser-maschinenbau.de\/#website","url":"https:\/\/moeser-maschinenbau.de\/","name":"M\u00f6ser Maschinenbau","description":"","publisher":{"@id":"https:\/\/moeser-maschinenbau.de\/#organization"},"potentialAction":[{"@type":"SearchAction","target":{"@type":"EntryPoint","urlTemplate":"https:\/\/moeser-maschinenbau.de\/?s={search_term_string}"},"query-input":"required name=search_term_string"}],"inLanguage":"en-US"},{"@type":"Organization","@id":"https:\/\/moeser-maschinenbau.de\/#organization","name":"M\u00f6ser Maschinenbau","url":"https:\/\/moeser-maschinenbau.de\/","logo":{"@type":"ImageObject","inLanguage":"en-US","@id":"https:\/\/moeser-maschinenbau.de\/#\/schema\/logo\/image\/","url":"https:\/\/moeser-maschinenbau.de\/wp-content\/uploads\/2020\/05\/cropped-moeser-klein2.png","contentUrl":"https:\/\/moeser-maschinenbau.de\/wp-content\/uploads\/2020\/05\/cropped-moeser-klein2.png","width":245,"height":91,"caption":"M\u00f6ser Maschinenbau"},"image":{"@id":"https:\/\/moeser-maschinenbau.de\/#\/schema\/logo\/image\/"}}]}},"_links":{"self":[{"href":"https:\/\/moeser-maschinenbau.de\/en\/wp-json\/wp\/v2\/product\/3213"}],"collection":[{"href":"https:\/\/moeser-maschinenbau.de\/en\/wp-json\/wp\/v2\/product"}],"about":[{"href":"https:\/\/moeser-maschinenbau.de\/en\/wp-json\/wp\/v2\/types\/product"}],"replies":[{"embeddable":true,"href":"https:\/\/moeser-maschinenbau.de\/en\/wp-json\/wp\/v2\/comments?post=3213"}],"wp:featuredmedia":[{"embeddable":true,"href":"https:\/\/moeser-maschinenbau.de\/en\/wp-json\/wp\/v2\/media\/3191"}],"wp:attachment":[{"href":"https:\/\/moeser-maschinenbau.de\/en\/wp-json\/wp\/v2\/media?parent=3213"}],"wp:term":[{"taxonomy":"product_cat","embeddable":true,"href":"https:\/\/moeser-maschinenbau.de\/en\/wp-json\/wp\/v2\/product_cat?post=3213"},{"taxonomy":"product_tag","embeddable":true,"href":"https:\/\/moeser-maschinenbau.de\/en\/wp-json\/wp\/v2\/product_tag?post=3213"}],"curies":[{"name":"wp","href":"https:\/\/api.w.org\/{rel}","templated":true}]}}