{"id":3216,"date":"2020-04-30T13:20:18","date_gmt":"2020-04-30T11:20:18","guid":{"rendered":"http:\/\/wordpress.moeser-maschinenbau.de\/?post_type=product&#038;p=3216"},"modified":"2020-05-07T15:45:06","modified_gmt":"2020-05-07T13:45:06","slug":"ro-v-135-3-v1-v2-schienenschleifmaschine","status":"publish","type":"product","link":"https:\/\/moeser-maschinenbau.de\/en\/p\/ro-v-135-3-v1-v2-schienenschleifmaschine\/","title":{"rendered":"Ro-V 135.3-V1\/V2 Rail grinding machine"},"content":{"rendered":"<p><img loading=\"lazy\" class=\"alignnone wp-image-3195\" src=\"http:\/\/wordpress.moeser-maschinenbau.de\/wp-content\/uploads\/2020\/04\/Ro-V-135.3-3-288x300.png\" alt=\"\" width=\"470\" height=\"490\" srcset=\"https:\/\/moeser-maschinenbau.de\/wp-content\/uploads\/2020\/04\/Ro-V-135.3-3-288x300.png 288w, https:\/\/moeser-maschinenbau.de\/wp-content\/uploads\/2020\/04\/Ro-V-135.3-3.png 485w\" sizes=\"(max-width: 470px) 100vw, 470px\" \/><\/p>\n<p><img loading=\"lazy\" class=\"alignnone  wp-image-3339\" src=\"http:\/\/wordpress.moeser-maschinenbau.de\/wp-content\/uploads\/2020\/04\/45-290x300.png\" alt=\"\" width=\"461\" height=\"477\" srcset=\"https:\/\/moeser-maschinenbau.de\/wp-content\/uploads\/2020\/04\/45-290x300.png 290w, https:\/\/moeser-maschinenbau.de\/wp-content\/uploads\/2020\/04\/45-600x621.png 600w, https:\/\/moeser-maschinenbau.de\/wp-content\/uploads\/2020\/04\/45.png 619w\" sizes=\"(max-width: 461px) 100vw, 461px\" \/><\/p>","protected":false},"excerpt":{"rendered":"<p>The Ro-V 135.3 V series rail grinders are compact and powerful heavy duty\nmachines, designed for treatment of vignol and grooved rails, turnouts and\ncrossings and crane rails. It can work in both directions. The stone position is\noperated manually and may be adjusted precisely. This enables the machine\nto work very well in turnouts, crossings and also grooved rail.<\/p>\n<p><strong>Further details can be found at the bottom of the page.<\/strong><\/p>","protected":false},"featured_media":3197,"comment_status":"open","ping_status":"closed","template":"","meta":[],"product_cat":[73],"product_tag":[],"yoast_head":"<!-- This site is optimized with the Yoast SEO plugin v19.9 - https:\/\/yoast.com\/wordpress\/plugins\/seo\/ -->\n<title>Ro-V 135.3-V1\/V2 Schienenschleifmaschine - M\u00f6ser Maschinenbau<\/title>\n<meta name=\"robots\" content=\"index, follow, max-snippet:-1, max-image-preview:large, max-video-preview:-1\" \/>\n<link rel=\"canonical\" href=\"https:\/\/moeser-maschinenbau.de\/en\/p\/ro-v-135-3-v1-v2-schienenschleifmaschine\/\" \/>\n<meta property=\"og:locale\" content=\"en_US\" \/>\n<meta property=\"og:type\" content=\"article\" \/>\n<meta property=\"og:title\" content=\"Ro-V 135.3-V1\/V2 Schienenschleifmaschine - M\u00f6ser Maschinenbau\" \/>\n<meta property=\"og:description\" content=\"Die Ro-V 135.3 V Schleifmaschinen sind kompakte und sehr leistungsstarke Ger\u00e4te zur Beabeitung von Vignol- und Rillenschienen, Weichen und Kreuzungen. Die Zustellung in allen Achsen erfolgt h\u00e4ndisch. Die Fahrgeschwindigkleit ist in beiden Richtungen stufenlos regelbar. Dies erm\u00f6glicht ein pr\u00e4zises Arbeiten und zugleich hohe Abtr\u00e4ge.  Weitere Details finden Sie im unteren Teil der Seite.\" \/>\n<meta property=\"og:url\" content=\"https:\/\/moeser-maschinenbau.de\/en\/p\/ro-v-135-3-v1-v2-schienenschleifmaschine\/\" \/>\n<meta property=\"og:site_name\" content=\"M\u00f6ser Maschinenbau\" \/>\n<meta property=\"article:modified_time\" content=\"2020-05-07T13:45:06+00:00\" \/>\n<meta property=\"og:image\" content=\"https:\/\/moeser-maschinenbau.de\/wp-content\/uploads\/2020\/04\/Ro-V-135.3-2.jpg\" \/>\n\t<meta property=\"og:image:width\" content=\"327\" \/>\n\t<meta property=\"og:image:height\" content=\"226\" \/>\n\t<meta property=\"og:image:type\" content=\"image\/jpeg\" \/>\n<meta name=\"twitter:card\" content=\"summary_large_image\" \/>\n<script type=\"application\/ld+json\" class=\"yoast-schema-graph\">{\"@context\":\"https:\/\/schema.org\",\"@graph\":[{\"@type\":\"WebPage\",\"@id\":\"https:\/\/moeser-maschinenbau.de\/p\/ro-v-135-3-v1-v2-schienenschleifmaschine\/\",\"url\":\"https:\/\/moeser-maschinenbau.de\/p\/ro-v-135-3-v1-v2-schienenschleifmaschine\/\",\"name\":\"Ro-V 135.3-V1\/V2 Schienenschleifmaschine - M\u00f6ser Maschinenbau\",\"isPartOf\":{\"@id\":\"https:\/\/moeser-maschinenbau.de\/#website\"},\"datePublished\":\"2020-04-30T11:20:18+00:00\",\"dateModified\":\"2020-05-07T13:45:06+00:00\",\"breadcrumb\":{\"@id\":\"https:\/\/moeser-maschinenbau.de\/p\/ro-v-135-3-v1-v2-schienenschleifmaschine\/#breadcrumb\"},\"inLanguage\":\"en-US\",\"potentialAction\":[{\"@type\":\"ReadAction\",\"target\":[\"https:\/\/moeser-maschinenbau.de\/p\/ro-v-135-3-v1-v2-schienenschleifmaschine\/\"]}]},{\"@type\":\"BreadcrumbList\",\"@id\":\"https:\/\/moeser-maschinenbau.de\/p\/ro-v-135-3-v1-v2-schienenschleifmaschine\/#breadcrumb\",\"itemListElement\":[{\"@type\":\"ListItem\",\"position\":1,\"name\":\"Startseite\",\"item\":\"https:\/\/moeser-maschinenbau.de\/\"},{\"@type\":\"ListItem\",\"position\":2,\"name\":\"Produkte\",\"item\":\"https:\/\/moeser-maschinenbau.de\/shop\/\"},{\"@type\":\"ListItem\",\"position\":3,\"name\":\"Ro-V 135.3-V1\/V2 Schienenschleifmaschine\"}]},{\"@type\":\"WebSite\",\"@id\":\"https:\/\/moeser-maschinenbau.de\/#website\",\"url\":\"https:\/\/moeser-maschinenbau.de\/\",\"name\":\"M\u00f6ser Maschinenbau\",\"description\":\"\",\"publisher\":{\"@id\":\"https:\/\/moeser-maschinenbau.de\/#organization\"},\"potentialAction\":[{\"@type\":\"SearchAction\",\"target\":{\"@type\":\"EntryPoint\",\"urlTemplate\":\"https:\/\/moeser-maschinenbau.de\/?s={search_term_string}\"},\"query-input\":\"required name=search_term_string\"}],\"inLanguage\":\"en-US\"},{\"@type\":\"Organization\",\"@id\":\"https:\/\/moeser-maschinenbau.de\/#organization\",\"name\":\"M\u00f6ser Maschinenbau\",\"url\":\"https:\/\/moeser-maschinenbau.de\/\",\"logo\":{\"@type\":\"ImageObject\",\"inLanguage\":\"en-US\",\"@id\":\"https:\/\/moeser-maschinenbau.de\/#\/schema\/logo\/image\/\",\"url\":\"https:\/\/moeser-maschinenbau.de\/wp-content\/uploads\/2020\/05\/cropped-moeser-klein2.png\",\"contentUrl\":\"https:\/\/moeser-maschinenbau.de\/wp-content\/uploads\/2020\/05\/cropped-moeser-klein2.png\",\"width\":245,\"height\":91,\"caption\":\"M\u00f6ser Maschinenbau\"},\"image\":{\"@id\":\"https:\/\/moeser-maschinenbau.de\/#\/schema\/logo\/image\/\"}}]}<\/script>\n<!-- \/ Yoast SEO plugin. -->","yoast_head_json":{"title":"Ro-V 135.3-V1\/V2 Schienenschleifmaschine - M\u00f6ser Maschinenbau","robots":{"index":"index","follow":"follow","max-snippet":"max-snippet:-1","max-image-preview":"max-image-preview:large","max-video-preview":"max-video-preview:-1"},"canonical":"https:\/\/moeser-maschinenbau.de\/en\/p\/ro-v-135-3-v1-v2-schienenschleifmaschine\/","og_locale":"en_US","og_type":"article","og_title":"Ro-V 135.3-V1\/V2 Schienenschleifmaschine - M\u00f6ser Maschinenbau","og_description":"Die Ro-V 135.3 V Schleifmaschinen sind kompakte und sehr leistungsstarke Ger\u00e4te zur Beabeitung von Vignol- und Rillenschienen, Weichen und Kreuzungen. Die Zustellung in allen Achsen erfolgt h\u00e4ndisch. Die Fahrgeschwindigkleit ist in beiden Richtungen stufenlos regelbar. Dies erm\u00f6glicht ein pr\u00e4zises Arbeiten und zugleich hohe Abtr\u00e4ge.  Weitere Details finden Sie im unteren Teil der Seite.","og_url":"https:\/\/moeser-maschinenbau.de\/en\/p\/ro-v-135-3-v1-v2-schienenschleifmaschine\/","og_site_name":"M\u00f6ser Maschinenbau","article_modified_time":"2020-05-07T13:45:06+00:00","og_image":[{"width":327,"height":226,"url":"https:\/\/moeser-maschinenbau.de\/wp-content\/uploads\/2020\/04\/Ro-V-135.3-2.jpg","type":"image\/jpeg"}],"twitter_card":"summary_large_image","schema":{"@context":"https:\/\/schema.org","@graph":[{"@type":"WebPage","@id":"https:\/\/moeser-maschinenbau.de\/p\/ro-v-135-3-v1-v2-schienenschleifmaschine\/","url":"https:\/\/moeser-maschinenbau.de\/p\/ro-v-135-3-v1-v2-schienenschleifmaschine\/","name":"Ro-V 135.3-V1\/V2 Schienenschleifmaschine - M\u00f6ser Maschinenbau","isPartOf":{"@id":"https:\/\/moeser-maschinenbau.de\/#website"},"datePublished":"2020-04-30T11:20:18+00:00","dateModified":"2020-05-07T13:45:06+00:00","breadcrumb":{"@id":"https:\/\/moeser-maschinenbau.de\/p\/ro-v-135-3-v1-v2-schienenschleifmaschine\/#breadcrumb"},"inLanguage":"en-US","potentialAction":[{"@type":"ReadAction","target":["https:\/\/moeser-maschinenbau.de\/p\/ro-v-135-3-v1-v2-schienenschleifmaschine\/"]}]},{"@type":"BreadcrumbList","@id":"https:\/\/moeser-maschinenbau.de\/p\/ro-v-135-3-v1-v2-schienenschleifmaschine\/#breadcrumb","itemListElement":[{"@type":"ListItem","position":1,"name":"Startseite","item":"https:\/\/moeser-maschinenbau.de\/"},{"@type":"ListItem","position":2,"name":"Produkte","item":"https:\/\/moeser-maschinenbau.de\/shop\/"},{"@type":"ListItem","position":3,"name":"Ro-V 135.3-V1\/V2 Schienenschleifmaschine"}]},{"@type":"WebSite","@id":"https:\/\/moeser-maschinenbau.de\/#website","url":"https:\/\/moeser-maschinenbau.de\/","name":"M\u00f6ser Maschinenbau","description":"","publisher":{"@id":"https:\/\/moeser-maschinenbau.de\/#organization"},"potentialAction":[{"@type":"SearchAction","target":{"@type":"EntryPoint","urlTemplate":"https:\/\/moeser-maschinenbau.de\/?s={search_term_string}"},"query-input":"required name=search_term_string"}],"inLanguage":"en-US"},{"@type":"Organization","@id":"https:\/\/moeser-maschinenbau.de\/#organization","name":"M\u00f6ser Maschinenbau","url":"https:\/\/moeser-maschinenbau.de\/","logo":{"@type":"ImageObject","inLanguage":"en-US","@id":"https:\/\/moeser-maschinenbau.de\/#\/schema\/logo\/image\/","url":"https:\/\/moeser-maschinenbau.de\/wp-content\/uploads\/2020\/05\/cropped-moeser-klein2.png","contentUrl":"https:\/\/moeser-maschinenbau.de\/wp-content\/uploads\/2020\/05\/cropped-moeser-klein2.png","width":245,"height":91,"caption":"M\u00f6ser Maschinenbau"},"image":{"@id":"https:\/\/moeser-maschinenbau.de\/#\/schema\/logo\/image\/"}}]}},"_links":{"self":[{"href":"https:\/\/moeser-maschinenbau.de\/en\/wp-json\/wp\/v2\/product\/3216"}],"collection":[{"href":"https:\/\/moeser-maschinenbau.de\/en\/wp-json\/wp\/v2\/product"}],"about":[{"href":"https:\/\/moeser-maschinenbau.de\/en\/wp-json\/wp\/v2\/types\/product"}],"replies":[{"embeddable":true,"href":"https:\/\/moeser-maschinenbau.de\/en\/wp-json\/wp\/v2\/comments?post=3216"}],"wp:featuredmedia":[{"embeddable":true,"href":"https:\/\/moeser-maschinenbau.de\/en\/wp-json\/wp\/v2\/media\/3197"}],"wp:attachment":[{"href":"https:\/\/moeser-maschinenbau.de\/en\/wp-json\/wp\/v2\/media?parent=3216"}],"wp:term":[{"taxonomy":"product_cat","embeddable":true,"href":"https:\/\/moeser-maschinenbau.de\/en\/wp-json\/wp\/v2\/product_cat?post=3216"},{"taxonomy":"product_tag","embeddable":true,"href":"https:\/\/moeser-maschinenbau.de\/en\/wp-json\/wp\/v2\/product_tag?post=3216"}],"curies":[{"name":"wp","href":"https:\/\/api.w.org\/{rel}","templated":true}]}}