{"id":3240,"date":"2020-04-30T13:44:34","date_gmt":"2020-04-30T11:44:34","guid":{"rendered":"http:\/\/wordpress.moeser-maschinenbau.de\/?post_type=product&#038;p=3240"},"modified":"2020-04-30T13:45:32","modified_gmt":"2020-04-30T11:45:32","slug":"ro-v-310-schienenfraesmaschine","status":"publish","type":"product","link":"https:\/\/moeser-maschinenbau.de\/en\/p\/ro-v-310-schienenfraesmaschine\/","title":{"rendered":"Ro-V 310 rail milling machine"},"content":{"rendered":"","protected":false},"excerpt":{"rendered":"<p>Small and flexible machine for the production of drainage slots and for the treatment of specific problem areas. On track-adjustable two-way carriage for easy handling.<\/p>\n<p><strong>Dimensions (LxWxH):<\/strong> 1300 (+760)x2220x900 mm<br \/>\n<strong>Machining path x:<\/strong> (transverse to track axis) 155 mm<br \/>\n<strong>Machining path y:<\/strong> (longitudinal to track axis) 345 mm<br \/>\n<strong>Delivery path z:<\/strong> (vertical) 200 mm<br \/>\n<strong>Speed milling spindle:<\/strong> 2850\/min<br \/>\n<strong>Tools:<\/strong> VHM finger cutter \u00f810-20mm<br \/>\n<strong>Weight<\/strong>: ca. 165 kg<br \/>\n<strong>Rail chassis:<\/strong> 4x disc wheel, insulated<br \/>\n<strong>Fixation milling head:<\/strong> 2x magnetic base<br \/>\n<strong>Lighting:<\/strong> 1x LED 10W<\/p>","protected":false},"featured_media":3220,"comment_status":"open","ping_status":"closed","template":"","meta":[],"product_cat":[73],"product_tag":[],"yoast_head":"<!-- This site is optimized with the Yoast SEO plugin v19.9 - https:\/\/yoast.com\/wordpress\/plugins\/seo\/ -->\n<title>Ro-V 310 Schienenfr\u00e4smaschine - M\u00f6ser Maschinenbau<\/title>\n<meta name=\"robots\" content=\"index, follow, max-snippet:-1, max-image-preview:large, max-video-preview:-1\" \/>\n<link rel=\"canonical\" href=\"https:\/\/moeser-maschinenbau.de\/en\/p\/ro-v-310-schienenfraesmaschine\/\" \/>\n<meta property=\"og:locale\" content=\"en_US\" \/>\n<meta property=\"og:type\" content=\"article\" \/>\n<meta property=\"og:title\" content=\"Ro-V 310 Schienenfr\u00e4smaschine - M\u00f6ser Maschinenbau\" \/>\n<meta property=\"og:description\" content=\"Kleine und flexible Maschine zur Herstellung von Entw\u00e4sserungsschlitzen und zur Bearbeitung gezielter Problemstellen. Auf spurverstellbarer Zweiwegelafette zum leichten Handling.  Abmessungen (LXBxH): 1300 (+760)x2220x900 mm Bearbeitungsweg x: (quer z. Gleisachse) 155 mm Bearbeitungsweg y: (l\u00e4ngs z. Gleisachse) 345 mm Zustellweg z: (vertikal) 200 mm Drehzahl Fr\u00e4sspindel: 2850\/min Werkzeuge: VHM-Fingerfr\u00e4ser \u00f810-20mm Gewicht: ca. 165 kg Schienenfahrwerk: 4x Scheibenrad, isoliert Fixierung Fr\u00e4skopf: 2x Magnetfu\u00df Beleuchtung: 1x LED 10W\" \/>\n<meta property=\"og:url\" content=\"https:\/\/moeser-maschinenbau.de\/en\/p\/ro-v-310-schienenfraesmaschine\/\" \/>\n<meta property=\"og:site_name\" content=\"M\u00f6ser Maschinenbau\" \/>\n<meta property=\"article:modified_time\" content=\"2020-04-30T11:45:32+00:00\" \/>\n<meta property=\"og:image\" content=\"https:\/\/moeser-maschinenbau.de\/wp-content\/uploads\/2020\/04\/Ro-V-310.jpg\" \/>\n\t<meta property=\"og:image:width\" content=\"293\" \/>\n\t<meta property=\"og:image:height\" content=\"220\" \/>\n\t<meta property=\"og:image:type\" content=\"image\/jpeg\" \/>\n<meta name=\"twitter:card\" content=\"summary_large_image\" \/>\n<script type=\"application\/ld+json\" class=\"yoast-schema-graph\">{\"@context\":\"https:\/\/schema.org\",\"@graph\":[{\"@type\":\"WebPage\",\"@id\":\"https:\/\/moeser-maschinenbau.de\/p\/ro-v-310-schienenfraesmaschine\/\",\"url\":\"https:\/\/moeser-maschinenbau.de\/p\/ro-v-310-schienenfraesmaschine\/\",\"name\":\"Ro-V 310 Schienenfr\u00e4smaschine - M\u00f6ser Maschinenbau\",\"isPartOf\":{\"@id\":\"https:\/\/moeser-maschinenbau.de\/#website\"},\"datePublished\":\"2020-04-30T11:44:34+00:00\",\"dateModified\":\"2020-04-30T11:45:32+00:00\",\"breadcrumb\":{\"@id\":\"https:\/\/moeser-maschinenbau.de\/p\/ro-v-310-schienenfraesmaschine\/#breadcrumb\"},\"inLanguage\":\"en-US\",\"potentialAction\":[{\"@type\":\"ReadAction\",\"target\":[\"https:\/\/moeser-maschinenbau.de\/p\/ro-v-310-schienenfraesmaschine\/\"]}]},{\"@type\":\"BreadcrumbList\",\"@id\":\"https:\/\/moeser-maschinenbau.de\/p\/ro-v-310-schienenfraesmaschine\/#breadcrumb\",\"itemListElement\":[{\"@type\":\"ListItem\",\"position\":1,\"name\":\"Startseite\",\"item\":\"https:\/\/moeser-maschinenbau.de\/\"},{\"@type\":\"ListItem\",\"position\":2,\"name\":\"Produkte\",\"item\":\"https:\/\/moeser-maschinenbau.de\/shop\/\"},{\"@type\":\"ListItem\",\"position\":3,\"name\":\"Ro-V 310 Schienenfr\u00e4smaschine\"}]},{\"@type\":\"WebSite\",\"@id\":\"https:\/\/moeser-maschinenbau.de\/#website\",\"url\":\"https:\/\/moeser-maschinenbau.de\/\",\"name\":\"M\u00f6ser Maschinenbau\",\"description\":\"\",\"publisher\":{\"@id\":\"https:\/\/moeser-maschinenbau.de\/#organization\"},\"potentialAction\":[{\"@type\":\"SearchAction\",\"target\":{\"@type\":\"EntryPoint\",\"urlTemplate\":\"https:\/\/moeser-maschinenbau.de\/?s={search_term_string}\"},\"query-input\":\"required name=search_term_string\"}],\"inLanguage\":\"en-US\"},{\"@type\":\"Organization\",\"@id\":\"https:\/\/moeser-maschinenbau.de\/#organization\",\"name\":\"M\u00f6ser Maschinenbau\",\"url\":\"https:\/\/moeser-maschinenbau.de\/\",\"logo\":{\"@type\":\"ImageObject\",\"inLanguage\":\"en-US\",\"@id\":\"https:\/\/moeser-maschinenbau.de\/#\/schema\/logo\/image\/\",\"url\":\"https:\/\/moeser-maschinenbau.de\/wp-content\/uploads\/2020\/05\/cropped-moeser-klein2.png\",\"contentUrl\":\"https:\/\/moeser-maschinenbau.de\/wp-content\/uploads\/2020\/05\/cropped-moeser-klein2.png\",\"width\":245,\"height\":91,\"caption\":\"M\u00f6ser Maschinenbau\"},\"image\":{\"@id\":\"https:\/\/moeser-maschinenbau.de\/#\/schema\/logo\/image\/\"}}]}<\/script>\n<!-- \/ Yoast SEO plugin. -->","yoast_head_json":{"title":"Ro-V 310 Schienenfr\u00e4smaschine - M\u00f6ser Maschinenbau","robots":{"index":"index","follow":"follow","max-snippet":"max-snippet:-1","max-image-preview":"max-image-preview:large","max-video-preview":"max-video-preview:-1"},"canonical":"https:\/\/moeser-maschinenbau.de\/en\/p\/ro-v-310-schienenfraesmaschine\/","og_locale":"en_US","og_type":"article","og_title":"Ro-V 310 Schienenfr\u00e4smaschine - M\u00f6ser Maschinenbau","og_description":"Kleine und flexible Maschine zur Herstellung von Entw\u00e4sserungsschlitzen und zur Bearbeitung gezielter Problemstellen. Auf spurverstellbarer Zweiwegelafette zum leichten Handling.  Abmessungen (LXBxH): 1300 (+760)x2220x900 mm Bearbeitungsweg x: (quer z. Gleisachse) 155 mm Bearbeitungsweg y: (l\u00e4ngs z. Gleisachse) 345 mm Zustellweg z: (vertikal) 200 mm Drehzahl Fr\u00e4sspindel: 2850\/min Werkzeuge: VHM-Fingerfr\u00e4ser \u00f810-20mm Gewicht: ca. 165 kg Schienenfahrwerk: 4x Scheibenrad, isoliert Fixierung Fr\u00e4skopf: 2x Magnetfu\u00df Beleuchtung: 1x LED 10W","og_url":"https:\/\/moeser-maschinenbau.de\/en\/p\/ro-v-310-schienenfraesmaschine\/","og_site_name":"M\u00f6ser Maschinenbau","article_modified_time":"2020-04-30T11:45:32+00:00","og_image":[{"width":293,"height":220,"url":"https:\/\/moeser-maschinenbau.de\/wp-content\/uploads\/2020\/04\/Ro-V-310.jpg","type":"image\/jpeg"}],"twitter_card":"summary_large_image","schema":{"@context":"https:\/\/schema.org","@graph":[{"@type":"WebPage","@id":"https:\/\/moeser-maschinenbau.de\/p\/ro-v-310-schienenfraesmaschine\/","url":"https:\/\/moeser-maschinenbau.de\/p\/ro-v-310-schienenfraesmaschine\/","name":"Ro-V 310 Schienenfr\u00e4smaschine - M\u00f6ser Maschinenbau","isPartOf":{"@id":"https:\/\/moeser-maschinenbau.de\/#website"},"datePublished":"2020-04-30T11:44:34+00:00","dateModified":"2020-04-30T11:45:32+00:00","breadcrumb":{"@id":"https:\/\/moeser-maschinenbau.de\/p\/ro-v-310-schienenfraesmaschine\/#breadcrumb"},"inLanguage":"en-US","potentialAction":[{"@type":"ReadAction","target":["https:\/\/moeser-maschinenbau.de\/p\/ro-v-310-schienenfraesmaschine\/"]}]},{"@type":"BreadcrumbList","@id":"https:\/\/moeser-maschinenbau.de\/p\/ro-v-310-schienenfraesmaschine\/#breadcrumb","itemListElement":[{"@type":"ListItem","position":1,"name":"Startseite","item":"https:\/\/moeser-maschinenbau.de\/"},{"@type":"ListItem","position":2,"name":"Produkte","item":"https:\/\/moeser-maschinenbau.de\/shop\/"},{"@type":"ListItem","position":3,"name":"Ro-V 310 Schienenfr\u00e4smaschine"}]},{"@type":"WebSite","@id":"https:\/\/moeser-maschinenbau.de\/#website","url":"https:\/\/moeser-maschinenbau.de\/","name":"M\u00f6ser Maschinenbau","description":"","publisher":{"@id":"https:\/\/moeser-maschinenbau.de\/#organization"},"potentialAction":[{"@type":"SearchAction","target":{"@type":"EntryPoint","urlTemplate":"https:\/\/moeser-maschinenbau.de\/?s={search_term_string}"},"query-input":"required name=search_term_string"}],"inLanguage":"en-US"},{"@type":"Organization","@id":"https:\/\/moeser-maschinenbau.de\/#organization","name":"M\u00f6ser Maschinenbau","url":"https:\/\/moeser-maschinenbau.de\/","logo":{"@type":"ImageObject","inLanguage":"en-US","@id":"https:\/\/moeser-maschinenbau.de\/#\/schema\/logo\/image\/","url":"https:\/\/moeser-maschinenbau.de\/wp-content\/uploads\/2020\/05\/cropped-moeser-klein2.png","contentUrl":"https:\/\/moeser-maschinenbau.de\/wp-content\/uploads\/2020\/05\/cropped-moeser-klein2.png","width":245,"height":91,"caption":"M\u00f6ser Maschinenbau"},"image":{"@id":"https:\/\/moeser-maschinenbau.de\/#\/schema\/logo\/image\/"}}]}},"_links":{"self":[{"href":"https:\/\/moeser-maschinenbau.de\/en\/wp-json\/wp\/v2\/product\/3240"}],"collection":[{"href":"https:\/\/moeser-maschinenbau.de\/en\/wp-json\/wp\/v2\/product"}],"about":[{"href":"https:\/\/moeser-maschinenbau.de\/en\/wp-json\/wp\/v2\/types\/product"}],"replies":[{"embeddable":true,"href":"https:\/\/moeser-maschinenbau.de\/en\/wp-json\/wp\/v2\/comments?post=3240"}],"wp:featuredmedia":[{"embeddable":true,"href":"https:\/\/moeser-maschinenbau.de\/en\/wp-json\/wp\/v2\/media\/3220"}],"wp:attachment":[{"href":"https:\/\/moeser-maschinenbau.de\/en\/wp-json\/wp\/v2\/media?parent=3240"}],"wp:term":[{"taxonomy":"product_cat","embeddable":true,"href":"https:\/\/moeser-maschinenbau.de\/en\/wp-json\/wp\/v2\/product_cat?post=3240"},{"taxonomy":"product_tag","embeddable":true,"href":"https:\/\/moeser-maschinenbau.de\/en\/wp-json\/wp\/v2\/product_tag?post=3240"}],"curies":[{"name":"wp","href":"https:\/\/api.w.org\/{rel}","templated":true}]}}