{"id":3242,"date":"2020-04-30T13:49:34","date_gmt":"2020-04-30T11:49:34","guid":{"rendered":"http:\/\/wordpress.moeser-maschinenbau.de\/?post_type=product&#038;p=3242"},"modified":"2020-05-08T15:06:07","modified_gmt":"2020-05-08T13:06:07","slug":"ro-v-149-2-leichte-zweiwege%e2%80%91schienenschleifmaschine","status":"publish","type":"product","link":"https:\/\/moeser-maschinenbau.de\/en\/p\/ro-v-149-2-leichte-zweiwege%e2%80%91schienenschleifmaschine\/","title":{"rendered":"Ro-V 149.3 leichte Zweiwege\u2011Schienenschleifmaschine"},"content":{"rendered":"","protected":false},"excerpt":{"rendered":"<p>Rail-road ginder for reprofiling, removing corrugation and rolling skin.\nBecause of the compact design the grinder fits in nearly all clearance\nprofiles with 1000mm gauge. It can be transorted in a 40ft-High-Cube\nContainer.<\/p>\n<p><strong>dimensions (LxWxH):<\/strong> 4700x1900x2530<br \/>\n<strong>axle distance road (mm):<\/strong> 2900<br \/>\n<strong>axle distance rail (mm): <\/strong>1520<br \/>\n<strong>total mass:<\/strong> 6,5 t<br \/>\n<strong>installed capacity:<\/strong> 100kVA; 400V \/ 230V AC<\/p>\n<p><strong>grinding spindles:<\/strong><\/p>\n<p style=\"padding-left: 40px;\">6 pieces, variable speed up to 5000 \/ min<br \/>\n7,5kW per spindle (11kW for short time)<\/p>\n<p style=\"padding-left: 40px;\"><strong>cup stones<\/strong> 100mm or 125mm<br \/>\nmounting M 20 or bore 22 mm; grinding<br \/>\nangle 45\u00b0 inside, 15\u00b0 outside<\/p>\n<p style=\"padding-left: 40px;\"><strong>disk stones<\/strong> up to 320 mm<br \/>\nmounting M 20 left;<br \/>\ngrinding angle 45\u00b0 to 90\u00b0 inside<\/p>\n<p><strong>driving speed<\/strong> 20 km\/h<br \/>\n<strong>working speed<\/strong> 10 - 20 m\/min (infinitely variable)<br \/>\n<strong>climbing ability:<\/strong> 60 \u2030 (pretension brake vehicle if necessary)<br \/>\n<strong>track width adjustment:<\/strong> 1000 to 1500mm stepless<br \/>\n<strong>Dust extraction<\/strong> 8000 m\u00b3\/h<\/p>","protected":false},"featured_media":3223,"comment_status":"open","ping_status":"closed","template":"","meta":[],"product_cat":[73],"product_tag":[],"yoast_head":"<!-- This site is optimized with the Yoast SEO plugin v19.9 - https:\/\/yoast.com\/wordpress\/plugins\/seo\/ -->\n<title>Ro-V 149.3 leichte Zweiwege\u2011Schienenschleifmaschine - M\u00f6ser Maschinenbau<\/title>\n<meta name=\"robots\" content=\"index, follow, max-snippet:-1, max-image-preview:large, max-video-preview:-1\" \/>\n<link rel=\"canonical\" href=\"https:\/\/moeser-maschinenbau.de\/en\/p\/ro-v-149-2-leichte-zweiwege\u2011schienenschleifmaschine\/\" \/>\n<meta property=\"og:locale\" content=\"en_US\" \/>\n<meta property=\"og:type\" content=\"article\" \/>\n<meta property=\"og:title\" content=\"Ro-V 149.3 leichte Zweiwege\u2011Schienenschleifmaschine - M\u00f6ser Maschinenbau\" \/>\n<meta property=\"og:description\" content=\"Kompaktes Zweiwege Schienenschleiffahrzeug zum Reprofilieren, Riffel- und Walzhautschleifen. Auf Grund der kompakten Abmessungen passt es in fast alle meterspurigen Lichtraumprofile und kann in einem 40ft\u2011High\u2011Cube Container transportiert werden.  Abmessungen LxBxH (mm): 4700x1900x2530 Achsabst\u00e4nde (mm) Stra\u00dfe: 2900 Achsabst\u00e4nde (mm) Schiene: 1520 Gesamtmasse: 6,5 t Installierte Leitung: 100kVA; 400V \/ 230V AC  Schleifspindeln: 6 St\u00fcck, variable Drehzahl bis 5000 \/ min 7,5kW pro Spindel (kurzzeitig 11kW) Topfscheiben 100mm oder 125mm Aufnahme M 20 oder Bohrung 22 mm; Schwenkbar 45\u00b0 innen, 15\u00b0 au\u00dfen Tellerscheiben bis 320 mm Aufnahme M 20 links ; schwenkbar 90\u00b0 innen, bis 45\u00b0 innen Fahrgeschwindigkeit: 20 km\/h Arbeitsgeschwindigkeit: 10 - 20 m\/min (stufenlos einstellbar) Steigf\u00e4higkeit: 60 \u2030 (ggf. Bremsfahrzeug vorspannen) Spurweitenverstellung: 1000 bis 1500mm stufenlos Staubabsaugung: 8000 m\u00b3\/h\" \/>\n<meta property=\"og:url\" content=\"https:\/\/moeser-maschinenbau.de\/en\/p\/ro-v-149-2-leichte-zweiwege\u2011schienenschleifmaschine\/\" \/>\n<meta property=\"og:site_name\" content=\"M\u00f6ser Maschinenbau\" \/>\n<meta property=\"article:modified_time\" content=\"2020-05-08T13:06:07+00:00\" \/>\n<meta property=\"og:image\" content=\"https:\/\/moeser-maschinenbau.de\/wp-content\/uploads\/2020\/04\/DSC5711-scaled.jpg\" \/>\n\t<meta property=\"og:image:width\" content=\"2560\" \/>\n\t<meta property=\"og:image:height\" content=\"1709\" \/>\n\t<meta property=\"og:image:type\" content=\"image\/jpeg\" \/>\n<meta name=\"twitter:card\" content=\"summary_large_image\" \/>\n<script type=\"application\/ld+json\" class=\"yoast-schema-graph\">{\"@context\":\"https:\/\/schema.org\",\"@graph\":[{\"@type\":\"WebPage\",\"@id\":\"https:\/\/moeser-maschinenbau.de\/p\/ro-v-149-2-leichte-zweiwege%e2%80%91schienenschleifmaschine\/\",\"url\":\"https:\/\/moeser-maschinenbau.de\/p\/ro-v-149-2-leichte-zweiwege%e2%80%91schienenschleifmaschine\/\",\"name\":\"Ro-V 149.3 leichte Zweiwege\u2011Schienenschleifmaschine - M\u00f6ser Maschinenbau\",\"isPartOf\":{\"@id\":\"https:\/\/moeser-maschinenbau.de\/#website\"},\"datePublished\":\"2020-04-30T11:49:34+00:00\",\"dateModified\":\"2020-05-08T13:06:07+00:00\",\"breadcrumb\":{\"@id\":\"https:\/\/moeser-maschinenbau.de\/p\/ro-v-149-2-leichte-zweiwege%e2%80%91schienenschleifmaschine\/#breadcrumb\"},\"inLanguage\":\"en-US\",\"potentialAction\":[{\"@type\":\"ReadAction\",\"target\":[\"https:\/\/moeser-maschinenbau.de\/p\/ro-v-149-2-leichte-zweiwege%e2%80%91schienenschleifmaschine\/\"]}]},{\"@type\":\"BreadcrumbList\",\"@id\":\"https:\/\/moeser-maschinenbau.de\/p\/ro-v-149-2-leichte-zweiwege%e2%80%91schienenschleifmaschine\/#breadcrumb\",\"itemListElement\":[{\"@type\":\"ListItem\",\"position\":1,\"name\":\"Startseite\",\"item\":\"https:\/\/moeser-maschinenbau.de\/\"},{\"@type\":\"ListItem\",\"position\":2,\"name\":\"Produkte\",\"item\":\"https:\/\/moeser-maschinenbau.de\/shop\/\"},{\"@type\":\"ListItem\",\"position\":3,\"name\":\"Ro-V 149.3 leichte Zweiwege\u2011Schienenschleifmaschine\"}]},{\"@type\":\"WebSite\",\"@id\":\"https:\/\/moeser-maschinenbau.de\/#website\",\"url\":\"https:\/\/moeser-maschinenbau.de\/\",\"name\":\"M\u00f6ser Maschinenbau\",\"description\":\"\",\"publisher\":{\"@id\":\"https:\/\/moeser-maschinenbau.de\/#organization\"},\"potentialAction\":[{\"@type\":\"SearchAction\",\"target\":{\"@type\":\"EntryPoint\",\"urlTemplate\":\"https:\/\/moeser-maschinenbau.de\/?s={search_term_string}\"},\"query-input\":\"required name=search_term_string\"}],\"inLanguage\":\"en-US\"},{\"@type\":\"Organization\",\"@id\":\"https:\/\/moeser-maschinenbau.de\/#organization\",\"name\":\"M\u00f6ser Maschinenbau\",\"url\":\"https:\/\/moeser-maschinenbau.de\/\",\"logo\":{\"@type\":\"ImageObject\",\"inLanguage\":\"en-US\",\"@id\":\"https:\/\/moeser-maschinenbau.de\/#\/schema\/logo\/image\/\",\"url\":\"https:\/\/moeser-maschinenbau.de\/wp-content\/uploads\/2020\/05\/cropped-moeser-klein2.png\",\"contentUrl\":\"https:\/\/moeser-maschinenbau.de\/wp-content\/uploads\/2020\/05\/cropped-moeser-klein2.png\",\"width\":245,\"height\":91,\"caption\":\"M\u00f6ser Maschinenbau\"},\"image\":{\"@id\":\"https:\/\/moeser-maschinenbau.de\/#\/schema\/logo\/image\/\"}}]}<\/script>\n<!-- \/ Yoast SEO plugin. -->","yoast_head_json":{"title":"Ro-V 149.3 leichte Zweiwege\u2011Schienenschleifmaschine - M\u00f6ser Maschinenbau","robots":{"index":"index","follow":"follow","max-snippet":"max-snippet:-1","max-image-preview":"max-image-preview:large","max-video-preview":"max-video-preview:-1"},"canonical":"https:\/\/moeser-maschinenbau.de\/en\/p\/ro-v-149-2-leichte-zweiwege\u2011schienenschleifmaschine\/","og_locale":"en_US","og_type":"article","og_title":"Ro-V 149.3 leichte Zweiwege\u2011Schienenschleifmaschine - M\u00f6ser Maschinenbau","og_description":"Kompaktes Zweiwege Schienenschleiffahrzeug zum Reprofilieren, Riffel- und Walzhautschleifen. Auf Grund der kompakten Abmessungen passt es in fast alle meterspurigen Lichtraumprofile und kann in einem 40ft\u2011High\u2011Cube Container transportiert werden.  Abmessungen LxBxH (mm): 4700x1900x2530 Achsabst\u00e4nde (mm) Stra\u00dfe: 2900 Achsabst\u00e4nde (mm) Schiene: 1520 Gesamtmasse: 6,5 t Installierte Leitung: 100kVA; 400V \/ 230V AC  Schleifspindeln: 6 St\u00fcck, variable Drehzahl bis 5000 \/ min 7,5kW pro Spindel (kurzzeitig 11kW) Topfscheiben 100mm oder 125mm Aufnahme M 20 oder Bohrung 22 mm; Schwenkbar 45\u00b0 innen, 15\u00b0 au\u00dfen Tellerscheiben bis 320 mm Aufnahme M 20 links ; schwenkbar 90\u00b0 innen, bis 45\u00b0 innen Fahrgeschwindigkeit: 20 km\/h Arbeitsgeschwindigkeit: 10 - 20 m\/min (stufenlos einstellbar) Steigf\u00e4higkeit: 60 \u2030 (ggf. Bremsfahrzeug vorspannen) Spurweitenverstellung: 1000 bis 1500mm stufenlos Staubabsaugung: 8000 m\u00b3\/h","og_url":"https:\/\/moeser-maschinenbau.de\/en\/p\/ro-v-149-2-leichte-zweiwege\u2011schienenschleifmaschine\/","og_site_name":"M\u00f6ser Maschinenbau","article_modified_time":"2020-05-08T13:06:07+00:00","og_image":[{"width":2560,"height":1709,"url":"https:\/\/moeser-maschinenbau.de\/wp-content\/uploads\/2020\/04\/DSC5711-scaled.jpg","type":"image\/jpeg"}],"twitter_card":"summary_large_image","schema":{"@context":"https:\/\/schema.org","@graph":[{"@type":"WebPage","@id":"https:\/\/moeser-maschinenbau.de\/p\/ro-v-149-2-leichte-zweiwege%e2%80%91schienenschleifmaschine\/","url":"https:\/\/moeser-maschinenbau.de\/p\/ro-v-149-2-leichte-zweiwege%e2%80%91schienenschleifmaschine\/","name":"Ro-V 149.3 leichte Zweiwege\u2011Schienenschleifmaschine - M\u00f6ser Maschinenbau","isPartOf":{"@id":"https:\/\/moeser-maschinenbau.de\/#website"},"datePublished":"2020-04-30T11:49:34+00:00","dateModified":"2020-05-08T13:06:07+00:00","breadcrumb":{"@id":"https:\/\/moeser-maschinenbau.de\/p\/ro-v-149-2-leichte-zweiwege%e2%80%91schienenschleifmaschine\/#breadcrumb"},"inLanguage":"en-US","potentialAction":[{"@type":"ReadAction","target":["https:\/\/moeser-maschinenbau.de\/p\/ro-v-149-2-leichte-zweiwege%e2%80%91schienenschleifmaschine\/"]}]},{"@type":"BreadcrumbList","@id":"https:\/\/moeser-maschinenbau.de\/p\/ro-v-149-2-leichte-zweiwege%e2%80%91schienenschleifmaschine\/#breadcrumb","itemListElement":[{"@type":"ListItem","position":1,"name":"Startseite","item":"https:\/\/moeser-maschinenbau.de\/"},{"@type":"ListItem","position":2,"name":"Produkte","item":"https:\/\/moeser-maschinenbau.de\/shop\/"},{"@type":"ListItem","position":3,"name":"Ro-V 149.3 leichte Zweiwege\u2011Schienenschleifmaschine"}]},{"@type":"WebSite","@id":"https:\/\/moeser-maschinenbau.de\/#website","url":"https:\/\/moeser-maschinenbau.de\/","name":"M\u00f6ser Maschinenbau","description":"","publisher":{"@id":"https:\/\/moeser-maschinenbau.de\/#organization"},"potentialAction":[{"@type":"SearchAction","target":{"@type":"EntryPoint","urlTemplate":"https:\/\/moeser-maschinenbau.de\/?s={search_term_string}"},"query-input":"required name=search_term_string"}],"inLanguage":"en-US"},{"@type":"Organization","@id":"https:\/\/moeser-maschinenbau.de\/#organization","name":"M\u00f6ser Maschinenbau","url":"https:\/\/moeser-maschinenbau.de\/","logo":{"@type":"ImageObject","inLanguage":"en-US","@id":"https:\/\/moeser-maschinenbau.de\/#\/schema\/logo\/image\/","url":"https:\/\/moeser-maschinenbau.de\/wp-content\/uploads\/2020\/05\/cropped-moeser-klein2.png","contentUrl":"https:\/\/moeser-maschinenbau.de\/wp-content\/uploads\/2020\/05\/cropped-moeser-klein2.png","width":245,"height":91,"caption":"M\u00f6ser Maschinenbau"},"image":{"@id":"https:\/\/moeser-maschinenbau.de\/#\/schema\/logo\/image\/"}}]}},"_links":{"self":[{"href":"https:\/\/moeser-maschinenbau.de\/en\/wp-json\/wp\/v2\/product\/3242"}],"collection":[{"href":"https:\/\/moeser-maschinenbau.de\/en\/wp-json\/wp\/v2\/product"}],"about":[{"href":"https:\/\/moeser-maschinenbau.de\/en\/wp-json\/wp\/v2\/types\/product"}],"replies":[{"embeddable":true,"href":"https:\/\/moeser-maschinenbau.de\/en\/wp-json\/wp\/v2\/comments?post=3242"}],"wp:featuredmedia":[{"embeddable":true,"href":"https:\/\/moeser-maschinenbau.de\/en\/wp-json\/wp\/v2\/media\/3223"}],"wp:attachment":[{"href":"https:\/\/moeser-maschinenbau.de\/en\/wp-json\/wp\/v2\/media?parent=3242"}],"wp:term":[{"taxonomy":"product_cat","embeddable":true,"href":"https:\/\/moeser-maschinenbau.de\/en\/wp-json\/wp\/v2\/product_cat?post=3242"},{"taxonomy":"product_tag","embeddable":true,"href":"https:\/\/moeser-maschinenbau.de\/en\/wp-json\/wp\/v2\/product_tag?post=3242"}],"curies":[{"name":"wp","href":"https:\/\/api.w.org\/{rel}","templated":true}]}}