{"id":3244,"date":"2020-04-30T13:52:54","date_gmt":"2020-04-30T11:52:54","guid":{"rendered":"http:\/\/wordpress.moeser-maschinenbau.de\/?post_type=product&#038;p=3244"},"modified":"2020-05-08T15:03:34","modified_gmt":"2020-05-08T13:03:34","slug":"ro-v-195-schwere-zweiwege%e2%80%91schienenschleifmaschine","status":"publish","type":"product","link":"https:\/\/moeser-maschinenbau.de\/en\/p\/ro-v-195-schwere-zweiwege%e2%80%91schienenschleifmaschine\/","title":{"rendered":"Ro-V 195 heavy rail-road grinding machine"},"content":{"rendered":"","protected":false},"excerpt":{"rendered":"<p>Based on the smaller grinding machines the rail grinder Ro-V 195 is a\nconsequent advancement for flexible track maintenance.\nAll main components are operated electrically.<\/p>\n<p><strong>dimensions (LxWxH):<\/strong> 8350x2550x2940\/3130<br \/>\n<strong>axle distance road:<\/strong> 5400mm<br \/>\n<strong>axle distance rail:<\/strong> 2800mm<br \/>\n<strong>total mass:<\/strong> 20t<br \/>\n<strong>installed capacity:<\/strong> 170kW<\/p>\n<p><strong>grinding spindles<\/strong><br \/>\n8 pieces, variable speed up to 5000 rpm<br \/>\n11 kW per spindle (temporarily 15kW)<br \/>\nAngle adjustment -70\u00b0 to +30<\/p>\n<p><strong>road speed<\/strong> 80 km\/h<br \/>\n<strong>rail speed<\/strong> 50 km\/h<\/p>\n<p><strong>climbing ability:<\/strong> 60 \u2030 (pretension brake vehicle if necessary)<br \/>\n<strong>track width adjustment:<\/strong> 1000mm; 1435mm<br \/>\n<strong>Dust extraction<\/strong> 12000 m\u00b3\/h<\/p>","protected":false},"featured_media":3224,"comment_status":"open","ping_status":"closed","template":"","meta":[],"product_cat":[73],"product_tag":[],"yoast_head":"<!-- This site is optimized with the Yoast SEO plugin v19.9 - https:\/\/yoast.com\/wordpress\/plugins\/seo\/ -->\n<title>Ro-V 195 schwere Zweiwege\u2011Schienenschleifmaschine - M\u00f6ser Maschinenbau<\/title>\n<meta name=\"robots\" content=\"index, follow, max-snippet:-1, max-image-preview:large, max-video-preview:-1\" \/>\n<link rel=\"canonical\" href=\"https:\/\/moeser-maschinenbau.de\/en\/p\/ro-v-195-schwere-zweiwege\u2011schienenschleifmaschine\/\" \/>\n<meta property=\"og:locale\" content=\"en_US\" \/>\n<meta property=\"og:type\" content=\"article\" \/>\n<meta property=\"og:title\" content=\"Ro-V 195 schwere Zweiwege\u2011Schienenschleifmaschine - M\u00f6ser Maschinenbau\" \/>\n<meta property=\"og:description\" content=\"Die Schienenschleifmaschine Ro-V 195 ist eine konsequente Weiterentwicklung kleinerer Fahrzeuge und setzt in Flexibilit\u00e4t, Leistung und Bedienerfreundlichkeit neue Ma\u00dfst\u00e4be. Alle Hauptkomponenten, wie Antrieb und Schleifspindeln, werden elektrisch betrieben.  Abmessungen LxBxH (mm): 8350x2550x2940\/3130 Achsabst\u00e4nde Stra\u00dfe: 5400mm Achsabst\u00e4nde Schiene: 2800mm Gesamtmasse: 20t Installierte Leistung: 170kW  Schleifspindeln 8 St\u00fcck, variable Drehzahl bis 5000 1\/min 11 kW pro Spindel (kurzzeitig 15kW) Winkeleinstellung -70\u00b0 bis +30\u00b0  Fahrgeschwindigkeit Stra\u00dfe: 80 km\/h Fahrgeschwindigkeit Schiene: 50 km\/h  Steigf\u00e4higkeit: 60 \u2030 (ggf. Bremsfahrzeug vorspannen) Spurweitenverstellung: 1000mm; 1435mm Staubabsaugung: 12000 m\u00b3\/h\" \/>\n<meta property=\"og:url\" content=\"https:\/\/moeser-maschinenbau.de\/en\/p\/ro-v-195-schwere-zweiwege\u2011schienenschleifmaschine\/\" \/>\n<meta property=\"og:site_name\" content=\"M\u00f6ser Maschinenbau\" \/>\n<meta property=\"article:modified_time\" content=\"2020-05-08T13:03:34+00:00\" \/>\n<meta property=\"og:image\" content=\"https:\/\/moeser-maschinenbau.de\/wp-content\/uploads\/2020\/04\/IMG_9892.jpg\" \/>\n\t<meta property=\"og:image:width\" content=\"2272\" \/>\n\t<meta property=\"og:image:height\" content=\"1704\" \/>\n\t<meta property=\"og:image:type\" content=\"image\/jpeg\" \/>\n<meta name=\"twitter:card\" content=\"summary_large_image\" \/>\n<script type=\"application\/ld+json\" class=\"yoast-schema-graph\">{\"@context\":\"https:\/\/schema.org\",\"@graph\":[{\"@type\":\"WebPage\",\"@id\":\"https:\/\/moeser-maschinenbau.de\/p\/ro-v-195-schwere-zweiwege%e2%80%91schienenschleifmaschine\/\",\"url\":\"https:\/\/moeser-maschinenbau.de\/p\/ro-v-195-schwere-zweiwege%e2%80%91schienenschleifmaschine\/\",\"name\":\"Ro-V 195 schwere Zweiwege\u2011Schienenschleifmaschine - M\u00f6ser Maschinenbau\",\"isPartOf\":{\"@id\":\"https:\/\/moeser-maschinenbau.de\/#website\"},\"datePublished\":\"2020-04-30T11:52:54+00:00\",\"dateModified\":\"2020-05-08T13:03:34+00:00\",\"breadcrumb\":{\"@id\":\"https:\/\/moeser-maschinenbau.de\/p\/ro-v-195-schwere-zweiwege%e2%80%91schienenschleifmaschine\/#breadcrumb\"},\"inLanguage\":\"en-US\",\"potentialAction\":[{\"@type\":\"ReadAction\",\"target\":[\"https:\/\/moeser-maschinenbau.de\/p\/ro-v-195-schwere-zweiwege%e2%80%91schienenschleifmaschine\/\"]}]},{\"@type\":\"BreadcrumbList\",\"@id\":\"https:\/\/moeser-maschinenbau.de\/p\/ro-v-195-schwere-zweiwege%e2%80%91schienenschleifmaschine\/#breadcrumb\",\"itemListElement\":[{\"@type\":\"ListItem\",\"position\":1,\"name\":\"Startseite\",\"item\":\"https:\/\/moeser-maschinenbau.de\/\"},{\"@type\":\"ListItem\",\"position\":2,\"name\":\"Produkte\",\"item\":\"https:\/\/moeser-maschinenbau.de\/shop\/\"},{\"@type\":\"ListItem\",\"position\":3,\"name\":\"Ro-V 195 schwere Zweiwege\u2011Schienenschleifmaschine\"}]},{\"@type\":\"WebSite\",\"@id\":\"https:\/\/moeser-maschinenbau.de\/#website\",\"url\":\"https:\/\/moeser-maschinenbau.de\/\",\"name\":\"M\u00f6ser Maschinenbau\",\"description\":\"\",\"publisher\":{\"@id\":\"https:\/\/moeser-maschinenbau.de\/#organization\"},\"potentialAction\":[{\"@type\":\"SearchAction\",\"target\":{\"@type\":\"EntryPoint\",\"urlTemplate\":\"https:\/\/moeser-maschinenbau.de\/?s={search_term_string}\"},\"query-input\":\"required name=search_term_string\"}],\"inLanguage\":\"en-US\"},{\"@type\":\"Organization\",\"@id\":\"https:\/\/moeser-maschinenbau.de\/#organization\",\"name\":\"M\u00f6ser Maschinenbau\",\"url\":\"https:\/\/moeser-maschinenbau.de\/\",\"logo\":{\"@type\":\"ImageObject\",\"inLanguage\":\"en-US\",\"@id\":\"https:\/\/moeser-maschinenbau.de\/#\/schema\/logo\/image\/\",\"url\":\"https:\/\/moeser-maschinenbau.de\/wp-content\/uploads\/2020\/05\/cropped-moeser-klein2.png\",\"contentUrl\":\"https:\/\/moeser-maschinenbau.de\/wp-content\/uploads\/2020\/05\/cropped-moeser-klein2.png\",\"width\":245,\"height\":91,\"caption\":\"M\u00f6ser Maschinenbau\"},\"image\":{\"@id\":\"https:\/\/moeser-maschinenbau.de\/#\/schema\/logo\/image\/\"}}]}<\/script>\n<!-- \/ Yoast SEO plugin. -->","yoast_head_json":{"title":"Ro-V 195 schwere Zweiwege\u2011Schienenschleifmaschine - M\u00f6ser Maschinenbau","robots":{"index":"index","follow":"follow","max-snippet":"max-snippet:-1","max-image-preview":"max-image-preview:large","max-video-preview":"max-video-preview:-1"},"canonical":"https:\/\/moeser-maschinenbau.de\/en\/p\/ro-v-195-schwere-zweiwege\u2011schienenschleifmaschine\/","og_locale":"en_US","og_type":"article","og_title":"Ro-V 195 schwere Zweiwege\u2011Schienenschleifmaschine - M\u00f6ser Maschinenbau","og_description":"Die Schienenschleifmaschine Ro-V 195 ist eine konsequente Weiterentwicklung kleinerer Fahrzeuge und setzt in Flexibilit\u00e4t, Leistung und Bedienerfreundlichkeit neue Ma\u00dfst\u00e4be. Alle Hauptkomponenten, wie Antrieb und Schleifspindeln, werden elektrisch betrieben.  Abmessungen LxBxH (mm): 8350x2550x2940\/3130 Achsabst\u00e4nde Stra\u00dfe: 5400mm Achsabst\u00e4nde Schiene: 2800mm Gesamtmasse: 20t Installierte Leistung: 170kW  Schleifspindeln 8 St\u00fcck, variable Drehzahl bis 5000 1\/min 11 kW pro Spindel (kurzzeitig 15kW) Winkeleinstellung -70\u00b0 bis +30\u00b0  Fahrgeschwindigkeit Stra\u00dfe: 80 km\/h Fahrgeschwindigkeit Schiene: 50 km\/h  Steigf\u00e4higkeit: 60 \u2030 (ggf. Bremsfahrzeug vorspannen) Spurweitenverstellung: 1000mm; 1435mm Staubabsaugung: 12000 m\u00b3\/h","og_url":"https:\/\/moeser-maschinenbau.de\/en\/p\/ro-v-195-schwere-zweiwege\u2011schienenschleifmaschine\/","og_site_name":"M\u00f6ser Maschinenbau","article_modified_time":"2020-05-08T13:03:34+00:00","og_image":[{"width":2272,"height":1704,"url":"https:\/\/moeser-maschinenbau.de\/wp-content\/uploads\/2020\/04\/IMG_9892.jpg","type":"image\/jpeg"}],"twitter_card":"summary_large_image","schema":{"@context":"https:\/\/schema.org","@graph":[{"@type":"WebPage","@id":"https:\/\/moeser-maschinenbau.de\/p\/ro-v-195-schwere-zweiwege%e2%80%91schienenschleifmaschine\/","url":"https:\/\/moeser-maschinenbau.de\/p\/ro-v-195-schwere-zweiwege%e2%80%91schienenschleifmaschine\/","name":"Ro-V 195 schwere Zweiwege\u2011Schienenschleifmaschine - M\u00f6ser Maschinenbau","isPartOf":{"@id":"https:\/\/moeser-maschinenbau.de\/#website"},"datePublished":"2020-04-30T11:52:54+00:00","dateModified":"2020-05-08T13:03:34+00:00","breadcrumb":{"@id":"https:\/\/moeser-maschinenbau.de\/p\/ro-v-195-schwere-zweiwege%e2%80%91schienenschleifmaschine\/#breadcrumb"},"inLanguage":"en-US","potentialAction":[{"@type":"ReadAction","target":["https:\/\/moeser-maschinenbau.de\/p\/ro-v-195-schwere-zweiwege%e2%80%91schienenschleifmaschine\/"]}]},{"@type":"BreadcrumbList","@id":"https:\/\/moeser-maschinenbau.de\/p\/ro-v-195-schwere-zweiwege%e2%80%91schienenschleifmaschine\/#breadcrumb","itemListElement":[{"@type":"ListItem","position":1,"name":"Startseite","item":"https:\/\/moeser-maschinenbau.de\/"},{"@type":"ListItem","position":2,"name":"Produkte","item":"https:\/\/moeser-maschinenbau.de\/shop\/"},{"@type":"ListItem","position":3,"name":"Ro-V 195 schwere Zweiwege\u2011Schienenschleifmaschine"}]},{"@type":"WebSite","@id":"https:\/\/moeser-maschinenbau.de\/#website","url":"https:\/\/moeser-maschinenbau.de\/","name":"M\u00f6ser Maschinenbau","description":"","publisher":{"@id":"https:\/\/moeser-maschinenbau.de\/#organization"},"potentialAction":[{"@type":"SearchAction","target":{"@type":"EntryPoint","urlTemplate":"https:\/\/moeser-maschinenbau.de\/?s={search_term_string}"},"query-input":"required name=search_term_string"}],"inLanguage":"en-US"},{"@type":"Organization","@id":"https:\/\/moeser-maschinenbau.de\/#organization","name":"M\u00f6ser Maschinenbau","url":"https:\/\/moeser-maschinenbau.de\/","logo":{"@type":"ImageObject","inLanguage":"en-US","@id":"https:\/\/moeser-maschinenbau.de\/#\/schema\/logo\/image\/","url":"https:\/\/moeser-maschinenbau.de\/wp-content\/uploads\/2020\/05\/cropped-moeser-klein2.png","contentUrl":"https:\/\/moeser-maschinenbau.de\/wp-content\/uploads\/2020\/05\/cropped-moeser-klein2.png","width":245,"height":91,"caption":"M\u00f6ser Maschinenbau"},"image":{"@id":"https:\/\/moeser-maschinenbau.de\/#\/schema\/logo\/image\/"}}]}},"_links":{"self":[{"href":"https:\/\/moeser-maschinenbau.de\/en\/wp-json\/wp\/v2\/product\/3244"}],"collection":[{"href":"https:\/\/moeser-maschinenbau.de\/en\/wp-json\/wp\/v2\/product"}],"about":[{"href":"https:\/\/moeser-maschinenbau.de\/en\/wp-json\/wp\/v2\/types\/product"}],"replies":[{"embeddable":true,"href":"https:\/\/moeser-maschinenbau.de\/en\/wp-json\/wp\/v2\/comments?post=3244"}],"wp:featuredmedia":[{"embeddable":true,"href":"https:\/\/moeser-maschinenbau.de\/en\/wp-json\/wp\/v2\/media\/3224"}],"wp:attachment":[{"href":"https:\/\/moeser-maschinenbau.de\/en\/wp-json\/wp\/v2\/media?parent=3244"}],"wp:term":[{"taxonomy":"product_cat","embeddable":true,"href":"https:\/\/moeser-maschinenbau.de\/en\/wp-json\/wp\/v2\/product_cat?post=3244"},{"taxonomy":"product_tag","embeddable":true,"href":"https:\/\/moeser-maschinenbau.de\/en\/wp-json\/wp\/v2\/product_tag?post=3244"}],"curies":[{"name":"wp","href":"https:\/\/api.w.org\/{rel}","templated":true}]}}