{"id":3245,"date":"2020-04-30T13:55:23","date_gmt":"2020-04-30T11:55:23","guid":{"rendered":"http:\/\/wordpress.moeser-maschinenbau.de\/?post_type=product&#038;p=3245"},"modified":"2020-04-30T13:55:23","modified_gmt":"2020-04-30T11:55:23","slug":"ro-v-195-8x-zweiwege-schienenschleiffahrzeug","status":"publish","type":"product","link":"https:\/\/moeser-maschinenbau.de\/en\/p\/ro-v-195-8x-zweiwege-schienenschleiffahrzeug\/","title":{"rendered":"195-8x rail grinding vehicle"},"content":{"rendered":"","protected":false},"excerpt":{"rendered":"<p><strong>length:<\/strong> 12000 mm<br \/>\n<strong>width:<\/strong> 2525 mm<br \/>\n<strong>height (road \/ rail)<\/strong> 3550\/3650 mm<br \/>\n<strong>Weight:<\/strong> 27500 kg<br \/>\n<strong>axle load road<\/strong> 9 \/ 11,5 t \/ 8 t<br \/>\n<strong>axle distance:<\/strong> 6000 mm<br \/>\n<strong>driven axles<\/strong> 1<br \/>\n<strong>road speed<\/strong> 80 km\/h<br \/>\n<strong>rail wheel diameter (LKD)<\/strong> 560 mm<br \/>\n<strong>max. rail speed<\/strong> 50 km\/h<br \/>\n<strong>working speed<\/strong> 0-5 km\/h<br \/>\n<strong>climbing ability:<\/strong> 40 \u2030 continuous climbing ability; 80 \u2030 short term<\/p>","protected":false},"featured_media":3225,"comment_status":"open","ping_status":"closed","template":"","meta":[],"product_cat":[73],"product_tag":[],"yoast_head":"<!-- This site is optimized with the Yoast SEO plugin v19.9 - https:\/\/yoast.com\/wordpress\/plugins\/seo\/ -->\n<title>Ro-V 195-8x Zweiwege-Schienenschleiffahrzeug - M\u00f6ser Maschinenbau<\/title>\n<meta name=\"robots\" content=\"index, follow, max-snippet:-1, max-image-preview:large, max-video-preview:-1\" \/>\n<link rel=\"canonical\" href=\"https:\/\/moeser-maschinenbau.de\/en\/p\/ro-v-195-8x-zweiwege-schienenschleiffahrzeug\/\" \/>\n<meta property=\"og:locale\" content=\"en_US\" \/>\n<meta property=\"og:type\" content=\"article\" \/>\n<meta property=\"og:title\" content=\"Ro-V 195-8x Zweiwege-Schienenschleiffahrzeug - M\u00f6ser Maschinenbau\" \/>\n<meta property=\"og:description\" content=\"L\u00e4nge: 12000 mm Breite: 2525 mm H\u00f6he (Stra\u00dfe \/ Schiene): 3550\/3650 mm Gesamtgewicht: 27500 kg Max. zul. Achslasten auf der Stra\u00dfe: 9 \/ 11,5 t \/ 8 t Achsabstand: 6000 mm Angetriebene Achsen: 1 max. zul. Geschwindigkeit auf der Stra\u00dfe: 80 km\/h Raddurchmesser (LKD): 560 mm max. Schienengeschw.: 50 km\/h Arbeitsgeschwindigkeit: 0-5 km\/h Steigf\u00e4higkeit: 40 \u2030 Dauersteigf\u00e4higkeit; 80 \u2030 kurzzeitig\" \/>\n<meta property=\"og:url\" content=\"https:\/\/moeser-maschinenbau.de\/en\/p\/ro-v-195-8x-zweiwege-schienenschleiffahrzeug\/\" \/>\n<meta property=\"og:site_name\" content=\"M\u00f6ser Maschinenbau\" \/>\n<meta property=\"og:image\" content=\"https:\/\/moeser-maschinenbau.de\/wp-content\/uploads\/2020\/04\/IMG_0531-scaled.jpg\" \/>\n\t<meta property=\"og:image:width\" content=\"2560\" \/>\n\t<meta property=\"og:image:height\" content=\"1920\" \/>\n\t<meta property=\"og:image:type\" content=\"image\/jpeg\" \/>\n<meta name=\"twitter:card\" content=\"summary_large_image\" \/>\n<script type=\"application\/ld+json\" class=\"yoast-schema-graph\">{\"@context\":\"https:\/\/schema.org\",\"@graph\":[{\"@type\":\"WebPage\",\"@id\":\"https:\/\/moeser-maschinenbau.de\/p\/ro-v-195-8x-zweiwege-schienenschleiffahrzeug\/\",\"url\":\"https:\/\/moeser-maschinenbau.de\/p\/ro-v-195-8x-zweiwege-schienenschleiffahrzeug\/\",\"name\":\"Ro-V 195-8x Zweiwege-Schienenschleiffahrzeug - M\u00f6ser Maschinenbau\",\"isPartOf\":{\"@id\":\"https:\/\/moeser-maschinenbau.de\/#website\"},\"datePublished\":\"2020-04-30T11:55:23+00:00\",\"dateModified\":\"2020-04-30T11:55:23+00:00\",\"breadcrumb\":{\"@id\":\"https:\/\/moeser-maschinenbau.de\/p\/ro-v-195-8x-zweiwege-schienenschleiffahrzeug\/#breadcrumb\"},\"inLanguage\":\"en-US\",\"potentialAction\":[{\"@type\":\"ReadAction\",\"target\":[\"https:\/\/moeser-maschinenbau.de\/p\/ro-v-195-8x-zweiwege-schienenschleiffahrzeug\/\"]}]},{\"@type\":\"BreadcrumbList\",\"@id\":\"https:\/\/moeser-maschinenbau.de\/p\/ro-v-195-8x-zweiwege-schienenschleiffahrzeug\/#breadcrumb\",\"itemListElement\":[{\"@type\":\"ListItem\",\"position\":1,\"name\":\"Startseite\",\"item\":\"https:\/\/moeser-maschinenbau.de\/\"},{\"@type\":\"ListItem\",\"position\":2,\"name\":\"Produkte\",\"item\":\"https:\/\/moeser-maschinenbau.de\/shop\/\"},{\"@type\":\"ListItem\",\"position\":3,\"name\":\"Ro-V 195-8x Zweiwege-Schienenschleiffahrzeug\"}]},{\"@type\":\"WebSite\",\"@id\":\"https:\/\/moeser-maschinenbau.de\/#website\",\"url\":\"https:\/\/moeser-maschinenbau.de\/\",\"name\":\"M\u00f6ser Maschinenbau\",\"description\":\"\",\"publisher\":{\"@id\":\"https:\/\/moeser-maschinenbau.de\/#organization\"},\"potentialAction\":[{\"@type\":\"SearchAction\",\"target\":{\"@type\":\"EntryPoint\",\"urlTemplate\":\"https:\/\/moeser-maschinenbau.de\/?s={search_term_string}\"},\"query-input\":\"required name=search_term_string\"}],\"inLanguage\":\"en-US\"},{\"@type\":\"Organization\",\"@id\":\"https:\/\/moeser-maschinenbau.de\/#organization\",\"name\":\"M\u00f6ser Maschinenbau\",\"url\":\"https:\/\/moeser-maschinenbau.de\/\",\"logo\":{\"@type\":\"ImageObject\",\"inLanguage\":\"en-US\",\"@id\":\"https:\/\/moeser-maschinenbau.de\/#\/schema\/logo\/image\/\",\"url\":\"https:\/\/moeser-maschinenbau.de\/wp-content\/uploads\/2020\/05\/cropped-moeser-klein2.png\",\"contentUrl\":\"https:\/\/moeser-maschinenbau.de\/wp-content\/uploads\/2020\/05\/cropped-moeser-klein2.png\",\"width\":245,\"height\":91,\"caption\":\"M\u00f6ser Maschinenbau\"},\"image\":{\"@id\":\"https:\/\/moeser-maschinenbau.de\/#\/schema\/logo\/image\/\"}}]}<\/script>\n<!-- \/ Yoast SEO plugin. -->","yoast_head_json":{"title":"Ro-V 195-8x Zweiwege-Schienenschleiffahrzeug - M\u00f6ser Maschinenbau","robots":{"index":"index","follow":"follow","max-snippet":"max-snippet:-1","max-image-preview":"max-image-preview:large","max-video-preview":"max-video-preview:-1"},"canonical":"https:\/\/moeser-maschinenbau.de\/en\/p\/ro-v-195-8x-zweiwege-schienenschleiffahrzeug\/","og_locale":"en_US","og_type":"article","og_title":"Ro-V 195-8x Zweiwege-Schienenschleiffahrzeug - M\u00f6ser Maschinenbau","og_description":"L\u00e4nge: 12000 mm Breite: 2525 mm H\u00f6he (Stra\u00dfe \/ Schiene): 3550\/3650 mm Gesamtgewicht: 27500 kg Max. zul. Achslasten auf der Stra\u00dfe: 9 \/ 11,5 t \/ 8 t Achsabstand: 6000 mm Angetriebene Achsen: 1 max. zul. Geschwindigkeit auf der Stra\u00dfe: 80 km\/h Raddurchmesser (LKD): 560 mm max. Schienengeschw.: 50 km\/h Arbeitsgeschwindigkeit: 0-5 km\/h Steigf\u00e4higkeit: 40 \u2030 Dauersteigf\u00e4higkeit; 80 \u2030 kurzzeitig","og_url":"https:\/\/moeser-maschinenbau.de\/en\/p\/ro-v-195-8x-zweiwege-schienenschleiffahrzeug\/","og_site_name":"M\u00f6ser Maschinenbau","og_image":[{"width":2560,"height":1920,"url":"https:\/\/moeser-maschinenbau.de\/wp-content\/uploads\/2020\/04\/IMG_0531-scaled.jpg","type":"image\/jpeg"}],"twitter_card":"summary_large_image","schema":{"@context":"https:\/\/schema.org","@graph":[{"@type":"WebPage","@id":"https:\/\/moeser-maschinenbau.de\/p\/ro-v-195-8x-zweiwege-schienenschleiffahrzeug\/","url":"https:\/\/moeser-maschinenbau.de\/p\/ro-v-195-8x-zweiwege-schienenschleiffahrzeug\/","name":"Ro-V 195-8x Zweiwege-Schienenschleiffahrzeug - M\u00f6ser Maschinenbau","isPartOf":{"@id":"https:\/\/moeser-maschinenbau.de\/#website"},"datePublished":"2020-04-30T11:55:23+00:00","dateModified":"2020-04-30T11:55:23+00:00","breadcrumb":{"@id":"https:\/\/moeser-maschinenbau.de\/p\/ro-v-195-8x-zweiwege-schienenschleiffahrzeug\/#breadcrumb"},"inLanguage":"en-US","potentialAction":[{"@type":"ReadAction","target":["https:\/\/moeser-maschinenbau.de\/p\/ro-v-195-8x-zweiwege-schienenschleiffahrzeug\/"]}]},{"@type":"BreadcrumbList","@id":"https:\/\/moeser-maschinenbau.de\/p\/ro-v-195-8x-zweiwege-schienenschleiffahrzeug\/#breadcrumb","itemListElement":[{"@type":"ListItem","position":1,"name":"Startseite","item":"https:\/\/moeser-maschinenbau.de\/"},{"@type":"ListItem","position":2,"name":"Produkte","item":"https:\/\/moeser-maschinenbau.de\/shop\/"},{"@type":"ListItem","position":3,"name":"Ro-V 195-8x Zweiwege-Schienenschleiffahrzeug"}]},{"@type":"WebSite","@id":"https:\/\/moeser-maschinenbau.de\/#website","url":"https:\/\/moeser-maschinenbau.de\/","name":"M\u00f6ser Maschinenbau","description":"","publisher":{"@id":"https:\/\/moeser-maschinenbau.de\/#organization"},"potentialAction":[{"@type":"SearchAction","target":{"@type":"EntryPoint","urlTemplate":"https:\/\/moeser-maschinenbau.de\/?s={search_term_string}"},"query-input":"required name=search_term_string"}],"inLanguage":"en-US"},{"@type":"Organization","@id":"https:\/\/moeser-maschinenbau.de\/#organization","name":"M\u00f6ser Maschinenbau","url":"https:\/\/moeser-maschinenbau.de\/","logo":{"@type":"ImageObject","inLanguage":"en-US","@id":"https:\/\/moeser-maschinenbau.de\/#\/schema\/logo\/image\/","url":"https:\/\/moeser-maschinenbau.de\/wp-content\/uploads\/2020\/05\/cropped-moeser-klein2.png","contentUrl":"https:\/\/moeser-maschinenbau.de\/wp-content\/uploads\/2020\/05\/cropped-moeser-klein2.png","width":245,"height":91,"caption":"M\u00f6ser Maschinenbau"},"image":{"@id":"https:\/\/moeser-maschinenbau.de\/#\/schema\/logo\/image\/"}}]}},"_links":{"self":[{"href":"https:\/\/moeser-maschinenbau.de\/en\/wp-json\/wp\/v2\/product\/3245"}],"collection":[{"href":"https:\/\/moeser-maschinenbau.de\/en\/wp-json\/wp\/v2\/product"}],"about":[{"href":"https:\/\/moeser-maschinenbau.de\/en\/wp-json\/wp\/v2\/types\/product"}],"replies":[{"embeddable":true,"href":"https:\/\/moeser-maschinenbau.de\/en\/wp-json\/wp\/v2\/comments?post=3245"}],"wp:featuredmedia":[{"embeddable":true,"href":"https:\/\/moeser-maschinenbau.de\/en\/wp-json\/wp\/v2\/media\/3225"}],"wp:attachment":[{"href":"https:\/\/moeser-maschinenbau.de\/en\/wp-json\/wp\/v2\/media?parent=3245"}],"wp:term":[{"taxonomy":"product_cat","embeddable":true,"href":"https:\/\/moeser-maschinenbau.de\/en\/wp-json\/wp\/v2\/product_cat?post=3245"},{"taxonomy":"product_tag","embeddable":true,"href":"https:\/\/moeser-maschinenbau.de\/en\/wp-json\/wp\/v2\/product_tag?post=3245"}],"curies":[{"name":"wp","href":"https:\/\/api.w.org\/{rel}","templated":true}]}}