{"id":3247,"date":"2020-04-30T14:01:14","date_gmt":"2020-04-30T12:01:14","guid":{"rendered":"http:\/\/wordpress.moeser-maschinenbau.de\/?post_type=product&#038;p=3247"},"modified":"2020-04-30T14:01:15","modified_gmt":"2020-04-30T12:01:15","slug":"ro-v-228-4-schienenschleifmaschine","status":"publish","type":"product","link":"https:\/\/moeser-maschinenbau.de\/en\/p\/ro-v-228-4-schienenschleifmaschine\/","title":{"rendered":"228-4 rail grinder"},"content":{"rendered":"","protected":false},"excerpt":{"rendered":"<p><strong>Dimensions:<\/strong> 3754 (7350) x 1930 x 1920 mm<br \/>\n<strong>weight:<\/strong> 3050 (+2520) kg<br \/>\n<strong>rail speed<\/strong> 20 km\/h<br \/>\n<strong>road speed<\/strong> 3 km\/h<br \/>\n<strong>working speed<\/strong> 0-5 km\/h<br \/>\n<strong>grinding power<\/strong> 4 x 11 kW<br \/>\n<strong>angle range<\/strong> 45\u00b0 au\u00dfen bis 92\u00b0 innen<\/p>\n<p><strong>abrasives:<\/strong><\/p>\n<p style=\"padding-left: 40px;\">Cup discs \u00f8 80-130 mm<br \/>\nPeripheral discs<strong>:<\/strong> \u00f8 230 mm<\/p>\n<p><strong>spindle speed<\/strong> bis 6000 U\/min<br \/>\n<strong>Dust extraction<\/strong> 3000 m\u00b3\/h<br \/>\n<strong>Energy supply:<\/strong> 80 kVA, diesel generator<\/p>","protected":false},"featured_media":3229,"comment_status":"open","ping_status":"closed","template":"","meta":[],"product_cat":[73],"product_tag":[],"yoast_head":"<!-- This site is optimized with the Yoast SEO plugin v19.9 - https:\/\/yoast.com\/wordpress\/plugins\/seo\/ -->\n<title>Ro-V 228-4 Schienenschleifmaschine - M\u00f6ser Maschinenbau<\/title>\n<meta name=\"robots\" content=\"index, follow, max-snippet:-1, max-image-preview:large, max-video-preview:-1\" \/>\n<link rel=\"canonical\" href=\"https:\/\/moeser-maschinenbau.de\/en\/p\/ro-v-228-4-schienenschleifmaschine\/\" \/>\n<meta property=\"og:locale\" content=\"en_US\" \/>\n<meta property=\"og:type\" content=\"article\" \/>\n<meta property=\"og:title\" content=\"Ro-V 228-4 Schienenschleifmaschine - M\u00f6ser Maschinenbau\" \/>\n<meta property=\"og:description\" content=\"Abmessungen: 3754 (7350) x 1930 x 1920 mm Gewicht: 3050 (+2520) kg Fahrgeschwindigkeit Schiene: 20 km\/h Fahrgeschwindigkeit Stra\u00dfe: 3 km\/h Arbeitsgeschwindigkeit: 0-5 km\/h Schleifleistung: 4 x 11 kW Winkelverstellbereich: 45\u00b0 au\u00dfen bis 92\u00b0 innen  Schleifk\u00f6rper: Topfscheiben \u00f8 80-130 mm Umfangsscheiben: \u00f8 230 mm  Spindeldrehzahl: bis 6000 U\/min Staubabsaugung: 3000 m\u00b3\/h Energieversorgung: 80 kVA, Dieselgenerator\" \/>\n<meta property=\"og:url\" content=\"https:\/\/moeser-maschinenbau.de\/en\/p\/ro-v-228-4-schienenschleifmaschine\/\" \/>\n<meta property=\"og:site_name\" content=\"M\u00f6ser Maschinenbau\" \/>\n<meta property=\"article:modified_time\" content=\"2020-04-30T12:01:15+00:00\" \/>\n<meta property=\"og:image\" content=\"https:\/\/moeser-maschinenbau.de\/wp-content\/uploads\/2020\/04\/DSC02467-scaled.jpg\" \/>\n\t<meta property=\"og:image:width\" content=\"2560\" \/>\n\t<meta property=\"og:image:height\" content=\"1710\" \/>\n\t<meta property=\"og:image:type\" content=\"image\/jpeg\" \/>\n<meta name=\"twitter:card\" content=\"summary_large_image\" \/>\n<script type=\"application\/ld+json\" class=\"yoast-schema-graph\">{\"@context\":\"https:\/\/schema.org\",\"@graph\":[{\"@type\":\"WebPage\",\"@id\":\"https:\/\/moeser-maschinenbau.de\/en\/p\/ro-v-228-4-schienenschleifmaschine\/\",\"url\":\"https:\/\/moeser-maschinenbau.de\/en\/p\/ro-v-228-4-schienenschleifmaschine\/\",\"name\":\"Ro-V 228-4 Schienenschleifmaschine - M\u00f6ser Maschinenbau\",\"isPartOf\":{\"@id\":\"https:\/\/moeser-maschinenbau.de\/#website\"},\"datePublished\":\"2020-04-30T12:01:14+00:00\",\"dateModified\":\"2020-04-30T12:01:15+00:00\",\"breadcrumb\":{\"@id\":\"https:\/\/moeser-maschinenbau.de\/en\/p\/ro-v-228-4-schienenschleifmaschine\/#breadcrumb\"},\"inLanguage\":\"en-US\",\"potentialAction\":[{\"@type\":\"ReadAction\",\"target\":[\"https:\/\/moeser-maschinenbau.de\/en\/p\/ro-v-228-4-schienenschleifmaschine\/\"]}]},{\"@type\":\"BreadcrumbList\",\"@id\":\"https:\/\/moeser-maschinenbau.de\/en\/p\/ro-v-228-4-schienenschleifmaschine\/#breadcrumb\",\"itemListElement\":[{\"@type\":\"ListItem\",\"position\":1,\"name\":\"Startseite\",\"item\":\"https:\/\/moeser-maschinenbau.de\/\"},{\"@type\":\"ListItem\",\"position\":2,\"name\":\"Produkte\",\"item\":\"https:\/\/moeser-maschinenbau.de\/shop\/\"},{\"@type\":\"ListItem\",\"position\":3,\"name\":\"Ro-V 228-4 Schienenschleifmaschine\"}]},{\"@type\":\"WebSite\",\"@id\":\"https:\/\/moeser-maschinenbau.de\/#website\",\"url\":\"https:\/\/moeser-maschinenbau.de\/\",\"name\":\"M\u00f6ser Maschinenbau\",\"description\":\"\",\"publisher\":{\"@id\":\"https:\/\/moeser-maschinenbau.de\/#organization\"},\"potentialAction\":[{\"@type\":\"SearchAction\",\"target\":{\"@type\":\"EntryPoint\",\"urlTemplate\":\"https:\/\/moeser-maschinenbau.de\/?s={search_term_string}\"},\"query-input\":\"required name=search_term_string\"}],\"inLanguage\":\"en-US\"},{\"@type\":\"Organization\",\"@id\":\"https:\/\/moeser-maschinenbau.de\/#organization\",\"name\":\"M\u00f6ser Maschinenbau\",\"url\":\"https:\/\/moeser-maschinenbau.de\/\",\"logo\":{\"@type\":\"ImageObject\",\"inLanguage\":\"en-US\",\"@id\":\"https:\/\/moeser-maschinenbau.de\/#\/schema\/logo\/image\/\",\"url\":\"https:\/\/moeser-maschinenbau.de\/wp-content\/uploads\/2020\/05\/cropped-moeser-klein2.png\",\"contentUrl\":\"https:\/\/moeser-maschinenbau.de\/wp-content\/uploads\/2020\/05\/cropped-moeser-klein2.png\",\"width\":245,\"height\":91,\"caption\":\"M\u00f6ser Maschinenbau\"},\"image\":{\"@id\":\"https:\/\/moeser-maschinenbau.de\/#\/schema\/logo\/image\/\"}}]}<\/script>\n<!-- \/ Yoast SEO plugin. -->","yoast_head_json":{"title":"Ro-V 228-4 Schienenschleifmaschine - M\u00f6ser Maschinenbau","robots":{"index":"index","follow":"follow","max-snippet":"max-snippet:-1","max-image-preview":"max-image-preview:large","max-video-preview":"max-video-preview:-1"},"canonical":"https:\/\/moeser-maschinenbau.de\/en\/p\/ro-v-228-4-schienenschleifmaschine\/","og_locale":"en_US","og_type":"article","og_title":"Ro-V 228-4 Schienenschleifmaschine - M\u00f6ser Maschinenbau","og_description":"Abmessungen: 3754 (7350) x 1930 x 1920 mm Gewicht: 3050 (+2520) kg Fahrgeschwindigkeit Schiene: 20 km\/h Fahrgeschwindigkeit Stra\u00dfe: 3 km\/h Arbeitsgeschwindigkeit: 0-5 km\/h Schleifleistung: 4 x 11 kW Winkelverstellbereich: 45\u00b0 au\u00dfen bis 92\u00b0 innen  Schleifk\u00f6rper: Topfscheiben \u00f8 80-130 mm Umfangsscheiben: \u00f8 230 mm  Spindeldrehzahl: bis 6000 U\/min Staubabsaugung: 3000 m\u00b3\/h Energieversorgung: 80 kVA, Dieselgenerator","og_url":"https:\/\/moeser-maschinenbau.de\/en\/p\/ro-v-228-4-schienenschleifmaschine\/","og_site_name":"M\u00f6ser Maschinenbau","article_modified_time":"2020-04-30T12:01:15+00:00","og_image":[{"width":2560,"height":1710,"url":"https:\/\/moeser-maschinenbau.de\/wp-content\/uploads\/2020\/04\/DSC02467-scaled.jpg","type":"image\/jpeg"}],"twitter_card":"summary_large_image","schema":{"@context":"https:\/\/schema.org","@graph":[{"@type":"WebPage","@id":"https:\/\/moeser-maschinenbau.de\/en\/p\/ro-v-228-4-schienenschleifmaschine\/","url":"https:\/\/moeser-maschinenbau.de\/en\/p\/ro-v-228-4-schienenschleifmaschine\/","name":"Ro-V 228-4 Schienenschleifmaschine - M\u00f6ser Maschinenbau","isPartOf":{"@id":"https:\/\/moeser-maschinenbau.de\/#website"},"datePublished":"2020-04-30T12:01:14+00:00","dateModified":"2020-04-30T12:01:15+00:00","breadcrumb":{"@id":"https:\/\/moeser-maschinenbau.de\/en\/p\/ro-v-228-4-schienenschleifmaschine\/#breadcrumb"},"inLanguage":"en-US","potentialAction":[{"@type":"ReadAction","target":["https:\/\/moeser-maschinenbau.de\/en\/p\/ro-v-228-4-schienenschleifmaschine\/"]}]},{"@type":"BreadcrumbList","@id":"https:\/\/moeser-maschinenbau.de\/en\/p\/ro-v-228-4-schienenschleifmaschine\/#breadcrumb","itemListElement":[{"@type":"ListItem","position":1,"name":"Startseite","item":"https:\/\/moeser-maschinenbau.de\/"},{"@type":"ListItem","position":2,"name":"Produkte","item":"https:\/\/moeser-maschinenbau.de\/shop\/"},{"@type":"ListItem","position":3,"name":"Ro-V 228-4 Schienenschleifmaschine"}]},{"@type":"WebSite","@id":"https:\/\/moeser-maschinenbau.de\/#website","url":"https:\/\/moeser-maschinenbau.de\/","name":"M\u00f6ser Maschinenbau","description":"","publisher":{"@id":"https:\/\/moeser-maschinenbau.de\/#organization"},"potentialAction":[{"@type":"SearchAction","target":{"@type":"EntryPoint","urlTemplate":"https:\/\/moeser-maschinenbau.de\/?s={search_term_string}"},"query-input":"required name=search_term_string"}],"inLanguage":"en-US"},{"@type":"Organization","@id":"https:\/\/moeser-maschinenbau.de\/#organization","name":"M\u00f6ser Maschinenbau","url":"https:\/\/moeser-maschinenbau.de\/","logo":{"@type":"ImageObject","inLanguage":"en-US","@id":"https:\/\/moeser-maschinenbau.de\/#\/schema\/logo\/image\/","url":"https:\/\/moeser-maschinenbau.de\/wp-content\/uploads\/2020\/05\/cropped-moeser-klein2.png","contentUrl":"https:\/\/moeser-maschinenbau.de\/wp-content\/uploads\/2020\/05\/cropped-moeser-klein2.png","width":245,"height":91,"caption":"M\u00f6ser Maschinenbau"},"image":{"@id":"https:\/\/moeser-maschinenbau.de\/#\/schema\/logo\/image\/"}}]}},"_links":{"self":[{"href":"https:\/\/moeser-maschinenbau.de\/en\/wp-json\/wp\/v2\/product\/3247"}],"collection":[{"href":"https:\/\/moeser-maschinenbau.de\/en\/wp-json\/wp\/v2\/product"}],"about":[{"href":"https:\/\/moeser-maschinenbau.de\/en\/wp-json\/wp\/v2\/types\/product"}],"replies":[{"embeddable":true,"href":"https:\/\/moeser-maschinenbau.de\/en\/wp-json\/wp\/v2\/comments?post=3247"}],"wp:featuredmedia":[{"embeddable":true,"href":"https:\/\/moeser-maschinenbau.de\/en\/wp-json\/wp\/v2\/media\/3229"}],"wp:attachment":[{"href":"https:\/\/moeser-maschinenbau.de\/en\/wp-json\/wp\/v2\/media?parent=3247"}],"wp:term":[{"taxonomy":"product_cat","embeddable":true,"href":"https:\/\/moeser-maschinenbau.de\/en\/wp-json\/wp\/v2\/product_cat?post=3247"},{"taxonomy":"product_tag","embeddable":true,"href":"https:\/\/moeser-maschinenbau.de\/en\/wp-json\/wp\/v2\/product_tag?post=3247"}],"curies":[{"name":"wp","href":"https:\/\/api.w.org\/{rel}","templated":true}]}}