{"id":3266,"date":"2020-04-30T14:16:40","date_gmt":"2020-04-30T12:16:40","guid":{"rendered":"http:\/\/wordpress.moeser-maschinenbau.de\/?post_type=product&#038;p=3266"},"modified":"2020-04-30T14:16:40","modified_gmt":"2020-04-30T12:16:40","slug":"sonstige-verschleissteile","status":"publish","type":"product","link":"https:\/\/moeser-maschinenbau.de\/en\/p\/sonstige-verschleissteile\/","title":{"rendered":"other wearing parts"},"content":{"rendered":"","protected":false},"excerpt":{"rendered":"<p>\u2022 overhaul of grinding modules<br \/>\n\u2022 reconditioning and producing of special rail wheels<br \/>\n\u2022 reconditioning guideways and bushings<br \/>\n\u2022 build up welding and production of wear protection<br \/>\n\u2022 reconditioning and producing of shafts for belt conveyors<br \/>\n\u2022 producing of complex welding parts and assemblies<br \/>\n\u2022 maintenance of small machines and devices<\/p>","protected":false},"featured_media":3260,"comment_status":"open","ping_status":"closed","template":"","meta":[],"product_cat":[75],"product_tag":[],"yoast_head":"<!-- This site is optimized with the Yoast SEO plugin v19.9 - https:\/\/yoast.com\/wordpress\/plugins\/seo\/ -->\n<title>Sonstige Verschlei\u00dfteile - M\u00f6ser Maschinenbau<\/title>\n<meta name=\"robots\" content=\"index, follow, max-snippet:-1, max-image-preview:large, max-video-preview:-1\" \/>\n<link rel=\"canonical\" href=\"https:\/\/moeser-maschinenbau.de\/en\/p\/sonstige-verschleissteile\/\" \/>\n<meta property=\"og:locale\" content=\"en_US\" \/>\n<meta property=\"og:type\" content=\"article\" \/>\n<meta property=\"og:title\" content=\"Sonstige Verschlei\u00dfteile - M\u00f6ser Maschinenbau\" \/>\n<meta property=\"og:description\" content=\"\u2022 \u00dcberholung von Schleifspindeln f\u00fcr Gro\u00dfschleifmaschinen \u2022 Aufarbeitung und Herstellung von Schienenspezialr\u00e4dern und Rollen \u2022 Ausb\u00fcchsen und Nacharbeiten von F\u00fchrungen und Lagerungen \u2022 Auftragschwei\u00dfen und Herstellung von Verschlei\u00dfblechen \u2022 Aufarbeitung und Herstellung von F\u00f6rderbandwellen \u2022 Herstellung komplexer Schwei\u00dfbauteile und Baugruppen \u2022 Reparatur von Kleinmaschinen und Ger\u00e4ten\" \/>\n<meta property=\"og:url\" content=\"https:\/\/moeser-maschinenbau.de\/en\/p\/sonstige-verschleissteile\/\" \/>\n<meta property=\"og:site_name\" content=\"M\u00f6ser Maschinenbau\" \/>\n<meta property=\"og:image\" content=\"https:\/\/moeser-maschinenbau.de\/wp-content\/uploads\/2020\/04\/Verschlei\u00dfteile.jpg\" \/>\n\t<meta property=\"og:image:width\" content=\"646\" \/>\n\t<meta property=\"og:image:height\" content=\"160\" \/>\n\t<meta property=\"og:image:type\" content=\"image\/jpeg\" \/>\n<meta name=\"twitter:card\" content=\"summary_large_image\" \/>\n<script type=\"application\/ld+json\" class=\"yoast-schema-graph\">{\"@context\":\"https:\/\/schema.org\",\"@graph\":[{\"@type\":\"WebPage\",\"@id\":\"https:\/\/moeser-maschinenbau.de\/p\/sonstige-verschleissteile\/\",\"url\":\"https:\/\/moeser-maschinenbau.de\/p\/sonstige-verschleissteile\/\",\"name\":\"Sonstige Verschlei\u00dfteile - M\u00f6ser Maschinenbau\",\"isPartOf\":{\"@id\":\"https:\/\/moeser-maschinenbau.de\/#website\"},\"datePublished\":\"2020-04-30T12:16:40+00:00\",\"dateModified\":\"2020-04-30T12:16:40+00:00\",\"breadcrumb\":{\"@id\":\"https:\/\/moeser-maschinenbau.de\/p\/sonstige-verschleissteile\/#breadcrumb\"},\"inLanguage\":\"en-US\",\"potentialAction\":[{\"@type\":\"ReadAction\",\"target\":[\"https:\/\/moeser-maschinenbau.de\/p\/sonstige-verschleissteile\/\"]}]},{\"@type\":\"BreadcrumbList\",\"@id\":\"https:\/\/moeser-maschinenbau.de\/p\/sonstige-verschleissteile\/#breadcrumb\",\"itemListElement\":[{\"@type\":\"ListItem\",\"position\":1,\"name\":\"Startseite\",\"item\":\"https:\/\/moeser-maschinenbau.de\/\"},{\"@type\":\"ListItem\",\"position\":2,\"name\":\"Produkte\",\"item\":\"https:\/\/moeser-maschinenbau.de\/shop\/\"},{\"@type\":\"ListItem\",\"position\":3,\"name\":\"Sonstige Verschlei\u00dfteile\"}]},{\"@type\":\"WebSite\",\"@id\":\"https:\/\/moeser-maschinenbau.de\/#website\",\"url\":\"https:\/\/moeser-maschinenbau.de\/\",\"name\":\"M\u00f6ser Maschinenbau\",\"description\":\"\",\"publisher\":{\"@id\":\"https:\/\/moeser-maschinenbau.de\/#organization\"},\"potentialAction\":[{\"@type\":\"SearchAction\",\"target\":{\"@type\":\"EntryPoint\",\"urlTemplate\":\"https:\/\/moeser-maschinenbau.de\/?s={search_term_string}\"},\"query-input\":\"required name=search_term_string\"}],\"inLanguage\":\"en-US\"},{\"@type\":\"Organization\",\"@id\":\"https:\/\/moeser-maschinenbau.de\/#organization\",\"name\":\"M\u00f6ser Maschinenbau\",\"url\":\"https:\/\/moeser-maschinenbau.de\/\",\"logo\":{\"@type\":\"ImageObject\",\"inLanguage\":\"en-US\",\"@id\":\"https:\/\/moeser-maschinenbau.de\/#\/schema\/logo\/image\/\",\"url\":\"https:\/\/moeser-maschinenbau.de\/wp-content\/uploads\/2020\/05\/cropped-moeser-klein2.png\",\"contentUrl\":\"https:\/\/moeser-maschinenbau.de\/wp-content\/uploads\/2020\/05\/cropped-moeser-klein2.png\",\"width\":245,\"height\":91,\"caption\":\"M\u00f6ser Maschinenbau\"},\"image\":{\"@id\":\"https:\/\/moeser-maschinenbau.de\/#\/schema\/logo\/image\/\"}}]}<\/script>\n<!-- \/ Yoast SEO plugin. -->","yoast_head_json":{"title":"Sonstige Verschlei\u00dfteile - M\u00f6ser Maschinenbau","robots":{"index":"index","follow":"follow","max-snippet":"max-snippet:-1","max-image-preview":"max-image-preview:large","max-video-preview":"max-video-preview:-1"},"canonical":"https:\/\/moeser-maschinenbau.de\/en\/p\/sonstige-verschleissteile\/","og_locale":"en_US","og_type":"article","og_title":"Sonstige Verschlei\u00dfteile - M\u00f6ser Maschinenbau","og_description":"\u2022 \u00dcberholung von Schleifspindeln f\u00fcr Gro\u00dfschleifmaschinen \u2022 Aufarbeitung und Herstellung von Schienenspezialr\u00e4dern und Rollen \u2022 Ausb\u00fcchsen und Nacharbeiten von F\u00fchrungen und Lagerungen \u2022 Auftragschwei\u00dfen und Herstellung von Verschlei\u00dfblechen \u2022 Aufarbeitung und Herstellung von F\u00f6rderbandwellen \u2022 Herstellung komplexer Schwei\u00dfbauteile und Baugruppen \u2022 Reparatur von Kleinmaschinen und Ger\u00e4ten","og_url":"https:\/\/moeser-maschinenbau.de\/en\/p\/sonstige-verschleissteile\/","og_site_name":"M\u00f6ser Maschinenbau","og_image":[{"width":646,"height":160,"url":"https:\/\/moeser-maschinenbau.de\/wp-content\/uploads\/2020\/04\/Verschlei\u00dfteile.jpg","type":"image\/jpeg"}],"twitter_card":"summary_large_image","schema":{"@context":"https:\/\/schema.org","@graph":[{"@type":"WebPage","@id":"https:\/\/moeser-maschinenbau.de\/p\/sonstige-verschleissteile\/","url":"https:\/\/moeser-maschinenbau.de\/p\/sonstige-verschleissteile\/","name":"Sonstige Verschlei\u00dfteile - M\u00f6ser Maschinenbau","isPartOf":{"@id":"https:\/\/moeser-maschinenbau.de\/#website"},"datePublished":"2020-04-30T12:16:40+00:00","dateModified":"2020-04-30T12:16:40+00:00","breadcrumb":{"@id":"https:\/\/moeser-maschinenbau.de\/p\/sonstige-verschleissteile\/#breadcrumb"},"inLanguage":"en-US","potentialAction":[{"@type":"ReadAction","target":["https:\/\/moeser-maschinenbau.de\/p\/sonstige-verschleissteile\/"]}]},{"@type":"BreadcrumbList","@id":"https:\/\/moeser-maschinenbau.de\/p\/sonstige-verschleissteile\/#breadcrumb","itemListElement":[{"@type":"ListItem","position":1,"name":"Startseite","item":"https:\/\/moeser-maschinenbau.de\/"},{"@type":"ListItem","position":2,"name":"Produkte","item":"https:\/\/moeser-maschinenbau.de\/shop\/"},{"@type":"ListItem","position":3,"name":"Sonstige Verschlei\u00dfteile"}]},{"@type":"WebSite","@id":"https:\/\/moeser-maschinenbau.de\/#website","url":"https:\/\/moeser-maschinenbau.de\/","name":"M\u00f6ser Maschinenbau","description":"","publisher":{"@id":"https:\/\/moeser-maschinenbau.de\/#organization"},"potentialAction":[{"@type":"SearchAction","target":{"@type":"EntryPoint","urlTemplate":"https:\/\/moeser-maschinenbau.de\/?s={search_term_string}"},"query-input":"required name=search_term_string"}],"inLanguage":"en-US"},{"@type":"Organization","@id":"https:\/\/moeser-maschinenbau.de\/#organization","name":"M\u00f6ser Maschinenbau","url":"https:\/\/moeser-maschinenbau.de\/","logo":{"@type":"ImageObject","inLanguage":"en-US","@id":"https:\/\/moeser-maschinenbau.de\/#\/schema\/logo\/image\/","url":"https:\/\/moeser-maschinenbau.de\/wp-content\/uploads\/2020\/05\/cropped-moeser-klein2.png","contentUrl":"https:\/\/moeser-maschinenbau.de\/wp-content\/uploads\/2020\/05\/cropped-moeser-klein2.png","width":245,"height":91,"caption":"M\u00f6ser Maschinenbau"},"image":{"@id":"https:\/\/moeser-maschinenbau.de\/#\/schema\/logo\/image\/"}}]}},"_links":{"self":[{"href":"https:\/\/moeser-maschinenbau.de\/en\/wp-json\/wp\/v2\/product\/3266"}],"collection":[{"href":"https:\/\/moeser-maschinenbau.de\/en\/wp-json\/wp\/v2\/product"}],"about":[{"href":"https:\/\/moeser-maschinenbau.de\/en\/wp-json\/wp\/v2\/types\/product"}],"replies":[{"embeddable":true,"href":"https:\/\/moeser-maschinenbau.de\/en\/wp-json\/wp\/v2\/comments?post=3266"}],"wp:featuredmedia":[{"embeddable":true,"href":"https:\/\/moeser-maschinenbau.de\/en\/wp-json\/wp\/v2\/media\/3260"}],"wp:attachment":[{"href":"https:\/\/moeser-maschinenbau.de\/en\/wp-json\/wp\/v2\/media?parent=3266"}],"wp:term":[{"taxonomy":"product_cat","embeddable":true,"href":"https:\/\/moeser-maschinenbau.de\/en\/wp-json\/wp\/v2\/product_cat?post=3266"},{"taxonomy":"product_tag","embeddable":true,"href":"https:\/\/moeser-maschinenbau.de\/en\/wp-json\/wp\/v2\/product_tag?post=3266"}],"curies":[{"name":"wp","href":"https:\/\/api.w.org\/{rel}","templated":true}]}}