{"id":3285,"date":"2020-04-30T14:48:54","date_gmt":"2020-04-30T12:48:54","guid":{"rendered":"http:\/\/wordpress.moeser-maschinenbau.de\/?post_type=product&#038;p=3285"},"modified":"2020-04-30T14:48:54","modified_gmt":"2020-04-30T12:48:54","slug":"schienenentwaesserungskaesten","status":"publish","type":"product","link":"https:\/\/moeser-maschinenbau.de\/en\/p\/schienenentwaesserungskaesten\/","title":{"rendered":"Track draining boxes"},"content":{"rendered":"","protected":false},"excerpt":{"rendered":"<p>\u2022 <strong>for grooved rails:<\/strong> 53 Ri1 to 67 Ri1<br \/>\n\u2022 <strong>for vignol rails:<\/strong> 41 E1 to 60 E1<br \/>\n\u2022 <strong>for special rail profiles <\/strong><\/p>\n<p><strong>Construction types<\/strong><br \/>\nThe standard type consists of a bolted lid made of bulb plate (15mm)\nand a vertical outlet \u00f8 101,6 x 8 mm and is bolted to the rail neck with\na track rod srew.<\/p>\n<p><strong>Special Designs<\/strong><br \/>\nPlease ask for solutions to your special\nsituation. We manufacture all kind of\nvariations of lids, like secured cast molded\nlids, lateral drains, welded tabs for mounting it\nto the rail neck and various special sizes and\nmeasurements.<\/p>","protected":false},"featured_media":3274,"comment_status":"open","ping_status":"closed","template":"","meta":[],"product_cat":[76],"product_tag":[],"yoast_head":"<!-- This site is optimized with the Yoast SEO plugin v19.9 - https:\/\/yoast.com\/wordpress\/plugins\/seo\/ -->\n<title>Schienenentw\u00e4sserungsk\u00e4sten - M\u00f6ser Maschinenbau<\/title>\n<meta name=\"robots\" content=\"index, follow, max-snippet:-1, max-image-preview:large, max-video-preview:-1\" \/>\n<link rel=\"canonical\" href=\"https:\/\/moeser-maschinenbau.de\/en\/p\/schienenentwaesserungskaesten\/\" \/>\n<meta property=\"og:locale\" content=\"en_US\" \/>\n<meta property=\"og:type\" content=\"article\" \/>\n<meta property=\"og:title\" content=\"Schienenentw\u00e4sserungsk\u00e4sten - M\u00f6ser Maschinenbau\" \/>\n<meta property=\"og:description\" content=\"\u2022 f\u00fcr Rillenschienen: 53 Ri1 bis 67 Ri1 (bisher: Ri und Ph) \u2022 f\u00fcr Vignolschienen: 41 E1 bis 60 E1 (bisher: S und UIC) \u2022 f\u00fcr Sonderprofile   Bauarten Die Standardausf\u00fchrung hat einen verschraubten Deckel aus Tr\u00e4nenblech 15 mm und einen senkrechten Ablauf \u00f8 101,6 x 8 mm und wird mit einer Spurstangenschraube am Schienensteg verschraubt.  Sonderausf\u00fchrungen Fragen Sie bitte nach speziellen Probleml\u00f6sungen. Wir fertigen u.a. Varianten mit Deckeln aus Tr\u00e4nenblech 20 mm, mit gesichertem Gu\u00dfdeckel, seitlichem Ablauf, angeschwei\u00dfter Lasche zur Befestigung am Schienensteg und verschiedene Sonderma\u00dfe.\" \/>\n<meta property=\"og:url\" content=\"https:\/\/moeser-maschinenbau.de\/en\/p\/schienenentwaesserungskaesten\/\" \/>\n<meta property=\"og:site_name\" content=\"M\u00f6ser Maschinenbau\" \/>\n<meta property=\"og:image\" content=\"https:\/\/moeser-maschinenbau.de\/wp-content\/uploads\/2020\/04\/Oberbaumaterial5.jpg\" \/>\n\t<meta property=\"og:image:width\" content=\"254\" \/>\n\t<meta property=\"og:image:height\" content=\"229\" \/>\n\t<meta property=\"og:image:type\" content=\"image\/jpeg\" \/>\n<meta name=\"twitter:card\" content=\"summary_large_image\" \/>\n<script type=\"application\/ld+json\" class=\"yoast-schema-graph\">{\"@context\":\"https:\/\/schema.org\",\"@graph\":[{\"@type\":\"WebPage\",\"@id\":\"https:\/\/moeser-maschinenbau.de\/p\/schienenentwaesserungskaesten\/\",\"url\":\"https:\/\/moeser-maschinenbau.de\/p\/schienenentwaesserungskaesten\/\",\"name\":\"Schienenentw\u00e4sserungsk\u00e4sten - M\u00f6ser Maschinenbau\",\"isPartOf\":{\"@id\":\"https:\/\/moeser-maschinenbau.de\/#website\"},\"datePublished\":\"2020-04-30T12:48:54+00:00\",\"dateModified\":\"2020-04-30T12:48:54+00:00\",\"breadcrumb\":{\"@id\":\"https:\/\/moeser-maschinenbau.de\/p\/schienenentwaesserungskaesten\/#breadcrumb\"},\"inLanguage\":\"en-US\",\"potentialAction\":[{\"@type\":\"ReadAction\",\"target\":[\"https:\/\/moeser-maschinenbau.de\/p\/schienenentwaesserungskaesten\/\"]}]},{\"@type\":\"BreadcrumbList\",\"@id\":\"https:\/\/moeser-maschinenbau.de\/p\/schienenentwaesserungskaesten\/#breadcrumb\",\"itemListElement\":[{\"@type\":\"ListItem\",\"position\":1,\"name\":\"Startseite\",\"item\":\"https:\/\/moeser-maschinenbau.de\/\"},{\"@type\":\"ListItem\",\"position\":2,\"name\":\"Produkte\",\"item\":\"https:\/\/moeser-maschinenbau.de\/shop\/\"},{\"@type\":\"ListItem\",\"position\":3,\"name\":\"Schienenentw\u00e4sserungsk\u00e4sten\"}]},{\"@type\":\"WebSite\",\"@id\":\"https:\/\/moeser-maschinenbau.de\/#website\",\"url\":\"https:\/\/moeser-maschinenbau.de\/\",\"name\":\"M\u00f6ser Maschinenbau\",\"description\":\"\",\"publisher\":{\"@id\":\"https:\/\/moeser-maschinenbau.de\/#organization\"},\"potentialAction\":[{\"@type\":\"SearchAction\",\"target\":{\"@type\":\"EntryPoint\",\"urlTemplate\":\"https:\/\/moeser-maschinenbau.de\/?s={search_term_string}\"},\"query-input\":\"required name=search_term_string\"}],\"inLanguage\":\"en-US\"},{\"@type\":\"Organization\",\"@id\":\"https:\/\/moeser-maschinenbau.de\/#organization\",\"name\":\"M\u00f6ser Maschinenbau\",\"url\":\"https:\/\/moeser-maschinenbau.de\/\",\"logo\":{\"@type\":\"ImageObject\",\"inLanguage\":\"en-US\",\"@id\":\"https:\/\/moeser-maschinenbau.de\/#\/schema\/logo\/image\/\",\"url\":\"https:\/\/moeser-maschinenbau.de\/wp-content\/uploads\/2020\/05\/cropped-moeser-klein2.png\",\"contentUrl\":\"https:\/\/moeser-maschinenbau.de\/wp-content\/uploads\/2020\/05\/cropped-moeser-klein2.png\",\"width\":245,\"height\":91,\"caption\":\"M\u00f6ser Maschinenbau\"},\"image\":{\"@id\":\"https:\/\/moeser-maschinenbau.de\/#\/schema\/logo\/image\/\"}}]}<\/script>\n<!-- \/ Yoast SEO plugin. -->","yoast_head_json":{"title":"Schienenentw\u00e4sserungsk\u00e4sten - M\u00f6ser Maschinenbau","robots":{"index":"index","follow":"follow","max-snippet":"max-snippet:-1","max-image-preview":"max-image-preview:large","max-video-preview":"max-video-preview:-1"},"canonical":"https:\/\/moeser-maschinenbau.de\/en\/p\/schienenentwaesserungskaesten\/","og_locale":"en_US","og_type":"article","og_title":"Schienenentw\u00e4sserungsk\u00e4sten - M\u00f6ser Maschinenbau","og_description":"\u2022 f\u00fcr Rillenschienen: 53 Ri1 bis 67 Ri1 (bisher: Ri und Ph) \u2022 f\u00fcr Vignolschienen: 41 E1 bis 60 E1 (bisher: S und UIC) \u2022 f\u00fcr Sonderprofile   Bauarten Die Standardausf\u00fchrung hat einen verschraubten Deckel aus Tr\u00e4nenblech 15 mm und einen senkrechten Ablauf \u00f8 101,6 x 8 mm und wird mit einer Spurstangenschraube am Schienensteg verschraubt.  Sonderausf\u00fchrungen Fragen Sie bitte nach speziellen Probleml\u00f6sungen. Wir fertigen u.a. Varianten mit Deckeln aus Tr\u00e4nenblech 20 mm, mit gesichertem Gu\u00dfdeckel, seitlichem Ablauf, angeschwei\u00dfter Lasche zur Befestigung am Schienensteg und verschiedene Sonderma\u00dfe.","og_url":"https:\/\/moeser-maschinenbau.de\/en\/p\/schienenentwaesserungskaesten\/","og_site_name":"M\u00f6ser Maschinenbau","og_image":[{"width":254,"height":229,"url":"https:\/\/moeser-maschinenbau.de\/wp-content\/uploads\/2020\/04\/Oberbaumaterial5.jpg","type":"image\/jpeg"}],"twitter_card":"summary_large_image","schema":{"@context":"https:\/\/schema.org","@graph":[{"@type":"WebPage","@id":"https:\/\/moeser-maschinenbau.de\/p\/schienenentwaesserungskaesten\/","url":"https:\/\/moeser-maschinenbau.de\/p\/schienenentwaesserungskaesten\/","name":"Schienenentw\u00e4sserungsk\u00e4sten - M\u00f6ser Maschinenbau","isPartOf":{"@id":"https:\/\/moeser-maschinenbau.de\/#website"},"datePublished":"2020-04-30T12:48:54+00:00","dateModified":"2020-04-30T12:48:54+00:00","breadcrumb":{"@id":"https:\/\/moeser-maschinenbau.de\/p\/schienenentwaesserungskaesten\/#breadcrumb"},"inLanguage":"en-US","potentialAction":[{"@type":"ReadAction","target":["https:\/\/moeser-maschinenbau.de\/p\/schienenentwaesserungskaesten\/"]}]},{"@type":"BreadcrumbList","@id":"https:\/\/moeser-maschinenbau.de\/p\/schienenentwaesserungskaesten\/#breadcrumb","itemListElement":[{"@type":"ListItem","position":1,"name":"Startseite","item":"https:\/\/moeser-maschinenbau.de\/"},{"@type":"ListItem","position":2,"name":"Produkte","item":"https:\/\/moeser-maschinenbau.de\/shop\/"},{"@type":"ListItem","position":3,"name":"Schienenentw\u00e4sserungsk\u00e4sten"}]},{"@type":"WebSite","@id":"https:\/\/moeser-maschinenbau.de\/#website","url":"https:\/\/moeser-maschinenbau.de\/","name":"M\u00f6ser Maschinenbau","description":"","publisher":{"@id":"https:\/\/moeser-maschinenbau.de\/#organization"},"potentialAction":[{"@type":"SearchAction","target":{"@type":"EntryPoint","urlTemplate":"https:\/\/moeser-maschinenbau.de\/?s={search_term_string}"},"query-input":"required name=search_term_string"}],"inLanguage":"en-US"},{"@type":"Organization","@id":"https:\/\/moeser-maschinenbau.de\/#organization","name":"M\u00f6ser Maschinenbau","url":"https:\/\/moeser-maschinenbau.de\/","logo":{"@type":"ImageObject","inLanguage":"en-US","@id":"https:\/\/moeser-maschinenbau.de\/#\/schema\/logo\/image\/","url":"https:\/\/moeser-maschinenbau.de\/wp-content\/uploads\/2020\/05\/cropped-moeser-klein2.png","contentUrl":"https:\/\/moeser-maschinenbau.de\/wp-content\/uploads\/2020\/05\/cropped-moeser-klein2.png","width":245,"height":91,"caption":"M\u00f6ser Maschinenbau"},"image":{"@id":"https:\/\/moeser-maschinenbau.de\/#\/schema\/logo\/image\/"}}]}},"_links":{"self":[{"href":"https:\/\/moeser-maschinenbau.de\/en\/wp-json\/wp\/v2\/product\/3285"}],"collection":[{"href":"https:\/\/moeser-maschinenbau.de\/en\/wp-json\/wp\/v2\/product"}],"about":[{"href":"https:\/\/moeser-maschinenbau.de\/en\/wp-json\/wp\/v2\/types\/product"}],"replies":[{"embeddable":true,"href":"https:\/\/moeser-maschinenbau.de\/en\/wp-json\/wp\/v2\/comments?post=3285"}],"wp:featuredmedia":[{"embeddable":true,"href":"https:\/\/moeser-maschinenbau.de\/en\/wp-json\/wp\/v2\/media\/3274"}],"wp:attachment":[{"href":"https:\/\/moeser-maschinenbau.de\/en\/wp-json\/wp\/v2\/media?parent=3285"}],"wp:term":[{"taxonomy":"product_cat","embeddable":true,"href":"https:\/\/moeser-maschinenbau.de\/en\/wp-json\/wp\/v2\/product_cat?post=3285"},{"taxonomy":"product_tag","embeddable":true,"href":"https:\/\/moeser-maschinenbau.de\/en\/wp-json\/wp\/v2\/product_tag?post=3285"}],"curies":[{"name":"wp","href":"https:\/\/api.w.org\/{rel}","templated":true}]}}