{"id":3286,"date":"2020-04-30T14:49:45","date_gmt":"2020-04-30T12:49:45","guid":{"rendered":"http:\/\/wordpress.moeser-maschinenbau.de\/?post_type=product&#038;p=3286"},"modified":"2020-04-30T14:49:45","modified_gmt":"2020-04-30T12:49:45","slug":"gleis-radlenkerkonsole","status":"publish","type":"product","link":"https:\/\/moeser-maschinenbau.de\/en\/p\/gleis-radlenkerkonsole\/","title":{"rendered":"Track check rail Panel"},"content":{"rendered":"","protected":false},"excerpt":{"rendered":"<p>\u2022 <strong>for grooved rails:<\/strong> 53 Ri1 to 67 Ri1<br \/>\n\u2022 <strong>for vignol rails:<\/strong> 41 E1 to 60 E1<br \/>\n\u2022 <strong>for special rail profiles<\/strong><\/p>\n<p><strong>Components and accessories<\/strong><br \/>\nIn our welding workshop with highly qualified personnel, we\nmanufacture track check rail panels, prolonged corrugated panels of\nvarious designs and many other components for the superstructure\naccording to your requests, e.g.<br \/>\n\u2022 rail pads<br \/>\n\u2022 supporting structures<\/p>","protected":false},"featured_media":3275,"comment_status":"open","ping_status":"closed","template":"","meta":[],"product_cat":[76],"product_tag":[],"yoast_head":"<!-- This site is optimized with the Yoast SEO plugin v19.9 - https:\/\/yoast.com\/wordpress\/plugins\/seo\/ -->\n<title>Gleis Radlenkerkonsole - M\u00f6ser Maschinenbau<\/title>\n<meta name=\"robots\" content=\"index, follow, max-snippet:-1, max-image-preview:large, max-video-preview:-1\" \/>\n<link rel=\"canonical\" href=\"https:\/\/moeser-maschinenbau.de\/en\/p\/gleis-radlenkerkonsole\/\" \/>\n<meta property=\"og:locale\" content=\"en_US\" \/>\n<meta property=\"og:type\" content=\"article\" \/>\n<meta property=\"og:title\" content=\"Gleis Radlenkerkonsole - M\u00f6ser Maschinenbau\" \/>\n<meta property=\"og:description\" content=\"\u2022 f\u00fcr Rillenschienen: 53 Ri1 bis 67 Ri1 (bisher: Ri und Ph) \u2022 f\u00fcr Vignolschienen: 41 E1 bis 60 E1 (bisher: S und UIC) \u2022 f\u00fcr Sonderprofile  Bauteile und Zubeh\u00f6r In unserer Schwei\u00dferei mit hochqualifizierten Fachkr\u00e4ften werden Radlenkerkonsolen, verl\u00e4ngerte Rippenplatten in unterschiedlichsten Konstruktionen und auch diverse andere Bauteile f\u00fcr den Gleisoberbau nach Ihren Anforderungen gefertigt, u.a. \u2022 Schienenunterlagen \u2022 St\u00fctzkonstruktionen\" \/>\n<meta property=\"og:url\" content=\"https:\/\/moeser-maschinenbau.de\/en\/p\/gleis-radlenkerkonsole\/\" \/>\n<meta property=\"og:site_name\" content=\"M\u00f6ser Maschinenbau\" \/>\n<meta property=\"og:image\" content=\"https:\/\/moeser-maschinenbau.de\/wp-content\/uploads\/2020\/04\/Oberbaumaterial6.jpg\" \/>\n\t<meta property=\"og:image:width\" content=\"344\" \/>\n\t<meta property=\"og:image:height\" content=\"205\" \/>\n\t<meta property=\"og:image:type\" content=\"image\/jpeg\" \/>\n<meta name=\"twitter:card\" content=\"summary_large_image\" \/>\n<script type=\"application\/ld+json\" class=\"yoast-schema-graph\">{\"@context\":\"https:\/\/schema.org\",\"@graph\":[{\"@type\":\"WebPage\",\"@id\":\"https:\/\/moeser-maschinenbau.de\/p\/gleis-radlenkerkonsole\/\",\"url\":\"https:\/\/moeser-maschinenbau.de\/p\/gleis-radlenkerkonsole\/\",\"name\":\"Gleis Radlenkerkonsole - M\u00f6ser Maschinenbau\",\"isPartOf\":{\"@id\":\"https:\/\/moeser-maschinenbau.de\/#website\"},\"datePublished\":\"2020-04-30T12:49:45+00:00\",\"dateModified\":\"2020-04-30T12:49:45+00:00\",\"breadcrumb\":{\"@id\":\"https:\/\/moeser-maschinenbau.de\/p\/gleis-radlenkerkonsole\/#breadcrumb\"},\"inLanguage\":\"en-US\",\"potentialAction\":[{\"@type\":\"ReadAction\",\"target\":[\"https:\/\/moeser-maschinenbau.de\/p\/gleis-radlenkerkonsole\/\"]}]},{\"@type\":\"BreadcrumbList\",\"@id\":\"https:\/\/moeser-maschinenbau.de\/p\/gleis-radlenkerkonsole\/#breadcrumb\",\"itemListElement\":[{\"@type\":\"ListItem\",\"position\":1,\"name\":\"Startseite\",\"item\":\"https:\/\/moeser-maschinenbau.de\/\"},{\"@type\":\"ListItem\",\"position\":2,\"name\":\"Produkte\",\"item\":\"https:\/\/moeser-maschinenbau.de\/shop\/\"},{\"@type\":\"ListItem\",\"position\":3,\"name\":\"Gleis Radlenkerkonsole\"}]},{\"@type\":\"WebSite\",\"@id\":\"https:\/\/moeser-maschinenbau.de\/#website\",\"url\":\"https:\/\/moeser-maschinenbau.de\/\",\"name\":\"M\u00f6ser Maschinenbau\",\"description\":\"\",\"publisher\":{\"@id\":\"https:\/\/moeser-maschinenbau.de\/#organization\"},\"potentialAction\":[{\"@type\":\"SearchAction\",\"target\":{\"@type\":\"EntryPoint\",\"urlTemplate\":\"https:\/\/moeser-maschinenbau.de\/?s={search_term_string}\"},\"query-input\":\"required name=search_term_string\"}],\"inLanguage\":\"en-US\"},{\"@type\":\"Organization\",\"@id\":\"https:\/\/moeser-maschinenbau.de\/#organization\",\"name\":\"M\u00f6ser Maschinenbau\",\"url\":\"https:\/\/moeser-maschinenbau.de\/\",\"logo\":{\"@type\":\"ImageObject\",\"inLanguage\":\"en-US\",\"@id\":\"https:\/\/moeser-maschinenbau.de\/#\/schema\/logo\/image\/\",\"url\":\"https:\/\/moeser-maschinenbau.de\/wp-content\/uploads\/2020\/05\/cropped-moeser-klein2.png\",\"contentUrl\":\"https:\/\/moeser-maschinenbau.de\/wp-content\/uploads\/2020\/05\/cropped-moeser-klein2.png\",\"width\":245,\"height\":91,\"caption\":\"M\u00f6ser Maschinenbau\"},\"image\":{\"@id\":\"https:\/\/moeser-maschinenbau.de\/#\/schema\/logo\/image\/\"}}]}<\/script>\n<!-- \/ Yoast SEO plugin. -->","yoast_head_json":{"title":"Gleis Radlenkerkonsole - M\u00f6ser Maschinenbau","robots":{"index":"index","follow":"follow","max-snippet":"max-snippet:-1","max-image-preview":"max-image-preview:large","max-video-preview":"max-video-preview:-1"},"canonical":"https:\/\/moeser-maschinenbau.de\/en\/p\/gleis-radlenkerkonsole\/","og_locale":"en_US","og_type":"article","og_title":"Gleis Radlenkerkonsole - M\u00f6ser Maschinenbau","og_description":"\u2022 f\u00fcr Rillenschienen: 53 Ri1 bis 67 Ri1 (bisher: Ri und Ph) \u2022 f\u00fcr Vignolschienen: 41 E1 bis 60 E1 (bisher: S und UIC) \u2022 f\u00fcr Sonderprofile  Bauteile und Zubeh\u00f6r In unserer Schwei\u00dferei mit hochqualifizierten Fachkr\u00e4ften werden Radlenkerkonsolen, verl\u00e4ngerte Rippenplatten in unterschiedlichsten Konstruktionen und auch diverse andere Bauteile f\u00fcr den Gleisoberbau nach Ihren Anforderungen gefertigt, u.a. \u2022 Schienenunterlagen \u2022 St\u00fctzkonstruktionen","og_url":"https:\/\/moeser-maschinenbau.de\/en\/p\/gleis-radlenkerkonsole\/","og_site_name":"M\u00f6ser Maschinenbau","og_image":[{"width":344,"height":205,"url":"https:\/\/moeser-maschinenbau.de\/wp-content\/uploads\/2020\/04\/Oberbaumaterial6.jpg","type":"image\/jpeg"}],"twitter_card":"summary_large_image","schema":{"@context":"https:\/\/schema.org","@graph":[{"@type":"WebPage","@id":"https:\/\/moeser-maschinenbau.de\/p\/gleis-radlenkerkonsole\/","url":"https:\/\/moeser-maschinenbau.de\/p\/gleis-radlenkerkonsole\/","name":"Gleis Radlenkerkonsole - M\u00f6ser Maschinenbau","isPartOf":{"@id":"https:\/\/moeser-maschinenbau.de\/#website"},"datePublished":"2020-04-30T12:49:45+00:00","dateModified":"2020-04-30T12:49:45+00:00","breadcrumb":{"@id":"https:\/\/moeser-maschinenbau.de\/p\/gleis-radlenkerkonsole\/#breadcrumb"},"inLanguage":"en-US","potentialAction":[{"@type":"ReadAction","target":["https:\/\/moeser-maschinenbau.de\/p\/gleis-radlenkerkonsole\/"]}]},{"@type":"BreadcrumbList","@id":"https:\/\/moeser-maschinenbau.de\/p\/gleis-radlenkerkonsole\/#breadcrumb","itemListElement":[{"@type":"ListItem","position":1,"name":"Startseite","item":"https:\/\/moeser-maschinenbau.de\/"},{"@type":"ListItem","position":2,"name":"Produkte","item":"https:\/\/moeser-maschinenbau.de\/shop\/"},{"@type":"ListItem","position":3,"name":"Gleis Radlenkerkonsole"}]},{"@type":"WebSite","@id":"https:\/\/moeser-maschinenbau.de\/#website","url":"https:\/\/moeser-maschinenbau.de\/","name":"M\u00f6ser Maschinenbau","description":"","publisher":{"@id":"https:\/\/moeser-maschinenbau.de\/#organization"},"potentialAction":[{"@type":"SearchAction","target":{"@type":"EntryPoint","urlTemplate":"https:\/\/moeser-maschinenbau.de\/?s={search_term_string}"},"query-input":"required name=search_term_string"}],"inLanguage":"en-US"},{"@type":"Organization","@id":"https:\/\/moeser-maschinenbau.de\/#organization","name":"M\u00f6ser Maschinenbau","url":"https:\/\/moeser-maschinenbau.de\/","logo":{"@type":"ImageObject","inLanguage":"en-US","@id":"https:\/\/moeser-maschinenbau.de\/#\/schema\/logo\/image\/","url":"https:\/\/moeser-maschinenbau.de\/wp-content\/uploads\/2020\/05\/cropped-moeser-klein2.png","contentUrl":"https:\/\/moeser-maschinenbau.de\/wp-content\/uploads\/2020\/05\/cropped-moeser-klein2.png","width":245,"height":91,"caption":"M\u00f6ser Maschinenbau"},"image":{"@id":"https:\/\/moeser-maschinenbau.de\/#\/schema\/logo\/image\/"}}]}},"_links":{"self":[{"href":"https:\/\/moeser-maschinenbau.de\/en\/wp-json\/wp\/v2\/product\/3286"}],"collection":[{"href":"https:\/\/moeser-maschinenbau.de\/en\/wp-json\/wp\/v2\/product"}],"about":[{"href":"https:\/\/moeser-maschinenbau.de\/en\/wp-json\/wp\/v2\/types\/product"}],"replies":[{"embeddable":true,"href":"https:\/\/moeser-maschinenbau.de\/en\/wp-json\/wp\/v2\/comments?post=3286"}],"wp:featuredmedia":[{"embeddable":true,"href":"https:\/\/moeser-maschinenbau.de\/en\/wp-json\/wp\/v2\/media\/3275"}],"wp:attachment":[{"href":"https:\/\/moeser-maschinenbau.de\/en\/wp-json\/wp\/v2\/media?parent=3286"}],"wp:term":[{"taxonomy":"product_cat","embeddable":true,"href":"https:\/\/moeser-maschinenbau.de\/en\/wp-json\/wp\/v2\/product_cat?post=3286"},{"taxonomy":"product_tag","embeddable":true,"href":"https:\/\/moeser-maschinenbau.de\/en\/wp-json\/wp\/v2\/product_tag?post=3286"}],"curies":[{"name":"wp","href":"https:\/\/api.w.org\/{rel}","templated":true}]}}