{"id":3287,"date":"2020-04-30T14:52:36","date_gmt":"2020-04-30T12:52:36","guid":{"rendered":"http:\/\/wordpress.moeser-maschinenbau.de\/?post_type=product&#038;p=3287"},"modified":"2020-04-30T14:52:36","modified_gmt":"2020-04-30T12:52:36","slug":"z-profile-als-spurrillenersatz","status":"publish","type":"product","link":"https:\/\/moeser-maschinenbau.de\/en\/p\/z-profile-als-spurrillenersatz\/","title":{"rendered":"Z-Profiles for substituting track grooves"},"content":{"rendered":"","protected":false},"excerpt":{"rendered":"<p>cost effective track groove substitute<br \/>\n<strong>Z-profile<\/strong> 80x50x6x7 mm<br \/>\nMaterial: S235JRG2<br \/>\n<strong>Z-profile<\/strong> 100x55x6,8&#215;8 mm<br \/>\nMaterial: S235JRG2<\/p>\n<p><strong>Scope of application:<\/strong><br \/>\nAll rail profiles, which subsequently require a groove, e.g. 41 E1 bis\n60E1<\/p>\n<p><strong>construction<\/strong><\/p>\n<p>Z-profiles usually are delivered in a structural length of 6m and drilled\nholes according to the corresponding rail profile. Other lengths and\ndrilling patterns are possible. We gladly make an offer to fit your needs.<\/p>","protected":false},"featured_media":3276,"comment_status":"open","ping_status":"closed","template":"","meta":[],"product_cat":[76],"product_tag":[],"yoast_head":"<!-- This site is optimized with the Yoast SEO plugin v19.9 - https:\/\/yoast.com\/wordpress\/plugins\/seo\/ -->\n<title>Z-Profile als Spurrillenersatz - M\u00f6ser Maschinenbau<\/title>\n<meta name=\"robots\" content=\"index, follow, max-snippet:-1, max-image-preview:large, max-video-preview:-1\" \/>\n<link rel=\"canonical\" href=\"https:\/\/moeser-maschinenbau.de\/en\/p\/z-profile-als-spurrillenersatz\/\" \/>\n<meta property=\"og:locale\" content=\"en_US\" \/>\n<meta property=\"og:type\" content=\"article\" \/>\n<meta property=\"og:title\" content=\"Z-Profile als Spurrillenersatz - M\u00f6ser Maschinenbau\" \/>\n<meta property=\"og:description\" content=\"Preisg\u00fcnstiger Spurrillenschienen-Ersatz Z-Profil: 80x50x6x7 mm Material: S235JRG2 Z-Profil: 100x55x6,8x8 mm Material: S235JRG2  Einsatzm\u00f6glichkeiten Alle Schienenprofile, f\u00fcr die nachtr\u00e4glich eine Spurrille ben\u00f6tigt wird, z.B. 41 E1 bis 60E1 (bisher: S und UIC)  Bauart  Z-Profile werden in der Regel in Baul\u00e4ngen von 6 m mit einer dem Schienenprofil angepa\u00dften Lochung \u00f8 24 mm geliefert. Andere Baul\u00e4ngen und Lochbilder sind jederzeit m\u00f6glich, entsprechend Ihres Einsatzfalles bieten wir Ihnen geeignete L\u00f6sungen an.\" \/>\n<meta property=\"og:url\" content=\"https:\/\/moeser-maschinenbau.de\/en\/p\/z-profile-als-spurrillenersatz\/\" \/>\n<meta property=\"og:site_name\" content=\"M\u00f6ser Maschinenbau\" \/>\n<meta property=\"og:image\" content=\"https:\/\/moeser-maschinenbau.de\/wp-content\/uploads\/2020\/04\/Oberbaumaterial8.jpg\" \/>\n\t<meta property=\"og:image:width\" content=\"276\" \/>\n\t<meta property=\"og:image:height\" content=\"322\" \/>\n\t<meta property=\"og:image:type\" content=\"image\/jpeg\" \/>\n<meta name=\"twitter:card\" content=\"summary_large_image\" \/>\n<script type=\"application\/ld+json\" class=\"yoast-schema-graph\">{\"@context\":\"https:\/\/schema.org\",\"@graph\":[{\"@type\":\"WebPage\",\"@id\":\"https:\/\/moeser-maschinenbau.de\/p\/z-profile-als-spurrillenersatz\/\",\"url\":\"https:\/\/moeser-maschinenbau.de\/p\/z-profile-als-spurrillenersatz\/\",\"name\":\"Z-Profile als Spurrillenersatz - M\u00f6ser Maschinenbau\",\"isPartOf\":{\"@id\":\"https:\/\/moeser-maschinenbau.de\/#website\"},\"datePublished\":\"2020-04-30T12:52:36+00:00\",\"dateModified\":\"2020-04-30T12:52:36+00:00\",\"breadcrumb\":{\"@id\":\"https:\/\/moeser-maschinenbau.de\/p\/z-profile-als-spurrillenersatz\/#breadcrumb\"},\"inLanguage\":\"en-US\",\"potentialAction\":[{\"@type\":\"ReadAction\",\"target\":[\"https:\/\/moeser-maschinenbau.de\/p\/z-profile-als-spurrillenersatz\/\"]}]},{\"@type\":\"BreadcrumbList\",\"@id\":\"https:\/\/moeser-maschinenbau.de\/p\/z-profile-als-spurrillenersatz\/#breadcrumb\",\"itemListElement\":[{\"@type\":\"ListItem\",\"position\":1,\"name\":\"Startseite\",\"item\":\"https:\/\/moeser-maschinenbau.de\/\"},{\"@type\":\"ListItem\",\"position\":2,\"name\":\"Produkte\",\"item\":\"https:\/\/moeser-maschinenbau.de\/shop\/\"},{\"@type\":\"ListItem\",\"position\":3,\"name\":\"Z-Profile als Spurrillenersatz\"}]},{\"@type\":\"WebSite\",\"@id\":\"https:\/\/moeser-maschinenbau.de\/#website\",\"url\":\"https:\/\/moeser-maschinenbau.de\/\",\"name\":\"M\u00f6ser Maschinenbau\",\"description\":\"\",\"publisher\":{\"@id\":\"https:\/\/moeser-maschinenbau.de\/#organization\"},\"potentialAction\":[{\"@type\":\"SearchAction\",\"target\":{\"@type\":\"EntryPoint\",\"urlTemplate\":\"https:\/\/moeser-maschinenbau.de\/?s={search_term_string}\"},\"query-input\":\"required name=search_term_string\"}],\"inLanguage\":\"en-US\"},{\"@type\":\"Organization\",\"@id\":\"https:\/\/moeser-maschinenbau.de\/#organization\",\"name\":\"M\u00f6ser Maschinenbau\",\"url\":\"https:\/\/moeser-maschinenbau.de\/\",\"logo\":{\"@type\":\"ImageObject\",\"inLanguage\":\"en-US\",\"@id\":\"https:\/\/moeser-maschinenbau.de\/#\/schema\/logo\/image\/\",\"url\":\"https:\/\/moeser-maschinenbau.de\/wp-content\/uploads\/2020\/05\/cropped-moeser-klein2.png\",\"contentUrl\":\"https:\/\/moeser-maschinenbau.de\/wp-content\/uploads\/2020\/05\/cropped-moeser-klein2.png\",\"width\":245,\"height\":91,\"caption\":\"M\u00f6ser Maschinenbau\"},\"image\":{\"@id\":\"https:\/\/moeser-maschinenbau.de\/#\/schema\/logo\/image\/\"}}]}<\/script>\n<!-- \/ Yoast SEO plugin. -->","yoast_head_json":{"title":"Z-Profile als Spurrillenersatz - M\u00f6ser Maschinenbau","robots":{"index":"index","follow":"follow","max-snippet":"max-snippet:-1","max-image-preview":"max-image-preview:large","max-video-preview":"max-video-preview:-1"},"canonical":"https:\/\/moeser-maschinenbau.de\/en\/p\/z-profile-als-spurrillenersatz\/","og_locale":"en_US","og_type":"article","og_title":"Z-Profile als Spurrillenersatz - M\u00f6ser Maschinenbau","og_description":"Preisg\u00fcnstiger Spurrillenschienen-Ersatz Z-Profil: 80x50x6x7 mm Material: S235JRG2 Z-Profil: 100x55x6,8x8 mm Material: S235JRG2  Einsatzm\u00f6glichkeiten Alle Schienenprofile, f\u00fcr die nachtr\u00e4glich eine Spurrille ben\u00f6tigt wird, z.B. 41 E1 bis 60E1 (bisher: S und UIC)  Bauart  Z-Profile werden in der Regel in Baul\u00e4ngen von 6 m mit einer dem Schienenprofil angepa\u00dften Lochung \u00f8 24 mm geliefert. Andere Baul\u00e4ngen und Lochbilder sind jederzeit m\u00f6glich, entsprechend Ihres Einsatzfalles bieten wir Ihnen geeignete L\u00f6sungen an.","og_url":"https:\/\/moeser-maschinenbau.de\/en\/p\/z-profile-als-spurrillenersatz\/","og_site_name":"M\u00f6ser Maschinenbau","og_image":[{"width":276,"height":322,"url":"https:\/\/moeser-maschinenbau.de\/wp-content\/uploads\/2020\/04\/Oberbaumaterial8.jpg","type":"image\/jpeg"}],"twitter_card":"summary_large_image","schema":{"@context":"https:\/\/schema.org","@graph":[{"@type":"WebPage","@id":"https:\/\/moeser-maschinenbau.de\/p\/z-profile-als-spurrillenersatz\/","url":"https:\/\/moeser-maschinenbau.de\/p\/z-profile-als-spurrillenersatz\/","name":"Z-Profile als Spurrillenersatz - M\u00f6ser Maschinenbau","isPartOf":{"@id":"https:\/\/moeser-maschinenbau.de\/#website"},"datePublished":"2020-04-30T12:52:36+00:00","dateModified":"2020-04-30T12:52:36+00:00","breadcrumb":{"@id":"https:\/\/moeser-maschinenbau.de\/p\/z-profile-als-spurrillenersatz\/#breadcrumb"},"inLanguage":"en-US","potentialAction":[{"@type":"ReadAction","target":["https:\/\/moeser-maschinenbau.de\/p\/z-profile-als-spurrillenersatz\/"]}]},{"@type":"BreadcrumbList","@id":"https:\/\/moeser-maschinenbau.de\/p\/z-profile-als-spurrillenersatz\/#breadcrumb","itemListElement":[{"@type":"ListItem","position":1,"name":"Startseite","item":"https:\/\/moeser-maschinenbau.de\/"},{"@type":"ListItem","position":2,"name":"Produkte","item":"https:\/\/moeser-maschinenbau.de\/shop\/"},{"@type":"ListItem","position":3,"name":"Z-Profile als Spurrillenersatz"}]},{"@type":"WebSite","@id":"https:\/\/moeser-maschinenbau.de\/#website","url":"https:\/\/moeser-maschinenbau.de\/","name":"M\u00f6ser Maschinenbau","description":"","publisher":{"@id":"https:\/\/moeser-maschinenbau.de\/#organization"},"potentialAction":[{"@type":"SearchAction","target":{"@type":"EntryPoint","urlTemplate":"https:\/\/moeser-maschinenbau.de\/?s={search_term_string}"},"query-input":"required name=search_term_string"}],"inLanguage":"en-US"},{"@type":"Organization","@id":"https:\/\/moeser-maschinenbau.de\/#organization","name":"M\u00f6ser Maschinenbau","url":"https:\/\/moeser-maschinenbau.de\/","logo":{"@type":"ImageObject","inLanguage":"en-US","@id":"https:\/\/moeser-maschinenbau.de\/#\/schema\/logo\/image\/","url":"https:\/\/moeser-maschinenbau.de\/wp-content\/uploads\/2020\/05\/cropped-moeser-klein2.png","contentUrl":"https:\/\/moeser-maschinenbau.de\/wp-content\/uploads\/2020\/05\/cropped-moeser-klein2.png","width":245,"height":91,"caption":"M\u00f6ser Maschinenbau"},"image":{"@id":"https:\/\/moeser-maschinenbau.de\/#\/schema\/logo\/image\/"}}]}},"_links":{"self":[{"href":"https:\/\/moeser-maschinenbau.de\/en\/wp-json\/wp\/v2\/product\/3287"}],"collection":[{"href":"https:\/\/moeser-maschinenbau.de\/en\/wp-json\/wp\/v2\/product"}],"about":[{"href":"https:\/\/moeser-maschinenbau.de\/en\/wp-json\/wp\/v2\/types\/product"}],"replies":[{"embeddable":true,"href":"https:\/\/moeser-maschinenbau.de\/en\/wp-json\/wp\/v2\/comments?post=3287"}],"wp:featuredmedia":[{"embeddable":true,"href":"https:\/\/moeser-maschinenbau.de\/en\/wp-json\/wp\/v2\/media\/3276"}],"wp:attachment":[{"href":"https:\/\/moeser-maschinenbau.de\/en\/wp-json\/wp\/v2\/media?parent=3287"}],"wp:term":[{"taxonomy":"product_cat","embeddable":true,"href":"https:\/\/moeser-maschinenbau.de\/en\/wp-json\/wp\/v2\/product_cat?post=3287"},{"taxonomy":"product_tag","embeddable":true,"href":"https:\/\/moeser-maschinenbau.de\/en\/wp-json\/wp\/v2\/product_tag?post=3287"}],"curies":[{"name":"wp","href":"https:\/\/api.w.org\/{rel}","templated":true}]}}