{"id":3288,"date":"2020-04-30T14:54:05","date_gmt":"2020-04-30T12:54:05","guid":{"rendered":"http:\/\/wordpress.moeser-maschinenbau.de\/?post_type=product&#038;p=3288"},"modified":"2020-04-30T14:55:34","modified_gmt":"2020-04-30T12:55:34","slug":"spurstangen","status":"publish","type":"product","link":"https:\/\/moeser-maschinenbau.de\/en\/p\/spurstangen\/","title":{"rendered":"Track rods"},"content":{"rendered":"<p><strong>Gauge<\/strong><br \/>\nApart from the standard gauges we also manufacture special lengths\naccording to your needs, e.g. for inhouse railways, turn outs or bridges.<\/p>\n<p><strong>Special Designs<\/strong><br \/>\nWe offer all types also in special designs, e.g. angulated, isolated or\nthe special RS- rod to fix underneath the paving. We also offer the\ntrack rod for vignol rails, that resembles a rod of round steel, which is\nbuckled around the rail foot.<\/p>\n<p><strong>Accessories<\/strong><\/p>\n<ul>\n<li>track rod screws with nut<\/li>\n<li>different variations of spacer plates<\/li>\n<li>clamp plates<\/li>\n<li>stone bolts<\/li>\n<li>thread rods<\/li>\n<\/ul>\n<p><strong>Production guidelines<\/strong><br \/>\nConstruction in accordance with the relevant VDV- and VOVSuperstructure-\nregulations, length tolerances accordung to DIN EN ISO 13920-CG<\/p>","protected":false},"excerpt":{"rendered":"<p>Track rods made of different profile steel. E.g. flat 70x10 mm u.a.<\/p>\n<ul>\n<li><strong>for grooved rails:<\/strong> 53 Ri1 to 67 Ri1<\/li>\n<li><strong>for vignol rails:<\/strong> 41 E1 to 60 E1<\/li>\n<li>for special rail profiles<\/li>\n<\/ul>\n<p>You can find more details in the description below.<\/p>","protected":false},"featured_media":3279,"comment_status":"open","ping_status":"closed","template":"","meta":[],"product_cat":[76],"product_tag":[],"yoast_head":"<!-- This site is optimized with the Yoast SEO plugin v19.9 - https:\/\/yoast.com\/wordpress\/plugins\/seo\/ -->\n<title>Spurstangen - M\u00f6ser Maschinenbau<\/title>\n<meta name=\"robots\" content=\"index, follow, max-snippet:-1, max-image-preview:large, max-video-preview:-1\" \/>\n<link rel=\"canonical\" href=\"https:\/\/moeser-maschinenbau.de\/en\/p\/spurstangen\/\" \/>\n<meta property=\"og:locale\" content=\"en_US\" \/>\n<meta property=\"og:type\" content=\"article\" \/>\n<meta property=\"og:title\" content=\"Spurstangen - M\u00f6ser Maschinenbau\" \/>\n<meta property=\"og:description\" content=\"Spurstangen aus verschiedenen Profilst\u00e4hlen wie bspw. Flach 70x10 mm u.a.   F\u00fcr Rillenschienen: 53 Ri1 bis 67 Ri1 (bisher: Ri und Ph)  F\u00fcr Vignolschienen: 41 E1 bis 60 E1 (bisher: S und UIC)  F\u00fcr Sonderprofile  Mehr Details finden Sie in der Beschreibung.\" \/>\n<meta property=\"og:url\" content=\"https:\/\/moeser-maschinenbau.de\/en\/p\/spurstangen\/\" \/>\n<meta property=\"og:site_name\" content=\"M\u00f6ser Maschinenbau\" \/>\n<meta property=\"article:modified_time\" content=\"2020-04-30T12:55:34+00:00\" \/>\n<meta property=\"og:image\" content=\"https:\/\/moeser-maschinenbau.de\/wp-content\/uploads\/2020\/04\/Oberbaumaterial11.jpg\" \/>\n\t<meta property=\"og:image:width\" content=\"430\" \/>\n\t<meta property=\"og:image:height\" content=\"269\" \/>\n\t<meta property=\"og:image:type\" content=\"image\/jpeg\" \/>\n<meta name=\"twitter:card\" content=\"summary_large_image\" \/>\n<script type=\"application\/ld+json\" class=\"yoast-schema-graph\">{\"@context\":\"https:\/\/schema.org\",\"@graph\":[{\"@type\":\"WebPage\",\"@id\":\"https:\/\/moeser-maschinenbau.de\/p\/spurstangen\/\",\"url\":\"https:\/\/moeser-maschinenbau.de\/p\/spurstangen\/\",\"name\":\"Spurstangen - M\u00f6ser Maschinenbau\",\"isPartOf\":{\"@id\":\"https:\/\/moeser-maschinenbau.de\/#website\"},\"datePublished\":\"2020-04-30T12:54:05+00:00\",\"dateModified\":\"2020-04-30T12:55:34+00:00\",\"breadcrumb\":{\"@id\":\"https:\/\/moeser-maschinenbau.de\/p\/spurstangen\/#breadcrumb\"},\"inLanguage\":\"en-US\",\"potentialAction\":[{\"@type\":\"ReadAction\",\"target\":[\"https:\/\/moeser-maschinenbau.de\/p\/spurstangen\/\"]}]},{\"@type\":\"BreadcrumbList\",\"@id\":\"https:\/\/moeser-maschinenbau.de\/p\/spurstangen\/#breadcrumb\",\"itemListElement\":[{\"@type\":\"ListItem\",\"position\":1,\"name\":\"Startseite\",\"item\":\"https:\/\/moeser-maschinenbau.de\/\"},{\"@type\":\"ListItem\",\"position\":2,\"name\":\"Produkte\",\"item\":\"https:\/\/moeser-maschinenbau.de\/shop\/\"},{\"@type\":\"ListItem\",\"position\":3,\"name\":\"Spurstangen\"}]},{\"@type\":\"WebSite\",\"@id\":\"https:\/\/moeser-maschinenbau.de\/#website\",\"url\":\"https:\/\/moeser-maschinenbau.de\/\",\"name\":\"M\u00f6ser Maschinenbau\",\"description\":\"\",\"publisher\":{\"@id\":\"https:\/\/moeser-maschinenbau.de\/#organization\"},\"potentialAction\":[{\"@type\":\"SearchAction\",\"target\":{\"@type\":\"EntryPoint\",\"urlTemplate\":\"https:\/\/moeser-maschinenbau.de\/?s={search_term_string}\"},\"query-input\":\"required name=search_term_string\"}],\"inLanguage\":\"en-US\"},{\"@type\":\"Organization\",\"@id\":\"https:\/\/moeser-maschinenbau.de\/#organization\",\"name\":\"M\u00f6ser Maschinenbau\",\"url\":\"https:\/\/moeser-maschinenbau.de\/\",\"logo\":{\"@type\":\"ImageObject\",\"inLanguage\":\"en-US\",\"@id\":\"https:\/\/moeser-maschinenbau.de\/#\/schema\/logo\/image\/\",\"url\":\"https:\/\/moeser-maschinenbau.de\/wp-content\/uploads\/2020\/05\/cropped-moeser-klein2.png\",\"contentUrl\":\"https:\/\/moeser-maschinenbau.de\/wp-content\/uploads\/2020\/05\/cropped-moeser-klein2.png\",\"width\":245,\"height\":91,\"caption\":\"M\u00f6ser Maschinenbau\"},\"image\":{\"@id\":\"https:\/\/moeser-maschinenbau.de\/#\/schema\/logo\/image\/\"}}]}<\/script>\n<!-- \/ Yoast SEO plugin. -->","yoast_head_json":{"title":"Spurstangen - M\u00f6ser Maschinenbau","robots":{"index":"index","follow":"follow","max-snippet":"max-snippet:-1","max-image-preview":"max-image-preview:large","max-video-preview":"max-video-preview:-1"},"canonical":"https:\/\/moeser-maschinenbau.de\/en\/p\/spurstangen\/","og_locale":"en_US","og_type":"article","og_title":"Spurstangen - M\u00f6ser Maschinenbau","og_description":"Spurstangen aus verschiedenen Profilst\u00e4hlen wie bspw. Flach 70x10 mm u.a.   F\u00fcr Rillenschienen: 53 Ri1 bis 67 Ri1 (bisher: Ri und Ph)  F\u00fcr Vignolschienen: 41 E1 bis 60 E1 (bisher: S und UIC)  F\u00fcr Sonderprofile  Mehr Details finden Sie in der Beschreibung.","og_url":"https:\/\/moeser-maschinenbau.de\/en\/p\/spurstangen\/","og_site_name":"M\u00f6ser Maschinenbau","article_modified_time":"2020-04-30T12:55:34+00:00","og_image":[{"width":430,"height":269,"url":"https:\/\/moeser-maschinenbau.de\/wp-content\/uploads\/2020\/04\/Oberbaumaterial11.jpg","type":"image\/jpeg"}],"twitter_card":"summary_large_image","schema":{"@context":"https:\/\/schema.org","@graph":[{"@type":"WebPage","@id":"https:\/\/moeser-maschinenbau.de\/p\/spurstangen\/","url":"https:\/\/moeser-maschinenbau.de\/p\/spurstangen\/","name":"Spurstangen - M\u00f6ser Maschinenbau","isPartOf":{"@id":"https:\/\/moeser-maschinenbau.de\/#website"},"datePublished":"2020-04-30T12:54:05+00:00","dateModified":"2020-04-30T12:55:34+00:00","breadcrumb":{"@id":"https:\/\/moeser-maschinenbau.de\/p\/spurstangen\/#breadcrumb"},"inLanguage":"en-US","potentialAction":[{"@type":"ReadAction","target":["https:\/\/moeser-maschinenbau.de\/p\/spurstangen\/"]}]},{"@type":"BreadcrumbList","@id":"https:\/\/moeser-maschinenbau.de\/p\/spurstangen\/#breadcrumb","itemListElement":[{"@type":"ListItem","position":1,"name":"Startseite","item":"https:\/\/moeser-maschinenbau.de\/"},{"@type":"ListItem","position":2,"name":"Produkte","item":"https:\/\/moeser-maschinenbau.de\/shop\/"},{"@type":"ListItem","position":3,"name":"Spurstangen"}]},{"@type":"WebSite","@id":"https:\/\/moeser-maschinenbau.de\/#website","url":"https:\/\/moeser-maschinenbau.de\/","name":"M\u00f6ser Maschinenbau","description":"","publisher":{"@id":"https:\/\/moeser-maschinenbau.de\/#organization"},"potentialAction":[{"@type":"SearchAction","target":{"@type":"EntryPoint","urlTemplate":"https:\/\/moeser-maschinenbau.de\/?s={search_term_string}"},"query-input":"required name=search_term_string"}],"inLanguage":"en-US"},{"@type":"Organization","@id":"https:\/\/moeser-maschinenbau.de\/#organization","name":"M\u00f6ser Maschinenbau","url":"https:\/\/moeser-maschinenbau.de\/","logo":{"@type":"ImageObject","inLanguage":"en-US","@id":"https:\/\/moeser-maschinenbau.de\/#\/schema\/logo\/image\/","url":"https:\/\/moeser-maschinenbau.de\/wp-content\/uploads\/2020\/05\/cropped-moeser-klein2.png","contentUrl":"https:\/\/moeser-maschinenbau.de\/wp-content\/uploads\/2020\/05\/cropped-moeser-klein2.png","width":245,"height":91,"caption":"M\u00f6ser Maschinenbau"},"image":{"@id":"https:\/\/moeser-maschinenbau.de\/#\/schema\/logo\/image\/"}}]}},"_links":{"self":[{"href":"https:\/\/moeser-maschinenbau.de\/en\/wp-json\/wp\/v2\/product\/3288"}],"collection":[{"href":"https:\/\/moeser-maschinenbau.de\/en\/wp-json\/wp\/v2\/product"}],"about":[{"href":"https:\/\/moeser-maschinenbau.de\/en\/wp-json\/wp\/v2\/types\/product"}],"replies":[{"embeddable":true,"href":"https:\/\/moeser-maschinenbau.de\/en\/wp-json\/wp\/v2\/comments?post=3288"}],"wp:featuredmedia":[{"embeddable":true,"href":"https:\/\/moeser-maschinenbau.de\/en\/wp-json\/wp\/v2\/media\/3279"}],"wp:attachment":[{"href":"https:\/\/moeser-maschinenbau.de\/en\/wp-json\/wp\/v2\/media?parent=3288"}],"wp:term":[{"taxonomy":"product_cat","embeddable":true,"href":"https:\/\/moeser-maschinenbau.de\/en\/wp-json\/wp\/v2\/product_cat?post=3288"},{"taxonomy":"product_tag","embeddable":true,"href":"https:\/\/moeser-maschinenbau.de\/en\/wp-json\/wp\/v2\/product_tag?post=3288"}],"curies":[{"name":"wp","href":"https:\/\/api.w.org\/{rel}","templated":true}]}}