{"id":3290,"date":"2020-04-30T15:01:15","date_gmt":"2020-04-30T13:01:15","guid":{"rendered":"http:\/\/wordpress.moeser-maschinenbau.de\/?post_type=product&#038;p=3290"},"modified":"2020-04-30T15:01:15","modified_gmt":"2020-04-30T13:01:15","slug":"gleisabschluss","status":"publish","type":"product","link":"https:\/\/moeser-maschinenbau.de\/en\/p\/gleisabschluss\/","title":{"rendered":"Track closures"},"content":{"rendered":"<p><strong>Scope of application:<\/strong><br \/>\nAmong other things tracl closures for the rail profiles S 49, UIC 60, Ph\n37, Ri 60 are used in tram depots and industrial railways. According to\nyour tram type, we manufacture various heights, e.g. for low floor units.<\/p>\n<p><strong>construction<\/strong><br \/>\nHinged track closures are produced with fuse boxes. If required, we\nalso provide you with the necessary fixing materials.<\/p>\n<p><strong>Hinweise zur Produktion<\/strong><br \/>\nTrack and rail drainage systems usually are primed with rust protection paint. For special application sceanrios we also supply you with galvanized parts.<\/p>\n<p>&nbsp;<\/p>\n<p><strong>Track closure 60Ri flat (hinged)<\/strong><br \/>\n<img loading=\"lazy\" class=\"alignnone size-medium wp-image-3281\" src=\"http:\/\/wordpress.moeser-maschinenbau.de\/wp-content\/uploads\/2020\/04\/Oberbaumaterial13-300x205.jpg\" alt=\"\" width=\"300\" height=\"205\" srcset=\"https:\/\/moeser-maschinenbau.de\/wp-content\/uploads\/2020\/04\/Oberbaumaterial13-300x205.jpg 300w, https:\/\/moeser-maschinenbau.de\/wp-content\/uploads\/2020\/04\/Oberbaumaterial13.jpg 389w\" sizes=\"(max-width: 300px) 100vw, 300px\" \/><\/p>\n<p>&nbsp;<\/p>\n<p><strong>Track closure 60Ri flat (fixed)<\/strong><\/p>\n<p><img loading=\"lazy\" class=\"alignnone size-full wp-image-3282\" src=\"http:\/\/wordpress.moeser-maschinenbau.de\/wp-content\/uploads\/2020\/04\/Oberbaumaterial14.jpg\" alt=\"\" width=\"211\" height=\"297\" \/><\/p>\n<p>&nbsp;<\/p>\n<p><strong>Track closure 60E1 (fixed)<\/strong><\/p>\n<p><img loading=\"lazy\" class=\"alignnone size-medium wp-image-3283\" src=\"http:\/\/wordpress.moeser-maschinenbau.de\/wp-content\/uploads\/2020\/04\/Oberbaumaterial15-248x300.jpg\" alt=\"\" width=\"248\" height=\"300\" srcset=\"https:\/\/moeser-maschinenbau.de\/wp-content\/uploads\/2020\/04\/Oberbaumaterial15-248x300.jpg 248w, https:\/\/moeser-maschinenbau.de\/wp-content\/uploads\/2020\/04\/Oberbaumaterial15.jpg 279w\" sizes=\"(max-width: 248px) 100vw, 248px\" \/><\/p>","protected":false},"excerpt":{"rendered":"<p>Track closures, fixed or hinged, for\nrail profiles: 53 Ri1 to 67 Ri1 and 41\nE1 to 60 E1<\/p>\n<p>Check rail steel plates, sole plates\nand perforated plates for rails\nAngles and base plates for rail\nsupports<\/p>\n<p>Grounding boxes in different\nvariations. \nBoxes for power shift<\/p>\n<p><strong>You can find more details in the description below<\/strong><\/p>","protected":false},"featured_media":3280,"comment_status":"open","ping_status":"closed","template":"","meta":[],"product_cat":[76],"product_tag":[],"yoast_head":"<!-- This site is optimized with the Yoast SEO plugin v19.9 - https:\/\/yoast.com\/wordpress\/plugins\/seo\/ -->\n<title>Gleisabschlu\u00df - M\u00f6ser Maschinenbau<\/title>\n<meta name=\"robots\" content=\"index, follow, max-snippet:-1, max-image-preview:large, max-video-preview:-1\" \/>\n<link rel=\"canonical\" href=\"https:\/\/moeser-maschinenbau.de\/en\/p\/gleisabschluss\/\" \/>\n<meta property=\"og:locale\" content=\"en_US\" \/>\n<meta property=\"og:type\" content=\"article\" \/>\n<meta property=\"og:title\" content=\"Gleisabschlu\u00df - M\u00f6ser Maschinenbau\" \/>\n<meta property=\"og:description\" content=\"Gleisabschl\u00fcsse feststehend oder klappbar, f\u00fcr Schienenprofile: 53 Ri1 bis 67 Ri1 (bisher: Ri und Ph) und 41 E1 bis 60 E1 (bisher: S und UIC)  Radlenkerstuhlplatten, Unterlagsplatten, Lochplatten f\u00fcr Schienen Winkel und Grundplatten f\u00fcr Schienenst\u00fctzpunkte  Erdungsk\u00e4sten in verschiedenen Ausf\u00fchrungen K\u00e4sten f\u00fcr Schaltautomatiken.  Weitere Details finden sie in der Beschreibung!\" \/>\n<meta property=\"og:url\" content=\"https:\/\/moeser-maschinenbau.de\/en\/p\/gleisabschluss\/\" \/>\n<meta property=\"og:site_name\" content=\"M\u00f6ser Maschinenbau\" \/>\n<meta property=\"og:image\" content=\"https:\/\/moeser-maschinenbau.de\/wp-content\/uploads\/2020\/04\/Oberbaumaterial12.jpg\" \/>\n\t<meta property=\"og:image:width\" content=\"313\" \/>\n\t<meta property=\"og:image:height\" content=\"317\" \/>\n\t<meta property=\"og:image:type\" content=\"image\/jpeg\" \/>\n<meta name=\"twitter:card\" content=\"summary_large_image\" \/>\n<meta name=\"twitter:label1\" content=\"Est. reading time\" \/>\n\t<meta name=\"twitter:data1\" content=\"1 minute\" \/>\n<script type=\"application\/ld+json\" class=\"yoast-schema-graph\">{\"@context\":\"https:\/\/schema.org\",\"@graph\":[{\"@type\":\"WebPage\",\"@id\":\"https:\/\/moeser-maschinenbau.de\/p\/gleisabschluss\/\",\"url\":\"https:\/\/moeser-maschinenbau.de\/p\/gleisabschluss\/\",\"name\":\"Gleisabschlu\u00df - M\u00f6ser Maschinenbau\",\"isPartOf\":{\"@id\":\"https:\/\/moeser-maschinenbau.de\/#website\"},\"datePublished\":\"2020-04-30T13:01:15+00:00\",\"dateModified\":\"2020-04-30T13:01:15+00:00\",\"breadcrumb\":{\"@id\":\"https:\/\/moeser-maschinenbau.de\/p\/gleisabschluss\/#breadcrumb\"},\"inLanguage\":\"en-US\",\"potentialAction\":[{\"@type\":\"ReadAction\",\"target\":[\"https:\/\/moeser-maschinenbau.de\/p\/gleisabschluss\/\"]}]},{\"@type\":\"BreadcrumbList\",\"@id\":\"https:\/\/moeser-maschinenbau.de\/p\/gleisabschluss\/#breadcrumb\",\"itemListElement\":[{\"@type\":\"ListItem\",\"position\":1,\"name\":\"Startseite\",\"item\":\"https:\/\/moeser-maschinenbau.de\/\"},{\"@type\":\"ListItem\",\"position\":2,\"name\":\"Produkte\",\"item\":\"https:\/\/moeser-maschinenbau.de\/shop\/\"},{\"@type\":\"ListItem\",\"position\":3,\"name\":\"Gleisabschlu\u00df\"}]},{\"@type\":\"WebSite\",\"@id\":\"https:\/\/moeser-maschinenbau.de\/#website\",\"url\":\"https:\/\/moeser-maschinenbau.de\/\",\"name\":\"M\u00f6ser Maschinenbau\",\"description\":\"\",\"publisher\":{\"@id\":\"https:\/\/moeser-maschinenbau.de\/#organization\"},\"potentialAction\":[{\"@type\":\"SearchAction\",\"target\":{\"@type\":\"EntryPoint\",\"urlTemplate\":\"https:\/\/moeser-maschinenbau.de\/?s={search_term_string}\"},\"query-input\":\"required name=search_term_string\"}],\"inLanguage\":\"en-US\"},{\"@type\":\"Organization\",\"@id\":\"https:\/\/moeser-maschinenbau.de\/#organization\",\"name\":\"M\u00f6ser Maschinenbau\",\"url\":\"https:\/\/moeser-maschinenbau.de\/\",\"logo\":{\"@type\":\"ImageObject\",\"inLanguage\":\"en-US\",\"@id\":\"https:\/\/moeser-maschinenbau.de\/#\/schema\/logo\/image\/\",\"url\":\"https:\/\/moeser-maschinenbau.de\/wp-content\/uploads\/2020\/05\/cropped-moeser-klein2.png\",\"contentUrl\":\"https:\/\/moeser-maschinenbau.de\/wp-content\/uploads\/2020\/05\/cropped-moeser-klein2.png\",\"width\":245,\"height\":91,\"caption\":\"M\u00f6ser Maschinenbau\"},\"image\":{\"@id\":\"https:\/\/moeser-maschinenbau.de\/#\/schema\/logo\/image\/\"}}]}<\/script>\n<!-- \/ Yoast SEO plugin. -->","yoast_head_json":{"title":"Gleisabschlu\u00df - M\u00f6ser Maschinenbau","robots":{"index":"index","follow":"follow","max-snippet":"max-snippet:-1","max-image-preview":"max-image-preview:large","max-video-preview":"max-video-preview:-1"},"canonical":"https:\/\/moeser-maschinenbau.de\/en\/p\/gleisabschluss\/","og_locale":"en_US","og_type":"article","og_title":"Gleisabschlu\u00df - M\u00f6ser Maschinenbau","og_description":"Gleisabschl\u00fcsse feststehend oder klappbar, f\u00fcr Schienenprofile: 53 Ri1 bis 67 Ri1 (bisher: Ri und Ph) und 41 E1 bis 60 E1 (bisher: S und UIC)  Radlenkerstuhlplatten, Unterlagsplatten, Lochplatten f\u00fcr Schienen Winkel und Grundplatten f\u00fcr Schienenst\u00fctzpunkte  Erdungsk\u00e4sten in verschiedenen Ausf\u00fchrungen K\u00e4sten f\u00fcr Schaltautomatiken.  Weitere Details finden sie in der Beschreibung!","og_url":"https:\/\/moeser-maschinenbau.de\/en\/p\/gleisabschluss\/","og_site_name":"M\u00f6ser Maschinenbau","og_image":[{"width":313,"height":317,"url":"https:\/\/moeser-maschinenbau.de\/wp-content\/uploads\/2020\/04\/Oberbaumaterial12.jpg","type":"image\/jpeg"}],"twitter_card":"summary_large_image","twitter_misc":{"Est. reading time":"1 minute"},"schema":{"@context":"https:\/\/schema.org","@graph":[{"@type":"WebPage","@id":"https:\/\/moeser-maschinenbau.de\/p\/gleisabschluss\/","url":"https:\/\/moeser-maschinenbau.de\/p\/gleisabschluss\/","name":"Gleisabschlu\u00df - M\u00f6ser Maschinenbau","isPartOf":{"@id":"https:\/\/moeser-maschinenbau.de\/#website"},"datePublished":"2020-04-30T13:01:15+00:00","dateModified":"2020-04-30T13:01:15+00:00","breadcrumb":{"@id":"https:\/\/moeser-maschinenbau.de\/p\/gleisabschluss\/#breadcrumb"},"inLanguage":"en-US","potentialAction":[{"@type":"ReadAction","target":["https:\/\/moeser-maschinenbau.de\/p\/gleisabschluss\/"]}]},{"@type":"BreadcrumbList","@id":"https:\/\/moeser-maschinenbau.de\/p\/gleisabschluss\/#breadcrumb","itemListElement":[{"@type":"ListItem","position":1,"name":"Startseite","item":"https:\/\/moeser-maschinenbau.de\/"},{"@type":"ListItem","position":2,"name":"Produkte","item":"https:\/\/moeser-maschinenbau.de\/shop\/"},{"@type":"ListItem","position":3,"name":"Gleisabschlu\u00df"}]},{"@type":"WebSite","@id":"https:\/\/moeser-maschinenbau.de\/#website","url":"https:\/\/moeser-maschinenbau.de\/","name":"M\u00f6ser Maschinenbau","description":"","publisher":{"@id":"https:\/\/moeser-maschinenbau.de\/#organization"},"potentialAction":[{"@type":"SearchAction","target":{"@type":"EntryPoint","urlTemplate":"https:\/\/moeser-maschinenbau.de\/?s={search_term_string}"},"query-input":"required name=search_term_string"}],"inLanguage":"en-US"},{"@type":"Organization","@id":"https:\/\/moeser-maschinenbau.de\/#organization","name":"M\u00f6ser Maschinenbau","url":"https:\/\/moeser-maschinenbau.de\/","logo":{"@type":"ImageObject","inLanguage":"en-US","@id":"https:\/\/moeser-maschinenbau.de\/#\/schema\/logo\/image\/","url":"https:\/\/moeser-maschinenbau.de\/wp-content\/uploads\/2020\/05\/cropped-moeser-klein2.png","contentUrl":"https:\/\/moeser-maschinenbau.de\/wp-content\/uploads\/2020\/05\/cropped-moeser-klein2.png","width":245,"height":91,"caption":"M\u00f6ser Maschinenbau"},"image":{"@id":"https:\/\/moeser-maschinenbau.de\/#\/schema\/logo\/image\/"}}]}},"_links":{"self":[{"href":"https:\/\/moeser-maschinenbau.de\/en\/wp-json\/wp\/v2\/product\/3290"}],"collection":[{"href":"https:\/\/moeser-maschinenbau.de\/en\/wp-json\/wp\/v2\/product"}],"about":[{"href":"https:\/\/moeser-maschinenbau.de\/en\/wp-json\/wp\/v2\/types\/product"}],"replies":[{"embeddable":true,"href":"https:\/\/moeser-maschinenbau.de\/en\/wp-json\/wp\/v2\/comments?post=3290"}],"wp:featuredmedia":[{"embeddable":true,"href":"https:\/\/moeser-maschinenbau.de\/en\/wp-json\/wp\/v2\/media\/3280"}],"wp:attachment":[{"href":"https:\/\/moeser-maschinenbau.de\/en\/wp-json\/wp\/v2\/media?parent=3290"}],"wp:term":[{"taxonomy":"product_cat","embeddable":true,"href":"https:\/\/moeser-maschinenbau.de\/en\/wp-json\/wp\/v2\/product_cat?post=3290"},{"taxonomy":"product_tag","embeddable":true,"href":"https:\/\/moeser-maschinenbau.de\/en\/wp-json\/wp\/v2\/product_tag?post=3290"}],"curies":[{"name":"wp","href":"https:\/\/api.w.org\/{rel}","templated":true}]}}