{"id":3444,"date":"2022-10-05T15:23:00","date_gmt":"2022-10-05T13:23:00","guid":{"rendered":"https:\/\/moeser-maschinenbau.de\/?post_type=product&#038;p=3444"},"modified":"2022-10-05T16:21:14","modified_gmt":"2022-10-05T14:21:14","slug":"schwellenbohrwagen-ro-v-282-sb","status":"publish","type":"product","link":"https:\/\/moeser-maschinenbau.de\/en\/p\/schwellenbohrwagen-ro-v-282-sb\/","title":{"rendered":"Sleeper drilling trolley Ro-V 282.Sb"},"content":{"rendered":"<p>The carriage locks itself electro-hydraulically at drilling position by pushing the corresponding button. In this position, the screw positions may be reached by pushing the drilling head over the cross-slide until the final drilling point is reached. The drilling head is clamped in this position and the drilling process may start.<\/p>\n<p>In areas with crossings or elevated check rails, the rail clams may be lifted manually. A second coupled trolley to transport water unit and hand tools is available.<\/p>\n<p>&nbsp;<\/p>\n<p><img loading=\"lazy\" class=\"alignnone size-medium wp-image-3448\" src=\"https:\/\/moeser-maschinenbau.de\/wp-content\/uploads\/2022\/10\/282-4-300x225.jpg\" alt=\"\" width=\"300\" height=\"225\" srcset=\"https:\/\/moeser-maschinenbau.de\/wp-content\/uploads\/2022\/10\/282-4-300x225.jpg 300w, https:\/\/moeser-maschinenbau.de\/wp-content\/uploads\/2022\/10\/282-4-1024x768.jpg 1024w, https:\/\/moeser-maschinenbau.de\/wp-content\/uploads\/2022\/10\/282-4-768x576.jpg 768w, https:\/\/moeser-maschinenbau.de\/wp-content\/uploads\/2022\/10\/282-4-1536x1152.jpg 1536w, https:\/\/moeser-maschinenbau.de\/wp-content\/uploads\/2022\/10\/282-4-16x12.jpg 16w, https:\/\/moeser-maschinenbau.de\/wp-content\/uploads\/2022\/10\/282-4-570x430.jpg 570w, https:\/\/moeser-maschinenbau.de\/wp-content\/uploads\/2022\/10\/282-4-600x450.jpg 600w, https:\/\/moeser-maschinenbau.de\/wp-content\/uploads\/2022\/10\/282-4.jpg 1600w\" sizes=\"(max-width: 300px) 100vw, 300px\" \/>\u00a0 \u00a0 \u00a0 \u00a0 <img loading=\"lazy\" class=\"alignnone size-medium wp-image-3449\" src=\"https:\/\/moeser-maschinenbau.de\/wp-content\/uploads\/2022\/10\/282-5-225x300.jpg\" alt=\"\" width=\"225\" height=\"300\" srcset=\"https:\/\/moeser-maschinenbau.de\/wp-content\/uploads\/2022\/10\/282-5-225x300.jpg 225w, https:\/\/moeser-maschinenbau.de\/wp-content\/uploads\/2022\/10\/282-5-768x1024.jpg 768w, https:\/\/moeser-maschinenbau.de\/wp-content\/uploads\/2022\/10\/282-5-1152x1536.jpg 1152w, https:\/\/moeser-maschinenbau.de\/wp-content\/uploads\/2022\/10\/282-5-9x12.jpg 9w, https:\/\/moeser-maschinenbau.de\/wp-content\/uploads\/2022\/10\/282-5-600x800.jpg 600w, https:\/\/moeser-maschinenbau.de\/wp-content\/uploads\/2022\/10\/282-5.jpg 1200w\" sizes=\"(max-width: 225px) 100vw, 225px\" \/><\/p>\n<table>\n<tbody>\n<tr>\n<td width=\"281\"><strong>\u00a0<\/strong><\/p>\n<p><strong>Length x Width x H\u00f6he (RTL)<\/strong><\/td>\n<td width=\"333\">&nbsp;<\/p>\n<p>1300x2100x1120mm<\/td>\n<\/tr>\n<tr>\n<td width=\"281\"><strong>Wheel base<\/strong><\/td>\n<td width=\"333\">535mm<\/td>\n<\/tr>\n<tr>\n<td width=\"281\"><strong>Gauge<\/strong><\/p>\n<p>&nbsp;<\/td>\n<td width=\"333\">1435mm, optional others<\/td>\n<\/tr>\n<tr>\n<td width=\"281\"><strong>Hauling speed<\/strong><\/td>\n<td width=\"333\">5kph, pushed<\/td>\n<\/tr>\n<tr>\n<td width=\"281\"><strong>Number wheels<\/strong><\/td>\n<td width=\"333\">4+4<\/td>\n<\/tr>\n<tr>\n<td width=\"281\"><strong>Running diameter wheel<\/strong><\/td>\n<td width=\"333\">90 mm<\/td>\n<\/tr>\n<tr>\n<td width=\"281\"><strong>Weight<\/strong><\/td>\n<td width=\"333\">295kg<\/td>\n<\/tr>\n<tr>\n<td width=\"281\"><strong>Locking on rail <\/strong><\/td>\n<td width=\"333\">4x, elektrohydraulic<\/td>\n<\/tr>\n<tr>\n<td width=\"281\"><strong>Lighting<\/strong><\/td>\n<td width=\"333\">2x LED 24V<\/td>\n<\/tr>\n<tr>\n<td width=\"281\"><strong>\u00a0<\/strong><\/p>\n<p><strong>Parking brake<\/strong><\/td>\n<td width=\"333\">&nbsp;<\/p>\n<p>mechanical<\/td>\n<\/tr>\n<tr>\n<td width=\"281\"><strong>Power supply<\/strong><\/td>\n<td width=\"333\">230V 50Hz 2000W \u00fcber Schleppkabel oder Kleinstromerzeuger<\/p>\n<p>Optional Akkupack<\/td>\n<\/tr>\n<tr>\n<td width=\"281\"><strong>Drilling head<\/strong><\/td>\n<td width=\"333\">Hilti, optional others<\/td>\n<\/tr>\n<tr>\n<td width=\"281\"><strong>Drills<\/strong><\/td>\n<td width=\"333\">holecutter 42mm, optional other diameters r or spiral drills<\/td>\n<\/tr>\n<\/tbody>\n<\/table>","protected":false},"excerpt":{"rendered":"<p class=\" translation-block\">Special carriage to drill or hole-cut sleeper dowels and damaged screws or to produce dowel holes. The device is applicable for slab track and for wooden or recycling sleepers as well. The concept combines precision and ergonomic handling with a maximum of productivity in short possession times.<\/p>","protected":false},"featured_media":3445,"comment_status":"open","ping_status":"closed","template":"","meta":[],"product_cat":[68],"product_tag":[],"yoast_head":"<!-- This site is optimized with the Yoast SEO plugin v19.9 - https:\/\/yoast.com\/wordpress\/plugins\/seo\/ -->\n<title>Schwellenbohrwagen Ro-V 282.Sb - M\u00f6ser Maschinenbau<\/title>\n<meta name=\"robots\" content=\"index, follow, max-snippet:-1, max-image-preview:large, max-video-preview:-1\" \/>\n<link rel=\"canonical\" href=\"https:\/\/moeser-maschinenbau.de\/en\/p\/schwellenbohrwagen-ro-v-282-sb\/\" \/>\n<meta property=\"og:locale\" content=\"en_US\" \/>\n<meta property=\"og:type\" content=\"article\" \/>\n<meta property=\"og:title\" content=\"Schwellenbohrwagen Ro-V 282.Sb - M\u00f6ser Maschinenbau\" \/>\n<meta property=\"og:description\" content=\"Speziallafette zum Ausbohren schadhafter Schwellenschrauben und zum Einbringen von D\u00fcbelbohrungen. Das Ger\u00e4t kann sowohl im Bereich fester Fahrbahn als auch f\u00fcr Holz- und Recyclingschwellen eingesetzt werden. Das Konzept verbindet einfache und ergonomische Handhabung mit Genauigkeit und maximaler Produktivit\u00e4t in engen Sperrpausen.\" \/>\n<meta property=\"og:url\" content=\"https:\/\/moeser-maschinenbau.de\/en\/p\/schwellenbohrwagen-ro-v-282-sb\/\" \/>\n<meta property=\"og:site_name\" content=\"M\u00f6ser Maschinenbau\" \/>\n<meta property=\"article:modified_time\" content=\"2022-10-05T14:21:14+00:00\" \/>\n<meta property=\"og:image\" content=\"https:\/\/moeser-maschinenbau.de\/wp-content\/uploads\/2022\/10\/282-1.png\" \/>\n\t<meta property=\"og:image:width\" content=\"1576\" \/>\n\t<meta property=\"og:image:height\" content=\"975\" \/>\n\t<meta property=\"og:image:type\" content=\"image\/png\" \/>\n<meta name=\"twitter:card\" content=\"summary_large_image\" \/>\n<meta name=\"twitter:label1\" content=\"Est. reading time\" \/>\n\t<meta name=\"twitter:data1\" content=\"2 minutes\" \/>\n<script type=\"application\/ld+json\" class=\"yoast-schema-graph\">{\"@context\":\"https:\/\/schema.org\",\"@graph\":[{\"@type\":\"WebPage\",\"@id\":\"https:\/\/moeser-maschinenbau.de\/p\/schwellenbohrwagen-ro-v-282-sb\/\",\"url\":\"https:\/\/moeser-maschinenbau.de\/p\/schwellenbohrwagen-ro-v-282-sb\/\",\"name\":\"Schwellenbohrwagen Ro-V 282.Sb - M\u00f6ser Maschinenbau\",\"isPartOf\":{\"@id\":\"https:\/\/moeser-maschinenbau.de\/#website\"},\"datePublished\":\"2022-10-05T13:23:00+00:00\",\"dateModified\":\"2022-10-05T14:21:14+00:00\",\"breadcrumb\":{\"@id\":\"https:\/\/moeser-maschinenbau.de\/p\/schwellenbohrwagen-ro-v-282-sb\/#breadcrumb\"},\"inLanguage\":\"en-US\",\"potentialAction\":[{\"@type\":\"ReadAction\",\"target\":[\"https:\/\/moeser-maschinenbau.de\/p\/schwellenbohrwagen-ro-v-282-sb\/\"]}]},{\"@type\":\"BreadcrumbList\",\"@id\":\"https:\/\/moeser-maschinenbau.de\/p\/schwellenbohrwagen-ro-v-282-sb\/#breadcrumb\",\"itemListElement\":[{\"@type\":\"ListItem\",\"position\":1,\"name\":\"Startseite\",\"item\":\"https:\/\/moeser-maschinenbau.de\/\"},{\"@type\":\"ListItem\",\"position\":2,\"name\":\"Produkte\",\"item\":\"https:\/\/moeser-maschinenbau.de\/shop\/\"},{\"@type\":\"ListItem\",\"position\":3,\"name\":\"Schwellenbohrwagen Ro-V 282.Sb\"}]},{\"@type\":\"WebSite\",\"@id\":\"https:\/\/moeser-maschinenbau.de\/#website\",\"url\":\"https:\/\/moeser-maschinenbau.de\/\",\"name\":\"M\u00f6ser Maschinenbau\",\"description\":\"\",\"publisher\":{\"@id\":\"https:\/\/moeser-maschinenbau.de\/#organization\"},\"potentialAction\":[{\"@type\":\"SearchAction\",\"target\":{\"@type\":\"EntryPoint\",\"urlTemplate\":\"https:\/\/moeser-maschinenbau.de\/?s={search_term_string}\"},\"query-input\":\"required name=search_term_string\"}],\"inLanguage\":\"en-US\"},{\"@type\":\"Organization\",\"@id\":\"https:\/\/moeser-maschinenbau.de\/#organization\",\"name\":\"M\u00f6ser Maschinenbau\",\"url\":\"https:\/\/moeser-maschinenbau.de\/\",\"logo\":{\"@type\":\"ImageObject\",\"inLanguage\":\"en-US\",\"@id\":\"https:\/\/moeser-maschinenbau.de\/#\/schema\/logo\/image\/\",\"url\":\"https:\/\/moeser-maschinenbau.de\/wp-content\/uploads\/2020\/05\/cropped-moeser-klein2.png\",\"contentUrl\":\"https:\/\/moeser-maschinenbau.de\/wp-content\/uploads\/2020\/05\/cropped-moeser-klein2.png\",\"width\":245,\"height\":91,\"caption\":\"M\u00f6ser Maschinenbau\"},\"image\":{\"@id\":\"https:\/\/moeser-maschinenbau.de\/#\/schema\/logo\/image\/\"}}]}<\/script>\n<!-- \/ Yoast SEO plugin. -->","yoast_head_json":{"title":"Schwellenbohrwagen Ro-V 282.Sb - M\u00f6ser Maschinenbau","robots":{"index":"index","follow":"follow","max-snippet":"max-snippet:-1","max-image-preview":"max-image-preview:large","max-video-preview":"max-video-preview:-1"},"canonical":"https:\/\/moeser-maschinenbau.de\/en\/p\/schwellenbohrwagen-ro-v-282-sb\/","og_locale":"en_US","og_type":"article","og_title":"Schwellenbohrwagen Ro-V 282.Sb - M\u00f6ser Maschinenbau","og_description":"Speziallafette zum Ausbohren schadhafter Schwellenschrauben und zum Einbringen von D\u00fcbelbohrungen. Das Ger\u00e4t kann sowohl im Bereich fester Fahrbahn als auch f\u00fcr Holz- und Recyclingschwellen eingesetzt werden. Das Konzept verbindet einfache und ergonomische Handhabung mit Genauigkeit und maximaler Produktivit\u00e4t in engen Sperrpausen.","og_url":"https:\/\/moeser-maschinenbau.de\/en\/p\/schwellenbohrwagen-ro-v-282-sb\/","og_site_name":"M\u00f6ser Maschinenbau","article_modified_time":"2022-10-05T14:21:14+00:00","og_image":[{"width":1576,"height":975,"url":"https:\/\/moeser-maschinenbau.de\/wp-content\/uploads\/2022\/10\/282-1.png","type":"image\/png"}],"twitter_card":"summary_large_image","twitter_misc":{"Est. reading time":"2 minutes"},"schema":{"@context":"https:\/\/schema.org","@graph":[{"@type":"WebPage","@id":"https:\/\/moeser-maschinenbau.de\/p\/schwellenbohrwagen-ro-v-282-sb\/","url":"https:\/\/moeser-maschinenbau.de\/p\/schwellenbohrwagen-ro-v-282-sb\/","name":"Schwellenbohrwagen Ro-V 282.Sb - M\u00f6ser Maschinenbau","isPartOf":{"@id":"https:\/\/moeser-maschinenbau.de\/#website"},"datePublished":"2022-10-05T13:23:00+00:00","dateModified":"2022-10-05T14:21:14+00:00","breadcrumb":{"@id":"https:\/\/moeser-maschinenbau.de\/p\/schwellenbohrwagen-ro-v-282-sb\/#breadcrumb"},"inLanguage":"en-US","potentialAction":[{"@type":"ReadAction","target":["https:\/\/moeser-maschinenbau.de\/p\/schwellenbohrwagen-ro-v-282-sb\/"]}]},{"@type":"BreadcrumbList","@id":"https:\/\/moeser-maschinenbau.de\/p\/schwellenbohrwagen-ro-v-282-sb\/#breadcrumb","itemListElement":[{"@type":"ListItem","position":1,"name":"Startseite","item":"https:\/\/moeser-maschinenbau.de\/"},{"@type":"ListItem","position":2,"name":"Produkte","item":"https:\/\/moeser-maschinenbau.de\/shop\/"},{"@type":"ListItem","position":3,"name":"Schwellenbohrwagen Ro-V 282.Sb"}]},{"@type":"WebSite","@id":"https:\/\/moeser-maschinenbau.de\/#website","url":"https:\/\/moeser-maschinenbau.de\/","name":"M\u00f6ser Maschinenbau","description":"","publisher":{"@id":"https:\/\/moeser-maschinenbau.de\/#organization"},"potentialAction":[{"@type":"SearchAction","target":{"@type":"EntryPoint","urlTemplate":"https:\/\/moeser-maschinenbau.de\/?s={search_term_string}"},"query-input":"required name=search_term_string"}],"inLanguage":"en-US"},{"@type":"Organization","@id":"https:\/\/moeser-maschinenbau.de\/#organization","name":"M\u00f6ser Maschinenbau","url":"https:\/\/moeser-maschinenbau.de\/","logo":{"@type":"ImageObject","inLanguage":"en-US","@id":"https:\/\/moeser-maschinenbau.de\/#\/schema\/logo\/image\/","url":"https:\/\/moeser-maschinenbau.de\/wp-content\/uploads\/2020\/05\/cropped-moeser-klein2.png","contentUrl":"https:\/\/moeser-maschinenbau.de\/wp-content\/uploads\/2020\/05\/cropped-moeser-klein2.png","width":245,"height":91,"caption":"M\u00f6ser Maschinenbau"},"image":{"@id":"https:\/\/moeser-maschinenbau.de\/#\/schema\/logo\/image\/"}}]}},"_links":{"self":[{"href":"https:\/\/moeser-maschinenbau.de\/en\/wp-json\/wp\/v2\/product\/3444"}],"collection":[{"href":"https:\/\/moeser-maschinenbau.de\/en\/wp-json\/wp\/v2\/product"}],"about":[{"href":"https:\/\/moeser-maschinenbau.de\/en\/wp-json\/wp\/v2\/types\/product"}],"replies":[{"embeddable":true,"href":"https:\/\/moeser-maschinenbau.de\/en\/wp-json\/wp\/v2\/comments?post=3444"}],"wp:featuredmedia":[{"embeddable":true,"href":"https:\/\/moeser-maschinenbau.de\/en\/wp-json\/wp\/v2\/media\/3445"}],"wp:attachment":[{"href":"https:\/\/moeser-maschinenbau.de\/en\/wp-json\/wp\/v2\/media?parent=3444"}],"wp:term":[{"taxonomy":"product_cat","embeddable":true,"href":"https:\/\/moeser-maschinenbau.de\/en\/wp-json\/wp\/v2\/product_cat?post=3444"},{"taxonomy":"product_tag","embeddable":true,"href":"https:\/\/moeser-maschinenbau.de\/en\/wp-json\/wp\/v2\/product_tag?post=3444"}],"curies":[{"name":"wp","href":"https:\/\/api.w.org\/{rel}","templated":true}]}}